{"id":10126,"date":"2025-04-24T18:30:54","date_gmt":"2025-04-24T21:30:54","guid":{"rendered":"https:\/\/yithsu.com\/product\/vendas-de-gel-para-manos-negro\/"},"modified":"2025-11-04T18:42:42","modified_gmt":"2025-11-04T21:42:42","slug":"vendas-de-gel-para-manos-negro","status":"publish","type":"product","link":"https:\/\/yithsu.com\/es\/producto\/vendas-de-gel-para-manos-negro\/","title":{"rendered":"Vendas de Gel para Manos &#8211; Negro"},"content":{"rendered":"<p data-start=\"59\" data-end=\"238\" class=\"\">Protege tus manos con facilidad y comodidad. Nuestras Manoplas de Gel Windy est\u00e1n dise\u00f1adas para los luchadores que desean un apoyo r\u00e1pido sin comprometer su rendimiento. <\/p>\n<p data-start=\"240\" data-end=\"442\" class=\"\">Fabricadas con un acolchado de gel amortiguador sobre los nudillos y una envoltura el\u00e1stica para una mayor sujeci\u00f3n de la mu\u00f1eca, son la alternativa perfecta a las vendas de mano tradicionales. Desl\u00edzate, aseg\u00faralo y estar\u00e1s listo para salir. <\/p>\n<ul data-start=\"444\" data-end=\"646\">\n<li data-start=\"444\" data-end=\"467\" class=\"\">\n<p data-start=\"446\" data-end=\"467\" class=\"\">Dise\u00f1o f\u00e1cil de poner<\/p>\n<\/li>\n<li data-start=\"468\" data-end=\"526\" class=\"\">\n<p data-start=\"470\" data-end=\"526\" class=\"\">Acolchado de gel integrado para una mayor protecci\u00f3n de los nudillos<\/p>\n<\/li>\n<li data-start=\"527\" data-end=\"576\" class=\"\">\n<p data-start=\"529\" data-end=\"576\" class=\"\">Mu\u00f1equera el\u00e1stica segura con cierre de velcro<\/p>\n<\/li>\n<li data-start=\"577\" data-end=\"623\" class=\"\">\n<p data-start=\"579\" data-end=\"623\" class=\"\">Ideal para entrenamiento, trabajo con saco y sparring<\/p>\n<\/li>\n<\/ul>\n","protected":false},"excerpt":{"rendered":"<p>Protege tus manos con facilidad y comodidad. Nuestras Manoplas de Gel Windy est\u00e1n dise\u00f1adas para los luchadores que desean un apoyo r\u00e1pido sin comprometer su rendimiento. Fabricadas con un acolchado de gel amortiguador sobre los nudillos y una envoltura el\u00e1stica para una mayor sujeci\u00f3n de la mu\u00f1eca, son la alternativa perfecta a las vendas de [&hellip;]<\/p>\n","protected":false},"featured_media":10111,"template":"","meta":{"inline_featured_image":false},"product_brand":[],"product_cat":[263,592,310],"product_tag":[599,603,602,601,614,315,314,595,313],"class_list":{"0":"post-10126","1":"product","2":"type-product","3":"status-publish","4":"has-post-thumbnail","6":"product_cat-catalogo-windy-fight-gear","7":"product_cat-envoltorios","8":"product_cat-equipamiento","9":"product_tag-envoltorios","10":"product_tag-envoltura-de-mano","11":"product_tag-envolturas-de-manos","12":"product_tag-envolver-a-mano","13":"product_tag-envuelve","14":"product_tag-equipamiento","15":"product_tag-negro","16":"product_tag-venda-es","17":"product_tag-vendas","19":"first","20":"instock","21":"taxable","22":"shipping-taxable","23":"purchasable","24":"product-type-variable"},"yoast_head":"<!-- This site is optimized with the Yoast SEO plugin v27.4 - https:\/\/yoast.com\/product\/yoast-seo-wordpress\/ -->\n<title>Vendas de Gel para Manos - Negro - Yithsu<\/title>\n<meta name=\"robots\" content=\"index, follow, max-snippet:-1, max-image-preview:large, max-video-preview:-1\" \/>\n<link rel=\"canonical\" href=\"https:\/\/yithsu.com\/es\/producto\/vendas-de-gel-para-manos-negro\/\" \/>\n<meta property=\"og:locale\" content=\"es_ES\" \/>\n<meta property=\"og:type\" content=\"article\" \/>\n<meta property=\"og:title\" content=\"Vendas de Gel para Manos - Negro - Yithsu\" \/>\n<meta property=\"og:description\" content=\"Protege tus manos con facilidad y comodidad. Nuestras Manoplas de Gel Windy est\u00e1n dise\u00f1adas para los luchadores que desean un apoyo r\u00e1pido sin comprometer su rendimiento. Fabricadas con un acolchado de gel amortiguador sobre los nudillos y una envoltura el\u00e1stica para una mayor sujeci\u00f3n de la mu\u00f1eca, son la alternativa perfecta a las vendas de [&hellip;]\" \/>\n<meta property=\"og:url\" content=\"https:\/\/yithsu.com\/es\/producto\/vendas-de-gel-para-manos-negro\/\" \/>\n<meta property=\"og:site_name\" content=\"Yithsu\" \/>\n<meta property=\"article:publisher\" content=\"https:\/\/www.facebook.com\/yithsusports\" \/>\n<meta property=\"article:modified_time\" content=\"2025-11-04T21:42:42+00:00\" \/>\n<meta property=\"og:image\" content=\"https:\/\/yithsu.com\/wp-content\/uploads\/2025\/04\/GELHANDWRAPS.png\" \/>\n\t<meta property=\"og:image:width\" content=\"1250\" \/>\n\t<meta property=\"og:image:height\" content=\"1250\" \/>\n\t<meta property=\"og:image:type\" content=\"image\/png\" \/>\n<meta name=\"twitter:card\" content=\"summary_large_image\" \/>\n<meta name=\"twitter:label1\" content=\"Tiempo de lectura\" \/>\n\t<meta name=\"twitter:data1\" content=\"1 minuto\" \/>\n<script type=\"application\/ld+json\" class=\"yoast-schema-graph\">{\"@context\":\"https:\\\/\\\/schema.org\",\"@graph\":[{\"@type\":\"WebPage\",\"@id\":\"https:\\\/\\\/yithsu.com\\\/es\\\/producto\\\/vendas-de-gel-para-manos-negro\\\/\",\"url\":\"https:\\\/\\\/yithsu.com\\\/es\\\/producto\\\/vendas-de-gel-para-manos-negro\\\/\",\"name\":\"Vendas de Gel para Manos - Negro - Yithsu\",\"isPartOf\":{\"@id\":\"https:\\\/\\\/yithsu.com\\\/es\\\/#website\"},\"primaryImageOfPage\":{\"@id\":\"https:\\\/\\\/yithsu.com\\\/es\\\/producto\\\/vendas-de-gel-para-manos-negro\\\/#primaryimage\"},\"image\":{\"@id\":\"https:\\\/\\\/yithsu.com\\\/es\\\/producto\\\/vendas-de-gel-para-manos-negro\\\/#primaryimage\"},\"thumbnailUrl\":\"https:\\\/\\\/yithsu.com\\\/wp-content\\\/uploads\\\/2025\\\/04\\\/GELHANDWRAPS.png\",\"datePublished\":\"2025-04-24T21:30:54+00:00\",\"dateModified\":\"2025-11-04T21:42:42+00:00\",\"breadcrumb\":{\"@id\":\"https:\\\/\\\/yithsu.com\\\/es\\\/producto\\\/vendas-de-gel-para-manos-negro\\\/#breadcrumb\"},\"inLanguage\":\"es\",\"potentialAction\":[{\"@type\":\"ReadAction\",\"target\":[\"https:\\\/\\\/yithsu.com\\\/es\\\/producto\\\/vendas-de-gel-para-manos-negro\\\/\"]}]},{\"@type\":\"ImageObject\",\"inLanguage\":\"es\",\"@id\":\"https:\\\/\\\/yithsu.com\\\/es\\\/producto\\\/vendas-de-gel-para-manos-negro\\\/#primaryimage\",\"url\":\"https:\\\/\\\/yithsu.com\\\/wp-content\\\/uploads\\\/2025\\\/04\\\/GELHANDWRAPS.png\",\"contentUrl\":\"https:\\\/\\\/yithsu.com\\\/wp-content\\\/uploads\\\/2025\\\/04\\\/GELHANDWRAPS.png\",\"width\":1250,\"height\":1250},{\"@type\":\"BreadcrumbList\",\"@id\":\"https:\\\/\\\/yithsu.com\\\/es\\\/producto\\\/vendas-de-gel-para-manos-negro\\\/#breadcrumb\",\"itemListElement\":[{\"@type\":\"ListItem\",\"position\":1,\"name\":\"In\u00edcio\",\"item\":\"https:\\\/\\\/yithsu.com\\\/es\\\/\"},{\"@type\":\"ListItem\",\"position\":2,\"name\":\"Tienda\",\"item\":\"https:\\\/\\\/yithsu.com\\\/es\\\/tienda\\\/\"},{\"@type\":\"ListItem\",\"position\":3,\"name\":\"Vendas de Gel para Manos &#8211; Negro\"}]},{\"@type\":\"WebSite\",\"@id\":\"https:\\\/\\\/yithsu.com\\\/es\\\/#website\",\"url\":\"https:\\\/\\\/yithsu.com\\\/es\\\/\",\"name\":\"Yithsu Premium Fight Gear\",\"description\":\"Premium Fight Gear\",\"publisher\":{\"@id\":\"https:\\\/\\\/yithsu.com\\\/es\\\/#organization\"},\"potentialAction\":[{\"@type\":\"SearchAction\",\"target\":{\"@type\":\"EntryPoint\",\"urlTemplate\":\"https:\\\/\\\/yithsu.com\\\/es\\\/?s={search_term_string}\"},\"query-input\":{\"@type\":\"PropertyValueSpecification\",\"valueRequired\":true,\"valueName\":\"search_term_string\"}}],\"inLanguage\":\"es\"},{\"@type\":\"Organization\",\"@id\":\"https:\\\/\\\/yithsu.com\\\/es\\\/#organization\",\"name\":\"Yithsu Equipamento de Luta Premium\",\"url\":\"https:\\\/\\\/yithsu.com\\\/es\\\/\",\"logo\":{\"@type\":\"ImageObject\",\"inLanguage\":\"es\",\"@id\":\"https:\\\/\\\/yithsu.com\\\/es\\\/#\\\/schema\\\/logo\\\/image\\\/\",\"url\":\"https:\\\/\\\/yithsu.com\\\/wp-content\\\/uploads\\\/2024\\\/04\\\/Yithsu_Logo-staand_Black.svg\",\"contentUrl\":\"https:\\\/\\\/yithsu.com\\\/wp-content\\\/uploads\\\/2024\\\/04\\\/Yithsu_Logo-staand_Black.svg\",\"width\":\"1024\",\"height\":\"1024\",\"caption\":\"Yithsu Equipamento de Luta Premium\"},\"image\":{\"@id\":\"https:\\\/\\\/yithsu.com\\\/es\\\/#\\\/schema\\\/logo\\\/image\\\/\"},\"sameAs\":[\"https:\\\/\\\/www.facebook.com\\\/yithsusports\",\"https:\\\/\\\/www.instagram.com\\\/yithsusports\"]}]}<\/script>\n<!-- \/ Yoast SEO plugin. -->","yoast_head_json":{"title":"Vendas de Gel para Manos - Negro - Yithsu","robots":{"index":"index","follow":"follow","max-snippet":"max-snippet:-1","max-image-preview":"max-image-preview:large","max-video-preview":"max-video-preview:-1"},"canonical":"https:\/\/yithsu.com\/es\/producto\/vendas-de-gel-para-manos-negro\/","og_locale":"es_ES","og_type":"article","og_title":"Vendas de Gel para Manos - Negro - Yithsu","og_description":"Protege tus manos con facilidad y comodidad. Nuestras Manoplas de Gel Windy est\u00e1n dise\u00f1adas para los luchadores que desean un apoyo r\u00e1pido sin comprometer su rendimiento. Fabricadas con un acolchado de gel amortiguador sobre los nudillos y una envoltura el\u00e1stica para una mayor sujeci\u00f3n de la mu\u00f1eca, son la alternativa perfecta a las vendas de [&hellip;]","og_url":"https:\/\/yithsu.com\/es\/producto\/vendas-de-gel-para-manos-negro\/","og_site_name":"Yithsu","article_publisher":"https:\/\/www.facebook.com\/yithsusports","article_modified_time":"2025-11-04T21:42:42+00:00","og_image":[{"width":1250,"height":1250,"url":"https:\/\/yithsu.com\/wp-content\/uploads\/2025\/04\/GELHANDWRAPS.png","type":"image\/png"}],"twitter_card":"summary_large_image","twitter_misc":{"Tiempo de lectura":"1 minuto"},"schema":{"@context":"https:\/\/schema.org","@graph":[{"@type":"WebPage","@id":"https:\/\/yithsu.com\/es\/producto\/vendas-de-gel-para-manos-negro\/","url":"https:\/\/yithsu.com\/es\/producto\/vendas-de-gel-para-manos-negro\/","name":"Vendas de Gel para Manos - Negro - Yithsu","isPartOf":{"@id":"https:\/\/yithsu.com\/es\/#website"},"primaryImageOfPage":{"@id":"https:\/\/yithsu.com\/es\/producto\/vendas-de-gel-para-manos-negro\/#primaryimage"},"image":{"@id":"https:\/\/yithsu.com\/es\/producto\/vendas-de-gel-para-manos-negro\/#primaryimage"},"thumbnailUrl":"https:\/\/yithsu.com\/wp-content\/uploads\/2025\/04\/GELHANDWRAPS.png","datePublished":"2025-04-24T21:30:54+00:00","dateModified":"2025-11-04T21:42:42+00:00","breadcrumb":{"@id":"https:\/\/yithsu.com\/es\/producto\/vendas-de-gel-para-manos-negro\/#breadcrumb"},"inLanguage":"es","potentialAction":[{"@type":"ReadAction","target":["https:\/\/yithsu.com\/es\/producto\/vendas-de-gel-para-manos-negro\/"]}]},{"@type":"ImageObject","inLanguage":"es","@id":"https:\/\/yithsu.com\/es\/producto\/vendas-de-gel-para-manos-negro\/#primaryimage","url":"https:\/\/yithsu.com\/wp-content\/uploads\/2025\/04\/GELHANDWRAPS.png","contentUrl":"https:\/\/yithsu.com\/wp-content\/uploads\/2025\/04\/GELHANDWRAPS.png","width":1250,"height":1250},{"@type":"BreadcrumbList","@id":"https:\/\/yithsu.com\/es\/producto\/vendas-de-gel-para-manos-negro\/#breadcrumb","itemListElement":[{"@type":"ListItem","position":1,"name":"In\u00edcio","item":"https:\/\/yithsu.com\/es\/"},{"@type":"ListItem","position":2,"name":"Tienda","item":"https:\/\/yithsu.com\/es\/tienda\/"},{"@type":"ListItem","position":3,"name":"Vendas de Gel para Manos &#8211; Negro"}]},{"@type":"WebSite","@id":"https:\/\/yithsu.com\/es\/#website","url":"https:\/\/yithsu.com\/es\/","name":"Yithsu Premium Fight Gear","description":"Premium Fight Gear","publisher":{"@id":"https:\/\/yithsu.com\/es\/#organization"},"potentialAction":[{"@type":"SearchAction","target":{"@type":"EntryPoint","urlTemplate":"https:\/\/yithsu.com\/es\/?s={search_term_string}"},"query-input":{"@type":"PropertyValueSpecification","valueRequired":true,"valueName":"search_term_string"}}],"inLanguage":"es"},{"@type":"Organization","@id":"https:\/\/yithsu.com\/es\/#organization","name":"Yithsu Equipamento de Luta Premium","url":"https:\/\/yithsu.com\/es\/","logo":{"@type":"ImageObject","inLanguage":"es","@id":"https:\/\/yithsu.com\/es\/#\/schema\/logo\/image\/","url":"https:\/\/yithsu.com\/wp-content\/uploads\/2024\/04\/Yithsu_Logo-staand_Black.svg","contentUrl":"https:\/\/yithsu.com\/wp-content\/uploads\/2024\/04\/Yithsu_Logo-staand_Black.svg","width":"1024","height":"1024","caption":"Yithsu Equipamento de Luta Premium"},"image":{"@id":"https:\/\/yithsu.com\/es\/#\/schema\/logo\/image\/"},"sameAs":["https:\/\/www.facebook.com\/yithsusports","https:\/\/www.instagram.com\/yithsusports"]}]}},"_links":{"self":[{"href":"https:\/\/yithsu.com\/es\/wp-json\/wp\/v2\/product\/10126","targetHints":{"allow":["GET"]}}],"collection":[{"href":"https:\/\/yithsu.com\/es\/wp-json\/wp\/v2\/product"}],"about":[{"href":"https:\/\/yithsu.com\/es\/wp-json\/wp\/v2\/types\/product"}],"wp:featuredmedia":[{"embeddable":true,"href":"https:\/\/yithsu.com\/es\/wp-json\/wp\/v2\/media\/10111"}],"wp:attachment":[{"href":"https:\/\/yithsu.com\/es\/wp-json\/wp\/v2\/media?parent=10126"}],"wp:term":[{"taxonomy":"product_brand","embeddable":true,"href":"https:\/\/yithsu.com\/es\/wp-json\/wp\/v2\/product_brand?post=10126"},{"taxonomy":"product_cat","embeddable":true,"href":"https:\/\/yithsu.com\/es\/wp-json\/wp\/v2\/product_cat?post=10126"},{"taxonomy":"product_tag","embeddable":true,"href":"https:\/\/yithsu.com\/es\/wp-json\/wp\/v2\/product_tag?post=10126"}],"curies":[{"name":"wp","href":"https:\/\/api.w.org\/{rel}","templated":true}]}}