{"id":3051,"date":"2023-10-06T18:05:51","date_gmt":"2023-10-06T21:05:51","guid":{"rendered":"https:\/\/yithsu.com\/product\/bgcgl-guante-de-boxeo-de-cuero-de-competicion-rojo-plata\/"},"modified":"2025-05-14T16:41:17","modified_gmt":"2025-05-14T19:41:17","slug":"bgcgl-competicion-cuero-guante-rojo-plateado","status":"publish","type":"product","link":"https:\/\/yithsu.com\/es\/producto\/bgcgl-competicion-cuero-guante-rojo-plateado\/","title":{"rendered":"Guante de boxeo de cuero de competici\u00f3n &#8211; Rojo\/Plata"},"content":{"rendered":"<p><span data-mce-fragment=\"1\">Guantes de competici\u00f3n especialmente fabricados, aptos para su uso en competici\u00f3n y fabricados con precisi\u00f3n en el peso especificado para el campeonato.  <\/span><\/p>\n","protected":false},"excerpt":{"rendered":"<p>Guantes de competici\u00f3n especialmente fabricados, aptos para su uso en competici\u00f3n y fabricados con precisi\u00f3n en el peso especificado para el campeonato.<\/p>\n","protected":false},"featured_media":6541,"template":"","meta":{"inline_featured_image":false},"product_brand":[],"product_cat":[263,673,259,258,278],"product_tag":[275,277,272,274,266,280],"class_list":{"0":"post-3051","1":"product","2":"type-product","3":"status-publish","4":"has-post-thumbnail","6":"product_cat-catalogo-windy-fight-gear","7":"product_cat-guantes-de-boxeo","8":"product_cat-guantes-de-muay-thai-guantes-de-boxeo","9":"product_cat-todos-los-productos","10":"product_cat-ventas","11":"product_tag-encaje","12":"product_tag-encaje-es","13":"product_tag-guante","14":"product_tag-guantes","15":"product_tag-guantes-de-boxeo","16":"product_tag-venta","18":"first","19":"outofstock","20":"taxable","21":"shipping-taxable","22":"purchasable","23":"product-type-variable"},"yoast_head":"<!-- This site is optimized with the Yoast SEO plugin v27.4 - https:\/\/yoast.com\/product\/yoast-seo-wordpress\/ -->\n<title>Guante de boxeo de cuero de competici\u00f3n - Rojo\/Plata - Yithsu<\/title>\n<meta name=\"robots\" content=\"index, follow, max-snippet:-1, max-image-preview:large, max-video-preview:-1\" \/>\n<link rel=\"canonical\" href=\"https:\/\/yithsu.com\/es\/producto\/bgcgl-competicion-cuero-guante-rojo-plateado\/\" \/>\n<meta property=\"og:locale\" content=\"es_ES\" \/>\n<meta property=\"og:type\" content=\"article\" \/>\n<meta property=\"og:title\" content=\"Guante de boxeo de cuero de competici\u00f3n - Rojo\/Plata - Yithsu\" \/>\n<meta property=\"og:description\" content=\"Guantes de competici\u00f3n especialmente fabricados, aptos para su uso en competici\u00f3n y fabricados con precisi\u00f3n en el peso especificado para el campeonato.\" \/>\n<meta property=\"og:url\" content=\"https:\/\/yithsu.com\/es\/producto\/bgcgl-competicion-cuero-guante-rojo-plateado\/\" \/>\n<meta property=\"og:site_name\" content=\"Yithsu\" \/>\n<meta property=\"article:publisher\" content=\"https:\/\/www.facebook.com\/yithsusports\" \/>\n<meta property=\"article:modified_time\" content=\"2025-05-14T19:41:17+00:00\" \/>\n<meta property=\"og:image\" content=\"https:\/\/yithsu.com\/wp-content\/uploads\/2024\/09\/Competition-Leather-Boxing-Glove-RedSilver.jpg\" \/>\n\t<meta property=\"og:image:width\" content=\"1250\" \/>\n\t<meta property=\"og:image:height\" content=\"1250\" \/>\n\t<meta property=\"og:image:type\" content=\"image\/jpeg\" \/>\n<meta name=\"twitter:card\" content=\"summary_large_image\" \/>\n<script type=\"application\/ld+json\" class=\"yoast-schema-graph\">{\"@context\":\"https:\\\/\\\/schema.org\",\"@graph\":[{\"@type\":\"WebPage\",\"@id\":\"https:\\\/\\\/yithsu.com\\\/es\\\/producto\\\/bgcgl-competicion-cuero-guante-rojo-plateado\\\/\",\"url\":\"https:\\\/\\\/yithsu.com\\\/es\\\/producto\\\/bgcgl-competicion-cuero-guante-rojo-plateado\\\/\",\"name\":\"Guante de boxeo de cuero de competici\u00f3n - Rojo\\\/Plata - Yithsu\",\"isPartOf\":{\"@id\":\"https:\\\/\\\/yithsu.com\\\/es\\\/#website\"},\"primaryImageOfPage\":{\"@id\":\"https:\\\/\\\/yithsu.com\\\/es\\\/producto\\\/bgcgl-competicion-cuero-guante-rojo-plateado\\\/#primaryimage\"},\"image\":{\"@id\":\"https:\\\/\\\/yithsu.com\\\/es\\\/producto\\\/bgcgl-competicion-cuero-guante-rojo-plateado\\\/#primaryimage\"},\"thumbnailUrl\":\"https:\\\/\\\/yithsu.com\\\/wp-content\\\/uploads\\\/2024\\\/09\\\/Competition-Leather-Boxing-Glove-RedSilver.jpg\",\"datePublished\":\"2023-10-06T21:05:51+00:00\",\"dateModified\":\"2025-05-14T19:41:17+00:00\",\"breadcrumb\":{\"@id\":\"https:\\\/\\\/yithsu.com\\\/es\\\/producto\\\/bgcgl-competicion-cuero-guante-rojo-plateado\\\/#breadcrumb\"},\"inLanguage\":\"es\",\"potentialAction\":[{\"@type\":\"ReadAction\",\"target\":[\"https:\\\/\\\/yithsu.com\\\/es\\\/producto\\\/bgcgl-competicion-cuero-guante-rojo-plateado\\\/\"]}]},{\"@type\":\"ImageObject\",\"inLanguage\":\"es\",\"@id\":\"https:\\\/\\\/yithsu.com\\\/es\\\/producto\\\/bgcgl-competicion-cuero-guante-rojo-plateado\\\/#primaryimage\",\"url\":\"https:\\\/\\\/yithsu.com\\\/wp-content\\\/uploads\\\/2024\\\/09\\\/Competition-Leather-Boxing-Glove-RedSilver.jpg\",\"contentUrl\":\"https:\\\/\\\/yithsu.com\\\/wp-content\\\/uploads\\\/2024\\\/09\\\/Competition-Leather-Boxing-Glove-RedSilver.jpg\",\"width\":1250,\"height\":1250},{\"@type\":\"BreadcrumbList\",\"@id\":\"https:\\\/\\\/yithsu.com\\\/es\\\/producto\\\/bgcgl-competicion-cuero-guante-rojo-plateado\\\/#breadcrumb\",\"itemListElement\":[{\"@type\":\"ListItem\",\"position\":1,\"name\":\"In\u00edcio\",\"item\":\"https:\\\/\\\/yithsu.com\\\/es\\\/\"},{\"@type\":\"ListItem\",\"position\":2,\"name\":\"Tienda\",\"item\":\"https:\\\/\\\/yithsu.com\\\/es\\\/tienda\\\/\"},{\"@type\":\"ListItem\",\"position\":3,\"name\":\"Guante de boxeo de cuero de competici\u00f3n &#8211; Rojo\\\/Plata\"}]},{\"@type\":\"WebSite\",\"@id\":\"https:\\\/\\\/yithsu.com\\\/es\\\/#website\",\"url\":\"https:\\\/\\\/yithsu.com\\\/es\\\/\",\"name\":\"Yithsu Premium Fight Gear\",\"description\":\"Premium Fight Gear\",\"publisher\":{\"@id\":\"https:\\\/\\\/yithsu.com\\\/es\\\/#organization\"},\"potentialAction\":[{\"@type\":\"SearchAction\",\"target\":{\"@type\":\"EntryPoint\",\"urlTemplate\":\"https:\\\/\\\/yithsu.com\\\/es\\\/?s={search_term_string}\"},\"query-input\":{\"@type\":\"PropertyValueSpecification\",\"valueRequired\":true,\"valueName\":\"search_term_string\"}}],\"inLanguage\":\"es\"},{\"@type\":\"Organization\",\"@id\":\"https:\\\/\\\/yithsu.com\\\/es\\\/#organization\",\"name\":\"Yithsu Equipamento de Luta Premium\",\"url\":\"https:\\\/\\\/yithsu.com\\\/es\\\/\",\"logo\":{\"@type\":\"ImageObject\",\"inLanguage\":\"es\",\"@id\":\"https:\\\/\\\/yithsu.com\\\/es\\\/#\\\/schema\\\/logo\\\/image\\\/\",\"url\":\"https:\\\/\\\/yithsu.com\\\/wp-content\\\/uploads\\\/2024\\\/04\\\/Yithsu_Logo-staand_Black.svg\",\"contentUrl\":\"https:\\\/\\\/yithsu.com\\\/wp-content\\\/uploads\\\/2024\\\/04\\\/Yithsu_Logo-staand_Black.svg\",\"width\":\"1024\",\"height\":\"1024\",\"caption\":\"Yithsu Equipamento de Luta Premium\"},\"image\":{\"@id\":\"https:\\\/\\\/yithsu.com\\\/es\\\/#\\\/schema\\\/logo\\\/image\\\/\"},\"sameAs\":[\"https:\\\/\\\/www.facebook.com\\\/yithsusports\",\"https:\\\/\\\/www.instagram.com\\\/yithsusports\"]}]}<\/script>\n<!-- \/ Yoast SEO plugin. -->","yoast_head_json":{"title":"Guante de boxeo de cuero de competici\u00f3n - Rojo\/Plata - Yithsu","robots":{"index":"index","follow":"follow","max-snippet":"max-snippet:-1","max-image-preview":"max-image-preview:large","max-video-preview":"max-video-preview:-1"},"canonical":"https:\/\/yithsu.com\/es\/producto\/bgcgl-competicion-cuero-guante-rojo-plateado\/","og_locale":"es_ES","og_type":"article","og_title":"Guante de boxeo de cuero de competici\u00f3n - Rojo\/Plata - Yithsu","og_description":"Guantes de competici\u00f3n especialmente fabricados, aptos para su uso en competici\u00f3n y fabricados con precisi\u00f3n en el peso especificado para el campeonato.","og_url":"https:\/\/yithsu.com\/es\/producto\/bgcgl-competicion-cuero-guante-rojo-plateado\/","og_site_name":"Yithsu","article_publisher":"https:\/\/www.facebook.com\/yithsusports","article_modified_time":"2025-05-14T19:41:17+00:00","og_image":[{"width":1250,"height":1250,"url":"https:\/\/yithsu.com\/wp-content\/uploads\/2024\/09\/Competition-Leather-Boxing-Glove-RedSilver.jpg","type":"image\/jpeg"}],"twitter_card":"summary_large_image","schema":{"@context":"https:\/\/schema.org","@graph":[{"@type":"WebPage","@id":"https:\/\/yithsu.com\/es\/producto\/bgcgl-competicion-cuero-guante-rojo-plateado\/","url":"https:\/\/yithsu.com\/es\/producto\/bgcgl-competicion-cuero-guante-rojo-plateado\/","name":"Guante de boxeo de cuero de competici\u00f3n - Rojo\/Plata - Yithsu","isPartOf":{"@id":"https:\/\/yithsu.com\/es\/#website"},"primaryImageOfPage":{"@id":"https:\/\/yithsu.com\/es\/producto\/bgcgl-competicion-cuero-guante-rojo-plateado\/#primaryimage"},"image":{"@id":"https:\/\/yithsu.com\/es\/producto\/bgcgl-competicion-cuero-guante-rojo-plateado\/#primaryimage"},"thumbnailUrl":"https:\/\/yithsu.com\/wp-content\/uploads\/2024\/09\/Competition-Leather-Boxing-Glove-RedSilver.jpg","datePublished":"2023-10-06T21:05:51+00:00","dateModified":"2025-05-14T19:41:17+00:00","breadcrumb":{"@id":"https:\/\/yithsu.com\/es\/producto\/bgcgl-competicion-cuero-guante-rojo-plateado\/#breadcrumb"},"inLanguage":"es","potentialAction":[{"@type":"ReadAction","target":["https:\/\/yithsu.com\/es\/producto\/bgcgl-competicion-cuero-guante-rojo-plateado\/"]}]},{"@type":"ImageObject","inLanguage":"es","@id":"https:\/\/yithsu.com\/es\/producto\/bgcgl-competicion-cuero-guante-rojo-plateado\/#primaryimage","url":"https:\/\/yithsu.com\/wp-content\/uploads\/2024\/09\/Competition-Leather-Boxing-Glove-RedSilver.jpg","contentUrl":"https:\/\/yithsu.com\/wp-content\/uploads\/2024\/09\/Competition-Leather-Boxing-Glove-RedSilver.jpg","width":1250,"height":1250},{"@type":"BreadcrumbList","@id":"https:\/\/yithsu.com\/es\/producto\/bgcgl-competicion-cuero-guante-rojo-plateado\/#breadcrumb","itemListElement":[{"@type":"ListItem","position":1,"name":"In\u00edcio","item":"https:\/\/yithsu.com\/es\/"},{"@type":"ListItem","position":2,"name":"Tienda","item":"https:\/\/yithsu.com\/es\/tienda\/"},{"@type":"ListItem","position":3,"name":"Guante de boxeo de cuero de competici\u00f3n &#8211; Rojo\/Plata"}]},{"@type":"WebSite","@id":"https:\/\/yithsu.com\/es\/#website","url":"https:\/\/yithsu.com\/es\/","name":"Yithsu Premium Fight Gear","description":"Premium Fight Gear","publisher":{"@id":"https:\/\/yithsu.com\/es\/#organization"},"potentialAction":[{"@type":"SearchAction","target":{"@type":"EntryPoint","urlTemplate":"https:\/\/yithsu.com\/es\/?s={search_term_string}"},"query-input":{"@type":"PropertyValueSpecification","valueRequired":true,"valueName":"search_term_string"}}],"inLanguage":"es"},{"@type":"Organization","@id":"https:\/\/yithsu.com\/es\/#organization","name":"Yithsu Equipamento de Luta Premium","url":"https:\/\/yithsu.com\/es\/","logo":{"@type":"ImageObject","inLanguage":"es","@id":"https:\/\/yithsu.com\/es\/#\/schema\/logo\/image\/","url":"https:\/\/yithsu.com\/wp-content\/uploads\/2024\/04\/Yithsu_Logo-staand_Black.svg","contentUrl":"https:\/\/yithsu.com\/wp-content\/uploads\/2024\/04\/Yithsu_Logo-staand_Black.svg","width":"1024","height":"1024","caption":"Yithsu Equipamento de Luta Premium"},"image":{"@id":"https:\/\/yithsu.com\/es\/#\/schema\/logo\/image\/"},"sameAs":["https:\/\/www.facebook.com\/yithsusports","https:\/\/www.instagram.com\/yithsusports"]}]}},"_links":{"self":[{"href":"https:\/\/yithsu.com\/es\/wp-json\/wp\/v2\/product\/3051","targetHints":{"allow":["GET"]}}],"collection":[{"href":"https:\/\/yithsu.com\/es\/wp-json\/wp\/v2\/product"}],"about":[{"href":"https:\/\/yithsu.com\/es\/wp-json\/wp\/v2\/types\/product"}],"wp:featuredmedia":[{"embeddable":true,"href":"https:\/\/yithsu.com\/es\/wp-json\/wp\/v2\/media\/6541"}],"wp:attachment":[{"href":"https:\/\/yithsu.com\/es\/wp-json\/wp\/v2\/media?parent=3051"}],"wp:term":[{"taxonomy":"product_brand","embeddable":true,"href":"https:\/\/yithsu.com\/es\/wp-json\/wp\/v2\/product_brand?post=3051"},{"taxonomy":"product_cat","embeddable":true,"href":"https:\/\/yithsu.com\/es\/wp-json\/wp\/v2\/product_cat?post=3051"},{"taxonomy":"product_tag","embeddable":true,"href":"https:\/\/yithsu.com\/es\/wp-json\/wp\/v2\/product_tag?post=3051"}],"curies":[{"name":"wp","href":"https:\/\/api.w.org\/{rel}","templated":true}]}}