{"id":3096,"date":"2023-10-06T18:05:54","date_gmt":"2023-10-06T21:05:54","guid":{"rendered":"https:\/\/yithsu.com\/product\/guante-de-boxeo-con-velcro-bge-elite-series-negro-oro\/"},"modified":"2025-05-14T16:41:23","modified_gmt":"2025-05-14T19:41:23","slug":"bge-serie-elite-velcro-guante-velcro-negro-oro","status":"publish","type":"product","link":"https:\/\/yithsu.com\/es\/producto\/bge-serie-elite-velcro-guante-velcro-negro-oro\/","title":{"rendered":"Guante de boxeo con velcro Elite Series &#8211; Negro\/Oro"},"content":{"rendered":"<p><span data-mce-fragment=\"1\">La nueva serie Elite. De todas las colecciones, \u00e9sta es una de las m\u00e1s exclusivas. Hemos utilizado espuma de \u00faltima tecnolog\u00eda y cuero de la m\u00e1s alta calidad. Ofrece un aspecto de \u00e9lite. Adem\u00e1s, ofrece la m\u00e1xima protecci\u00f3n acolchada y comodidad. El guante se adapta bien a la mano. La serie Elite dispondr\u00e1 de cierre con cordones y velcro, y estar\u00e1 disponible en varios colores.<\/span><\/p>\n","protected":false},"excerpt":{"rendered":"<p>La nueva serie Elite. De todas las colecciones, \u00e9sta es una de las m\u00e1s exclusivas. Hemos utilizado espuma de \u00faltima tecnolog\u00eda y cuero de la m\u00e1s alta calidad. Ofrece un aspecto de \u00e9lite. Adem\u00e1s, ofrece la m\u00e1xima protecci\u00f3n acolchada y comodidad. El guante se adapta bien a la mano. La serie Elite dispondr\u00e1 de cierre [&hellip;]<\/p>\n","protected":false},"featured_media":6918,"template":"","meta":{"inline_featured_image":false},"product_brand":[],"product_cat":[263,673,259,258,278],"product_tag":[271,272,274,266],"class_list":{"0":"post-3096","1":"product","2":"type-product","3":"status-publish","4":"has-post-thumbnail","6":"product_cat-catalogo-windy-fight-gear","7":"product_cat-guantes-de-boxeo","8":"product_cat-guantes-de-muay-thai-guantes-de-boxeo","9":"product_cat-todos-los-productos","10":"product_cat-ventas","11":"product_tag-elite-es","12":"product_tag-guante","13":"product_tag-guantes","14":"product_tag-guantes-de-boxeo","16":"first","17":"outofstock","18":"taxable","19":"shipping-taxable","20":"purchasable","21":"product-type-variable"},"yoast_head":"<!-- This site is optimized with the Yoast SEO plugin v27.4 - https:\/\/yoast.com\/product\/yoast-seo-wordpress\/ -->\n<title>Guante de boxeo con velcro Elite Series - Negro\/Oro - Yithsu<\/title>\n<meta name=\"robots\" content=\"index, follow, max-snippet:-1, max-image-preview:large, max-video-preview:-1\" \/>\n<link rel=\"canonical\" href=\"https:\/\/yithsu.com\/es\/producto\/bge-serie-elite-velcro-guante-velcro-negro-oro\/\" \/>\n<meta property=\"og:locale\" content=\"es_ES\" \/>\n<meta property=\"og:type\" content=\"article\" \/>\n<meta property=\"og:title\" content=\"Guante de boxeo con velcro Elite Series - Negro\/Oro - Yithsu\" \/>\n<meta property=\"og:description\" content=\"La nueva serie Elite. De todas las colecciones, \u00e9sta es una de las m\u00e1s exclusivas. Hemos utilizado espuma de \u00faltima tecnolog\u00eda y cuero de la m\u00e1s alta calidad. Ofrece un aspecto de \u00e9lite. Adem\u00e1s, ofrece la m\u00e1xima protecci\u00f3n acolchada y comodidad. El guante se adapta bien a la mano. La serie Elite dispondr\u00e1 de cierre [&hellip;]\" \/>\n<meta property=\"og:url\" content=\"https:\/\/yithsu.com\/es\/producto\/bge-serie-elite-velcro-guante-velcro-negro-oro\/\" \/>\n<meta property=\"og:site_name\" content=\"Yithsu\" \/>\n<meta property=\"article:publisher\" content=\"https:\/\/www.facebook.com\/yithsusports\" \/>\n<meta property=\"article:modified_time\" content=\"2025-05-14T19:41:23+00:00\" \/>\n<meta property=\"og:image\" content=\"https:\/\/yithsu.com\/wp-content\/uploads\/2024\/09\/11.png\" \/>\n\t<meta property=\"og:image:width\" content=\"1250\" \/>\n\t<meta property=\"og:image:height\" content=\"1250\" \/>\n\t<meta property=\"og:image:type\" content=\"image\/png\" \/>\n<meta name=\"twitter:card\" content=\"summary_large_image\" \/>\n<script type=\"application\/ld+json\" class=\"yoast-schema-graph\">{\"@context\":\"https:\\\/\\\/schema.org\",\"@graph\":[{\"@type\":\"WebPage\",\"@id\":\"https:\\\/\\\/yithsu.com\\\/es\\\/producto\\\/bge-serie-elite-velcro-guante-velcro-negro-oro\\\/\",\"url\":\"https:\\\/\\\/yithsu.com\\\/es\\\/producto\\\/bge-serie-elite-velcro-guante-velcro-negro-oro\\\/\",\"name\":\"Guante de boxeo con velcro Elite Series - Negro\\\/Oro - Yithsu\",\"isPartOf\":{\"@id\":\"https:\\\/\\\/yithsu.com\\\/es\\\/#website\"},\"primaryImageOfPage\":{\"@id\":\"https:\\\/\\\/yithsu.com\\\/es\\\/producto\\\/bge-serie-elite-velcro-guante-velcro-negro-oro\\\/#primaryimage\"},\"image\":{\"@id\":\"https:\\\/\\\/yithsu.com\\\/es\\\/producto\\\/bge-serie-elite-velcro-guante-velcro-negro-oro\\\/#primaryimage\"},\"thumbnailUrl\":\"https:\\\/\\\/yithsu.com\\\/wp-content\\\/uploads\\\/2024\\\/09\\\/11.png\",\"datePublished\":\"2023-10-06T21:05:54+00:00\",\"dateModified\":\"2025-05-14T19:41:23+00:00\",\"breadcrumb\":{\"@id\":\"https:\\\/\\\/yithsu.com\\\/es\\\/producto\\\/bge-serie-elite-velcro-guante-velcro-negro-oro\\\/#breadcrumb\"},\"inLanguage\":\"es\",\"potentialAction\":[{\"@type\":\"ReadAction\",\"target\":[\"https:\\\/\\\/yithsu.com\\\/es\\\/producto\\\/bge-serie-elite-velcro-guante-velcro-negro-oro\\\/\"]}]},{\"@type\":\"ImageObject\",\"inLanguage\":\"es\",\"@id\":\"https:\\\/\\\/yithsu.com\\\/es\\\/producto\\\/bge-serie-elite-velcro-guante-velcro-negro-oro\\\/#primaryimage\",\"url\":\"https:\\\/\\\/yithsu.com\\\/wp-content\\\/uploads\\\/2024\\\/09\\\/11.png\",\"contentUrl\":\"https:\\\/\\\/yithsu.com\\\/wp-content\\\/uploads\\\/2024\\\/09\\\/11.png\",\"width\":1250,\"height\":1250},{\"@type\":\"BreadcrumbList\",\"@id\":\"https:\\\/\\\/yithsu.com\\\/es\\\/producto\\\/bge-serie-elite-velcro-guante-velcro-negro-oro\\\/#breadcrumb\",\"itemListElement\":[{\"@type\":\"ListItem\",\"position\":1,\"name\":\"In\u00edcio\",\"item\":\"https:\\\/\\\/yithsu.com\\\/es\\\/\"},{\"@type\":\"ListItem\",\"position\":2,\"name\":\"Tienda\",\"item\":\"https:\\\/\\\/yithsu.com\\\/es\\\/tienda\\\/\"},{\"@type\":\"ListItem\",\"position\":3,\"name\":\"Guante de boxeo con velcro Elite Series &#8211; Negro\\\/Oro\"}]},{\"@type\":\"WebSite\",\"@id\":\"https:\\\/\\\/yithsu.com\\\/es\\\/#website\",\"url\":\"https:\\\/\\\/yithsu.com\\\/es\\\/\",\"name\":\"Yithsu Premium Fight Gear\",\"description\":\"Premium Fight Gear\",\"publisher\":{\"@id\":\"https:\\\/\\\/yithsu.com\\\/es\\\/#organization\"},\"potentialAction\":[{\"@type\":\"SearchAction\",\"target\":{\"@type\":\"EntryPoint\",\"urlTemplate\":\"https:\\\/\\\/yithsu.com\\\/es\\\/?s={search_term_string}\"},\"query-input\":{\"@type\":\"PropertyValueSpecification\",\"valueRequired\":true,\"valueName\":\"search_term_string\"}}],\"inLanguage\":\"es\"},{\"@type\":\"Organization\",\"@id\":\"https:\\\/\\\/yithsu.com\\\/es\\\/#organization\",\"name\":\"Yithsu Equipamento de Luta Premium\",\"url\":\"https:\\\/\\\/yithsu.com\\\/es\\\/\",\"logo\":{\"@type\":\"ImageObject\",\"inLanguage\":\"es\",\"@id\":\"https:\\\/\\\/yithsu.com\\\/es\\\/#\\\/schema\\\/logo\\\/image\\\/\",\"url\":\"https:\\\/\\\/yithsu.com\\\/wp-content\\\/uploads\\\/2024\\\/04\\\/Yithsu_Logo-staand_Black.svg\",\"contentUrl\":\"https:\\\/\\\/yithsu.com\\\/wp-content\\\/uploads\\\/2024\\\/04\\\/Yithsu_Logo-staand_Black.svg\",\"width\":\"1024\",\"height\":\"1024\",\"caption\":\"Yithsu Equipamento de Luta Premium\"},\"image\":{\"@id\":\"https:\\\/\\\/yithsu.com\\\/es\\\/#\\\/schema\\\/logo\\\/image\\\/\"},\"sameAs\":[\"https:\\\/\\\/www.facebook.com\\\/yithsusports\",\"https:\\\/\\\/www.instagram.com\\\/yithsusports\"]}]}<\/script>\n<!-- \/ Yoast SEO plugin. -->","yoast_head_json":{"title":"Guante de boxeo con velcro Elite Series - Negro\/Oro - Yithsu","robots":{"index":"index","follow":"follow","max-snippet":"max-snippet:-1","max-image-preview":"max-image-preview:large","max-video-preview":"max-video-preview:-1"},"canonical":"https:\/\/yithsu.com\/es\/producto\/bge-serie-elite-velcro-guante-velcro-negro-oro\/","og_locale":"es_ES","og_type":"article","og_title":"Guante de boxeo con velcro Elite Series - Negro\/Oro - Yithsu","og_description":"La nueva serie Elite. De todas las colecciones, \u00e9sta es una de las m\u00e1s exclusivas. Hemos utilizado espuma de \u00faltima tecnolog\u00eda y cuero de la m\u00e1s alta calidad. Ofrece un aspecto de \u00e9lite. Adem\u00e1s, ofrece la m\u00e1xima protecci\u00f3n acolchada y comodidad. El guante se adapta bien a la mano. La serie Elite dispondr\u00e1 de cierre [&hellip;]","og_url":"https:\/\/yithsu.com\/es\/producto\/bge-serie-elite-velcro-guante-velcro-negro-oro\/","og_site_name":"Yithsu","article_publisher":"https:\/\/www.facebook.com\/yithsusports","article_modified_time":"2025-05-14T19:41:23+00:00","og_image":[{"width":1250,"height":1250,"url":"https:\/\/yithsu.com\/wp-content\/uploads\/2024\/09\/11.png","type":"image\/png"}],"twitter_card":"summary_large_image","schema":{"@context":"https:\/\/schema.org","@graph":[{"@type":"WebPage","@id":"https:\/\/yithsu.com\/es\/producto\/bge-serie-elite-velcro-guante-velcro-negro-oro\/","url":"https:\/\/yithsu.com\/es\/producto\/bge-serie-elite-velcro-guante-velcro-negro-oro\/","name":"Guante de boxeo con velcro Elite Series - Negro\/Oro - Yithsu","isPartOf":{"@id":"https:\/\/yithsu.com\/es\/#website"},"primaryImageOfPage":{"@id":"https:\/\/yithsu.com\/es\/producto\/bge-serie-elite-velcro-guante-velcro-negro-oro\/#primaryimage"},"image":{"@id":"https:\/\/yithsu.com\/es\/producto\/bge-serie-elite-velcro-guante-velcro-negro-oro\/#primaryimage"},"thumbnailUrl":"https:\/\/yithsu.com\/wp-content\/uploads\/2024\/09\/11.png","datePublished":"2023-10-06T21:05:54+00:00","dateModified":"2025-05-14T19:41:23+00:00","breadcrumb":{"@id":"https:\/\/yithsu.com\/es\/producto\/bge-serie-elite-velcro-guante-velcro-negro-oro\/#breadcrumb"},"inLanguage":"es","potentialAction":[{"@type":"ReadAction","target":["https:\/\/yithsu.com\/es\/producto\/bge-serie-elite-velcro-guante-velcro-negro-oro\/"]}]},{"@type":"ImageObject","inLanguage":"es","@id":"https:\/\/yithsu.com\/es\/producto\/bge-serie-elite-velcro-guante-velcro-negro-oro\/#primaryimage","url":"https:\/\/yithsu.com\/wp-content\/uploads\/2024\/09\/11.png","contentUrl":"https:\/\/yithsu.com\/wp-content\/uploads\/2024\/09\/11.png","width":1250,"height":1250},{"@type":"BreadcrumbList","@id":"https:\/\/yithsu.com\/es\/producto\/bge-serie-elite-velcro-guante-velcro-negro-oro\/#breadcrumb","itemListElement":[{"@type":"ListItem","position":1,"name":"In\u00edcio","item":"https:\/\/yithsu.com\/es\/"},{"@type":"ListItem","position":2,"name":"Tienda","item":"https:\/\/yithsu.com\/es\/tienda\/"},{"@type":"ListItem","position":3,"name":"Guante de boxeo con velcro Elite Series &#8211; Negro\/Oro"}]},{"@type":"WebSite","@id":"https:\/\/yithsu.com\/es\/#website","url":"https:\/\/yithsu.com\/es\/","name":"Yithsu Premium Fight Gear","description":"Premium Fight Gear","publisher":{"@id":"https:\/\/yithsu.com\/es\/#organization"},"potentialAction":[{"@type":"SearchAction","target":{"@type":"EntryPoint","urlTemplate":"https:\/\/yithsu.com\/es\/?s={search_term_string}"},"query-input":{"@type":"PropertyValueSpecification","valueRequired":true,"valueName":"search_term_string"}}],"inLanguage":"es"},{"@type":"Organization","@id":"https:\/\/yithsu.com\/es\/#organization","name":"Yithsu Equipamento de Luta Premium","url":"https:\/\/yithsu.com\/es\/","logo":{"@type":"ImageObject","inLanguage":"es","@id":"https:\/\/yithsu.com\/es\/#\/schema\/logo\/image\/","url":"https:\/\/yithsu.com\/wp-content\/uploads\/2024\/04\/Yithsu_Logo-staand_Black.svg","contentUrl":"https:\/\/yithsu.com\/wp-content\/uploads\/2024\/04\/Yithsu_Logo-staand_Black.svg","width":"1024","height":"1024","caption":"Yithsu Equipamento de Luta Premium"},"image":{"@id":"https:\/\/yithsu.com\/es\/#\/schema\/logo\/image\/"},"sameAs":["https:\/\/www.facebook.com\/yithsusports","https:\/\/www.instagram.com\/yithsusports"]}]}},"_links":{"self":[{"href":"https:\/\/yithsu.com\/es\/wp-json\/wp\/v2\/product\/3096","targetHints":{"allow":["GET"]}}],"collection":[{"href":"https:\/\/yithsu.com\/es\/wp-json\/wp\/v2\/product"}],"about":[{"href":"https:\/\/yithsu.com\/es\/wp-json\/wp\/v2\/types\/product"}],"wp:featuredmedia":[{"embeddable":true,"href":"https:\/\/yithsu.com\/es\/wp-json\/wp\/v2\/media\/6918"}],"wp:attachment":[{"href":"https:\/\/yithsu.com\/es\/wp-json\/wp\/v2\/media?parent=3096"}],"wp:term":[{"taxonomy":"product_brand","embeddable":true,"href":"https:\/\/yithsu.com\/es\/wp-json\/wp\/v2\/product_brand?post=3096"},{"taxonomy":"product_cat","embeddable":true,"href":"https:\/\/yithsu.com\/es\/wp-json\/wp\/v2\/product_cat?post=3096"},{"taxonomy":"product_tag","embeddable":true,"href":"https:\/\/yithsu.com\/es\/wp-json\/wp\/v2\/product_tag?post=3096"}],"curies":[{"name":"wp","href":"https:\/\/api.w.org\/{rel}","templated":true}]}}