{"id":3831,"date":"2023-10-06T18:06:21","date_gmt":"2023-10-06T18:06:21","guid":{"rendered":"https:\/\/yithsu.com\/product\/guantes-de-boxeo-para-ninos-rojo\/"},"modified":"2025-11-04T18:46:33","modified_gmt":"2025-11-04T21:46:33","slug":"kids-boxing-gloves-red","status":"publish","type":"product","link":"https:\/\/yithsu.com\/es\/producto\/kids-boxing-gloves-red\/","title":{"rendered":"Guantes de boxeo para ni\u00f1os &#8211; Rojo"},"content":{"rendered":"<p>Este guante de boxeo para ni\u00f1os es el conocido guante de boxeo \u00abcl\u00e1sico\u00bb Windy, pero con un tama\u00f1o especial para los ni\u00f1os.<\/p>\n<p>Piel sint\u00e9tica de la m\u00e1s alta calidad &#8211; tiene un relleno extra suave y tiene un ajuste excelente &#8211; bueno para ni\u00f1as y ni\u00f1os.<\/p>\n<p><span>T<\/span><span>l guante est\u00e1 disponible en varios colores y tallas; <\/span> <span>La talla infantil M corresponde a 4 onzas y es adecuada para ni\u00f1os de entre 4 y 7 a\u00f1os. La talla infantil L corresponde a 6 oz y es adecuada para ni\u00f1os de entre 8 y 12 a\u00f1os.<\/span><\/p>\n<p>El guante de boxeo tambi\u00e9n ha sido probado y homologado tanto en Tailandia como en Europa y cumple todas las normas de seguridad europeas.<\/p>\n","protected":false},"excerpt":{"rendered":"<p>Este guante de boxeo para ni\u00f1os es el conocido guante de boxeo \u00abcl\u00e1sico\u00bb Windy, pero con un tama\u00f1o especial para los ni\u00f1os. Piel sint\u00e9tica de la m\u00e1s alta calidad &#8211; tiene un relleno extra suave y tiene un ajuste excelente &#8211; bueno para ni\u00f1as y ni\u00f1os. Tl guante est\u00e1 disponible en varios colores y tallas; [&hellip;]<\/p>\n","protected":false},"featured_media":7126,"template":"","meta":{"inline_featured_image":false},"product_brand":[],"product_cat":[263,412,259,411,258],"product_tag":[429,413,326,415,307,414,308,280],"class_list":{"0":"post-3831","1":"product","2":"type-product","3":"status-publish","4":"has-post-thumbnail","6":"product_cat-catalogo-windy-fight-gear","7":"product_cat-guantes-de-boxeo-para-ninos","8":"product_cat-guantes-de-muay-thai-guantes-de-boxeo","9":"product_cat-ninos","10":"product_cat-todos-los-productos","11":"product_tag-4-onzas","12":"product_tag-6-onzas","13":"product_tag-formacion","14":"product_tag-guantes-para-ninos","15":"product_tag-muay-thai-es","16":"product_tag-ninos","17":"product_tag-rojo","18":"product_tag-venta","20":"first","21":"instock","22":"taxable","23":"shipping-taxable","24":"purchasable","25":"product-type-variable"},"yoast_head":"<!-- This site is optimized with the Yoast SEO plugin v27.4 - https:\/\/yoast.com\/product\/yoast-seo-wordpress\/ -->\n<title>Guantes de boxeo para ni\u00f1os - Rojo - Yithsu<\/title>\n<meta name=\"robots\" content=\"index, follow, max-snippet:-1, max-image-preview:large, max-video-preview:-1\" \/>\n<link rel=\"canonical\" href=\"https:\/\/yithsu.com\/es\/producto\/kids-boxing-gloves-red\/\" \/>\n<meta property=\"og:locale\" content=\"es_ES\" \/>\n<meta property=\"og:type\" content=\"article\" \/>\n<meta property=\"og:title\" content=\"Guantes de boxeo para ni\u00f1os - Rojo - Yithsu\" \/>\n<meta property=\"og:description\" content=\"Este guante de boxeo para ni\u00f1os es el conocido guante de boxeo \u00abcl\u00e1sico\u00bb Windy, pero con un tama\u00f1o especial para los ni\u00f1os. Piel sint\u00e9tica de la m\u00e1s alta calidad &#8211; tiene un relleno extra suave y tiene un ajuste excelente &#8211; bueno para ni\u00f1as y ni\u00f1os. Tl guante est\u00e1 disponible en varios colores y tallas; [&hellip;]\" \/>\n<meta property=\"og:url\" content=\"https:\/\/yithsu.com\/es\/producto\/kids-boxing-gloves-red\/\" \/>\n<meta property=\"og:site_name\" content=\"Yithsu\" \/>\n<meta property=\"article:publisher\" content=\"https:\/\/www.facebook.com\/yithsusports\" \/>\n<meta property=\"article:modified_time\" content=\"2025-11-04T21:46:33+00:00\" \/>\n<meta property=\"og:image\" content=\"https:\/\/yithsu.com\/wp-content\/uploads\/2024\/09\/Kids-Boxing-Gloves-Red.png\" \/>\n\t<meta property=\"og:image:width\" content=\"1225\" \/>\n\t<meta property=\"og:image:height\" content=\"1225\" \/>\n\t<meta property=\"og:image:type\" content=\"image\/png\" \/>\n<meta name=\"twitter:card\" content=\"summary_large_image\" \/>\n<meta name=\"twitter:label1\" content=\"Tiempo de lectura\" \/>\n\t<meta name=\"twitter:data1\" content=\"1 minuto\" \/>\n<script type=\"application\/ld+json\" class=\"yoast-schema-graph\">{\"@context\":\"https:\\\/\\\/schema.org\",\"@graph\":[{\"@type\":\"WebPage\",\"@id\":\"https:\\\/\\\/yithsu.com\\\/es\\\/producto\\\/kids-boxing-gloves-red\\\/\",\"url\":\"https:\\\/\\\/yithsu.com\\\/es\\\/producto\\\/kids-boxing-gloves-red\\\/\",\"name\":\"Guantes de boxeo para ni\u00f1os - Rojo - Yithsu\",\"isPartOf\":{\"@id\":\"https:\\\/\\\/yithsu.com\\\/es\\\/#website\"},\"primaryImageOfPage\":{\"@id\":\"https:\\\/\\\/yithsu.com\\\/es\\\/producto\\\/kids-boxing-gloves-red\\\/#primaryimage\"},\"image\":{\"@id\":\"https:\\\/\\\/yithsu.com\\\/es\\\/producto\\\/kids-boxing-gloves-red\\\/#primaryimage\"},\"thumbnailUrl\":\"https:\\\/\\\/yithsu.com\\\/wp-content\\\/uploads\\\/2024\\\/09\\\/Kids-Boxing-Gloves-Red.png\",\"datePublished\":\"2023-10-06T18:06:21+00:00\",\"dateModified\":\"2025-11-04T21:46:33+00:00\",\"breadcrumb\":{\"@id\":\"https:\\\/\\\/yithsu.com\\\/es\\\/producto\\\/kids-boxing-gloves-red\\\/#breadcrumb\"},\"inLanguage\":\"es\",\"potentialAction\":[{\"@type\":\"ReadAction\",\"target\":[\"https:\\\/\\\/yithsu.com\\\/es\\\/producto\\\/kids-boxing-gloves-red\\\/\"]}]},{\"@type\":\"ImageObject\",\"inLanguage\":\"es\",\"@id\":\"https:\\\/\\\/yithsu.com\\\/es\\\/producto\\\/kids-boxing-gloves-red\\\/#primaryimage\",\"url\":\"https:\\\/\\\/yithsu.com\\\/wp-content\\\/uploads\\\/2024\\\/09\\\/Kids-Boxing-Gloves-Red.png\",\"contentUrl\":\"https:\\\/\\\/yithsu.com\\\/wp-content\\\/uploads\\\/2024\\\/09\\\/Kids-Boxing-Gloves-Red.png\",\"width\":1225,\"height\":1225},{\"@type\":\"BreadcrumbList\",\"@id\":\"https:\\\/\\\/yithsu.com\\\/es\\\/producto\\\/kids-boxing-gloves-red\\\/#breadcrumb\",\"itemListElement\":[{\"@type\":\"ListItem\",\"position\":1,\"name\":\"In\u00edcio\",\"item\":\"https:\\\/\\\/yithsu.com\\\/es\\\/\"},{\"@type\":\"ListItem\",\"position\":2,\"name\":\"Tienda\",\"item\":\"https:\\\/\\\/yithsu.com\\\/es\\\/tienda\\\/\"},{\"@type\":\"ListItem\",\"position\":3,\"name\":\"Guantes de boxeo para ni\u00f1os &#8211; Rojo\"}]},{\"@type\":\"WebSite\",\"@id\":\"https:\\\/\\\/yithsu.com\\\/es\\\/#website\",\"url\":\"https:\\\/\\\/yithsu.com\\\/es\\\/\",\"name\":\"Yithsu Premium Fight Gear\",\"description\":\"Premium Fight Gear\",\"publisher\":{\"@id\":\"https:\\\/\\\/yithsu.com\\\/es\\\/#organization\"},\"potentialAction\":[{\"@type\":\"SearchAction\",\"target\":{\"@type\":\"EntryPoint\",\"urlTemplate\":\"https:\\\/\\\/yithsu.com\\\/es\\\/?s={search_term_string}\"},\"query-input\":{\"@type\":\"PropertyValueSpecification\",\"valueRequired\":true,\"valueName\":\"search_term_string\"}}],\"inLanguage\":\"es\"},{\"@type\":\"Organization\",\"@id\":\"https:\\\/\\\/yithsu.com\\\/es\\\/#organization\",\"name\":\"Yithsu Equipamento de Luta Premium\",\"url\":\"https:\\\/\\\/yithsu.com\\\/es\\\/\",\"logo\":{\"@type\":\"ImageObject\",\"inLanguage\":\"es\",\"@id\":\"https:\\\/\\\/yithsu.com\\\/es\\\/#\\\/schema\\\/logo\\\/image\\\/\",\"url\":\"https:\\\/\\\/yithsu.com\\\/wp-content\\\/uploads\\\/2024\\\/04\\\/Yithsu_Logo-staand_Black.svg\",\"contentUrl\":\"https:\\\/\\\/yithsu.com\\\/wp-content\\\/uploads\\\/2024\\\/04\\\/Yithsu_Logo-staand_Black.svg\",\"width\":\"1024\",\"height\":\"1024\",\"caption\":\"Yithsu Equipamento de Luta Premium\"},\"image\":{\"@id\":\"https:\\\/\\\/yithsu.com\\\/es\\\/#\\\/schema\\\/logo\\\/image\\\/\"},\"sameAs\":[\"https:\\\/\\\/www.facebook.com\\\/yithsusports\",\"https:\\\/\\\/www.instagram.com\\\/yithsusports\"]}]}<\/script>\n<!-- \/ Yoast SEO plugin. -->","yoast_head_json":{"title":"Guantes de boxeo para ni\u00f1os - Rojo - Yithsu","robots":{"index":"index","follow":"follow","max-snippet":"max-snippet:-1","max-image-preview":"max-image-preview:large","max-video-preview":"max-video-preview:-1"},"canonical":"https:\/\/yithsu.com\/es\/producto\/kids-boxing-gloves-red\/","og_locale":"es_ES","og_type":"article","og_title":"Guantes de boxeo para ni\u00f1os - Rojo - Yithsu","og_description":"Este guante de boxeo para ni\u00f1os es el conocido guante de boxeo \u00abcl\u00e1sico\u00bb Windy, pero con un tama\u00f1o especial para los ni\u00f1os. Piel sint\u00e9tica de la m\u00e1s alta calidad &#8211; tiene un relleno extra suave y tiene un ajuste excelente &#8211; bueno para ni\u00f1as y ni\u00f1os. Tl guante est\u00e1 disponible en varios colores y tallas; [&hellip;]","og_url":"https:\/\/yithsu.com\/es\/producto\/kids-boxing-gloves-red\/","og_site_name":"Yithsu","article_publisher":"https:\/\/www.facebook.com\/yithsusports","article_modified_time":"2025-11-04T21:46:33+00:00","og_image":[{"width":1225,"height":1225,"url":"https:\/\/yithsu.com\/wp-content\/uploads\/2024\/09\/Kids-Boxing-Gloves-Red.png","type":"image\/png"}],"twitter_card":"summary_large_image","twitter_misc":{"Tiempo de lectura":"1 minuto"},"schema":{"@context":"https:\/\/schema.org","@graph":[{"@type":"WebPage","@id":"https:\/\/yithsu.com\/es\/producto\/kids-boxing-gloves-red\/","url":"https:\/\/yithsu.com\/es\/producto\/kids-boxing-gloves-red\/","name":"Guantes de boxeo para ni\u00f1os - Rojo - Yithsu","isPartOf":{"@id":"https:\/\/yithsu.com\/es\/#website"},"primaryImageOfPage":{"@id":"https:\/\/yithsu.com\/es\/producto\/kids-boxing-gloves-red\/#primaryimage"},"image":{"@id":"https:\/\/yithsu.com\/es\/producto\/kids-boxing-gloves-red\/#primaryimage"},"thumbnailUrl":"https:\/\/yithsu.com\/wp-content\/uploads\/2024\/09\/Kids-Boxing-Gloves-Red.png","datePublished":"2023-10-06T18:06:21+00:00","dateModified":"2025-11-04T21:46:33+00:00","breadcrumb":{"@id":"https:\/\/yithsu.com\/es\/producto\/kids-boxing-gloves-red\/#breadcrumb"},"inLanguage":"es","potentialAction":[{"@type":"ReadAction","target":["https:\/\/yithsu.com\/es\/producto\/kids-boxing-gloves-red\/"]}]},{"@type":"ImageObject","inLanguage":"es","@id":"https:\/\/yithsu.com\/es\/producto\/kids-boxing-gloves-red\/#primaryimage","url":"https:\/\/yithsu.com\/wp-content\/uploads\/2024\/09\/Kids-Boxing-Gloves-Red.png","contentUrl":"https:\/\/yithsu.com\/wp-content\/uploads\/2024\/09\/Kids-Boxing-Gloves-Red.png","width":1225,"height":1225},{"@type":"BreadcrumbList","@id":"https:\/\/yithsu.com\/es\/producto\/kids-boxing-gloves-red\/#breadcrumb","itemListElement":[{"@type":"ListItem","position":1,"name":"In\u00edcio","item":"https:\/\/yithsu.com\/es\/"},{"@type":"ListItem","position":2,"name":"Tienda","item":"https:\/\/yithsu.com\/es\/tienda\/"},{"@type":"ListItem","position":3,"name":"Guantes de boxeo para ni\u00f1os &#8211; Rojo"}]},{"@type":"WebSite","@id":"https:\/\/yithsu.com\/es\/#website","url":"https:\/\/yithsu.com\/es\/","name":"Yithsu Premium Fight Gear","description":"Premium Fight Gear","publisher":{"@id":"https:\/\/yithsu.com\/es\/#organization"},"potentialAction":[{"@type":"SearchAction","target":{"@type":"EntryPoint","urlTemplate":"https:\/\/yithsu.com\/es\/?s={search_term_string}"},"query-input":{"@type":"PropertyValueSpecification","valueRequired":true,"valueName":"search_term_string"}}],"inLanguage":"es"},{"@type":"Organization","@id":"https:\/\/yithsu.com\/es\/#organization","name":"Yithsu Equipamento de Luta Premium","url":"https:\/\/yithsu.com\/es\/","logo":{"@type":"ImageObject","inLanguage":"es","@id":"https:\/\/yithsu.com\/es\/#\/schema\/logo\/image\/","url":"https:\/\/yithsu.com\/wp-content\/uploads\/2024\/04\/Yithsu_Logo-staand_Black.svg","contentUrl":"https:\/\/yithsu.com\/wp-content\/uploads\/2024\/04\/Yithsu_Logo-staand_Black.svg","width":"1024","height":"1024","caption":"Yithsu Equipamento de Luta Premium"},"image":{"@id":"https:\/\/yithsu.com\/es\/#\/schema\/logo\/image\/"},"sameAs":["https:\/\/www.facebook.com\/yithsusports","https:\/\/www.instagram.com\/yithsusports"]}]}},"_links":{"self":[{"href":"https:\/\/yithsu.com\/es\/wp-json\/wp\/v2\/product\/3831","targetHints":{"allow":["GET"]}}],"collection":[{"href":"https:\/\/yithsu.com\/es\/wp-json\/wp\/v2\/product"}],"about":[{"href":"https:\/\/yithsu.com\/es\/wp-json\/wp\/v2\/types\/product"}],"wp:featuredmedia":[{"embeddable":true,"href":"https:\/\/yithsu.com\/es\/wp-json\/wp\/v2\/media\/7126"}],"wp:attachment":[{"href":"https:\/\/yithsu.com\/es\/wp-json\/wp\/v2\/media?parent=3831"}],"wp:term":[{"taxonomy":"product_brand","embeddable":true,"href":"https:\/\/yithsu.com\/es\/wp-json\/wp\/v2\/product_brand?post=3831"},{"taxonomy":"product_cat","embeddable":true,"href":"https:\/\/yithsu.com\/es\/wp-json\/wp\/v2\/product_cat?post=3831"},{"taxonomy":"product_tag","embeddable":true,"href":"https:\/\/yithsu.com\/es\/wp-json\/wp\/v2\/product_tag?post=3831"}],"curies":[{"name":"wp","href":"https:\/\/api.w.org\/{rel}","templated":true}]}}