{"id":3978,"date":"2023-10-06T18:06:25","date_gmt":"2023-10-06T21:06:25","guid":{"rendered":"https:\/\/yithsu.com\/product\/pantalon-corto-de-lucha-ligero-rojo\/"},"modified":"2025-05-14T16:38:46","modified_gmt":"2025-05-14T19:38:46","slug":"short-ligero-rojo","status":"publish","type":"product","link":"https:\/\/yithsu.com\/es\/producto\/short-ligero-rojo\/","title":{"rendered":"Pantal\u00f3n corto de lucha ligero &#8211; Rojo"},"content":{"rendered":"<p>Estos ligeros pantalones cortos de lucha son perfectos para el entrenamiento diario, as\u00ed como para la competici\u00f3n.<\/p>\n<p>Pantalones cortos ligeros que permiten un movimiento r\u00e1pido y libre sin irritaciones &#8211; Material de microfibra que evita que los pantalones cortos se empapen y pesen &#8211; En los laterales de los pantalones cortos hay material Kevlar.<\/p>\n","protected":false},"excerpt":{"rendered":"<p>Estos ligeros pantalones cortos de lucha son perfectos para el entrenamiento diario, as\u00ed como para la competici\u00f3n. Pantalones cortos ligeros que permiten un movimiento r\u00e1pido y libre sin irritaciones &#8211; Material de microfibra que evita que los pantalones cortos se empapen y pesen &#8211; En los laterales de los pantalones cortos hay material Kevlar.<\/p>\n","protected":false},"featured_media":2426,"template":"","meta":{"inline_featured_image":false},"product_brand":[],"product_cat":[263,522,430,258],"product_tag":[304,305,306,440,443,307,461,524,435,446,526,344,457,528],"class_list":{"0":"post-3978","1":"product","2":"type-product","3":"status-publish","4":"has-post-thumbnail","6":"product_cat-catalogo-windy-fight-gear","7":"product_cat-pantalones-cortos-de-muay-thai","8":"product_cat-ropa","9":"product_cat-todos-los-productos","10":"product_tag-k-1-es","11":"product_tag-k1-es","12":"product_tag-kickboxing-es","13":"product_tag-l-es","14":"product_tag-m-es","15":"product_tag-muay-thai-es","16":"product_tag-pantalones-cortos","17":"product_tag-pantalones-cortos-de-kickboxing","18":"product_tag-ropa","19":"product_tag-s-es","20":"product_tag-shorts-muay-thai","21":"product_tag-venta-de-verano","22":"product_tag-xl-es","23":"product_tag-xs-es","25":"first","26":"instock","27":"sale","28":"taxable","29":"shipping-taxable","30":"purchasable","31":"product-type-variable"},"yoast_head":"<!-- This site is optimized with the Yoast SEO plugin v27.4 - https:\/\/yoast.com\/product\/yoast-seo-wordpress\/ -->\n<title>Pantal\u00f3n corto de lucha ligero - Rojo - Yithsu<\/title>\n<meta name=\"robots\" content=\"index, follow, max-snippet:-1, max-image-preview:large, max-video-preview:-1\" \/>\n<link rel=\"canonical\" href=\"https:\/\/yithsu.com\/es\/producto\/short-ligero-rojo\/\" \/>\n<meta property=\"og:locale\" content=\"es_ES\" \/>\n<meta property=\"og:type\" content=\"article\" \/>\n<meta property=\"og:title\" content=\"Pantal\u00f3n corto de lucha ligero - Rojo - Yithsu\" \/>\n<meta property=\"og:description\" content=\"Estos ligeros pantalones cortos de lucha son perfectos para el entrenamiento diario, as\u00ed como para la competici\u00f3n. Pantalones cortos ligeros que permiten un movimiento r\u00e1pido y libre sin irritaciones &#8211; Material de microfibra que evita que los pantalones cortos se empapen y pesen &#8211; En los laterales de los pantalones cortos hay material Kevlar.\" \/>\n<meta property=\"og:url\" content=\"https:\/\/yithsu.com\/es\/producto\/short-ligero-rojo\/\" \/>\n<meta property=\"og:site_name\" content=\"Yithsu\" \/>\n<meta property=\"article:publisher\" content=\"https:\/\/www.facebook.com\/yithsusports\" \/>\n<meta property=\"article:modified_time\" content=\"2025-05-14T19:38:46+00:00\" \/>\n<meta property=\"og:image\" content=\"https:\/\/yithsu.com\/wp-content\/uploads\/2023\/10\/lightweight-red-side.png\" \/>\n\t<meta property=\"og:image:width\" content=\"1000\" \/>\n\t<meta property=\"og:image:height\" content=\"1000\" \/>\n\t<meta property=\"og:image:type\" content=\"image\/png\" \/>\n<meta name=\"twitter:card\" content=\"summary_large_image\" \/>\n<script type=\"application\/ld+json\" class=\"yoast-schema-graph\">{\"@context\":\"https:\\\/\\\/schema.org\",\"@graph\":[{\"@type\":\"WebPage\",\"@id\":\"https:\\\/\\\/yithsu.com\\\/es\\\/producto\\\/short-ligero-rojo\\\/\",\"url\":\"https:\\\/\\\/yithsu.com\\\/es\\\/producto\\\/short-ligero-rojo\\\/\",\"name\":\"Pantal\u00f3n corto de lucha ligero - Rojo - Yithsu\",\"isPartOf\":{\"@id\":\"https:\\\/\\\/yithsu.com\\\/es\\\/#website\"},\"primaryImageOfPage\":{\"@id\":\"https:\\\/\\\/yithsu.com\\\/es\\\/producto\\\/short-ligero-rojo\\\/#primaryimage\"},\"image\":{\"@id\":\"https:\\\/\\\/yithsu.com\\\/es\\\/producto\\\/short-ligero-rojo\\\/#primaryimage\"},\"thumbnailUrl\":\"https:\\\/\\\/yithsu.com\\\/wp-content\\\/uploads\\\/2023\\\/10\\\/lightweight-red-side.png\",\"datePublished\":\"2023-10-06T21:06:25+00:00\",\"dateModified\":\"2025-05-14T19:38:46+00:00\",\"breadcrumb\":{\"@id\":\"https:\\\/\\\/yithsu.com\\\/es\\\/producto\\\/short-ligero-rojo\\\/#breadcrumb\"},\"inLanguage\":\"es\",\"potentialAction\":[{\"@type\":\"ReadAction\",\"target\":[\"https:\\\/\\\/yithsu.com\\\/es\\\/producto\\\/short-ligero-rojo\\\/\"]}]},{\"@type\":\"ImageObject\",\"inLanguage\":\"es\",\"@id\":\"https:\\\/\\\/yithsu.com\\\/es\\\/producto\\\/short-ligero-rojo\\\/#primaryimage\",\"url\":\"https:\\\/\\\/yithsu.com\\\/wp-content\\\/uploads\\\/2023\\\/10\\\/lightweight-red-side.png\",\"contentUrl\":\"https:\\\/\\\/yithsu.com\\\/wp-content\\\/uploads\\\/2023\\\/10\\\/lightweight-red-side.png\",\"width\":1000,\"height\":1000},{\"@type\":\"BreadcrumbList\",\"@id\":\"https:\\\/\\\/yithsu.com\\\/es\\\/producto\\\/short-ligero-rojo\\\/#breadcrumb\",\"itemListElement\":[{\"@type\":\"ListItem\",\"position\":1,\"name\":\"In\u00edcio\",\"item\":\"https:\\\/\\\/yithsu.com\\\/es\\\/\"},{\"@type\":\"ListItem\",\"position\":2,\"name\":\"Tienda\",\"item\":\"https:\\\/\\\/yithsu.com\\\/es\\\/tienda\\\/\"},{\"@type\":\"ListItem\",\"position\":3,\"name\":\"Pantal\u00f3n corto de lucha ligero &#8211; Rojo\"}]},{\"@type\":\"WebSite\",\"@id\":\"https:\\\/\\\/yithsu.com\\\/es\\\/#website\",\"url\":\"https:\\\/\\\/yithsu.com\\\/es\\\/\",\"name\":\"Yithsu Premium Fight Gear\",\"description\":\"Premium Fight Gear\",\"publisher\":{\"@id\":\"https:\\\/\\\/yithsu.com\\\/es\\\/#organization\"},\"potentialAction\":[{\"@type\":\"SearchAction\",\"target\":{\"@type\":\"EntryPoint\",\"urlTemplate\":\"https:\\\/\\\/yithsu.com\\\/es\\\/?s={search_term_string}\"},\"query-input\":{\"@type\":\"PropertyValueSpecification\",\"valueRequired\":true,\"valueName\":\"search_term_string\"}}],\"inLanguage\":\"es\"},{\"@type\":\"Organization\",\"@id\":\"https:\\\/\\\/yithsu.com\\\/es\\\/#organization\",\"name\":\"Yithsu Equipamento de Luta Premium\",\"url\":\"https:\\\/\\\/yithsu.com\\\/es\\\/\",\"logo\":{\"@type\":\"ImageObject\",\"inLanguage\":\"es\",\"@id\":\"https:\\\/\\\/yithsu.com\\\/es\\\/#\\\/schema\\\/logo\\\/image\\\/\",\"url\":\"https:\\\/\\\/yithsu.com\\\/wp-content\\\/uploads\\\/2024\\\/04\\\/Yithsu_Logo-staand_Black.svg\",\"contentUrl\":\"https:\\\/\\\/yithsu.com\\\/wp-content\\\/uploads\\\/2024\\\/04\\\/Yithsu_Logo-staand_Black.svg\",\"width\":\"1024\",\"height\":\"1024\",\"caption\":\"Yithsu Equipamento de Luta Premium\"},\"image\":{\"@id\":\"https:\\\/\\\/yithsu.com\\\/es\\\/#\\\/schema\\\/logo\\\/image\\\/\"},\"sameAs\":[\"https:\\\/\\\/www.facebook.com\\\/yithsusports\",\"https:\\\/\\\/www.instagram.com\\\/yithsusports\"]}]}<\/script>\n<!-- \/ Yoast SEO plugin. -->","yoast_head_json":{"title":"Pantal\u00f3n corto de lucha ligero - Rojo - Yithsu","robots":{"index":"index","follow":"follow","max-snippet":"max-snippet:-1","max-image-preview":"max-image-preview:large","max-video-preview":"max-video-preview:-1"},"canonical":"https:\/\/yithsu.com\/es\/producto\/short-ligero-rojo\/","og_locale":"es_ES","og_type":"article","og_title":"Pantal\u00f3n corto de lucha ligero - Rojo - Yithsu","og_description":"Estos ligeros pantalones cortos de lucha son perfectos para el entrenamiento diario, as\u00ed como para la competici\u00f3n. Pantalones cortos ligeros que permiten un movimiento r\u00e1pido y libre sin irritaciones &#8211; Material de microfibra que evita que los pantalones cortos se empapen y pesen &#8211; En los laterales de los pantalones cortos hay material Kevlar.","og_url":"https:\/\/yithsu.com\/es\/producto\/short-ligero-rojo\/","og_site_name":"Yithsu","article_publisher":"https:\/\/www.facebook.com\/yithsusports","article_modified_time":"2025-05-14T19:38:46+00:00","og_image":[{"width":1000,"height":1000,"url":"https:\/\/yithsu.com\/wp-content\/uploads\/2023\/10\/lightweight-red-side.png","type":"image\/png"}],"twitter_card":"summary_large_image","schema":{"@context":"https:\/\/schema.org","@graph":[{"@type":"WebPage","@id":"https:\/\/yithsu.com\/es\/producto\/short-ligero-rojo\/","url":"https:\/\/yithsu.com\/es\/producto\/short-ligero-rojo\/","name":"Pantal\u00f3n corto de lucha ligero - Rojo - Yithsu","isPartOf":{"@id":"https:\/\/yithsu.com\/es\/#website"},"primaryImageOfPage":{"@id":"https:\/\/yithsu.com\/es\/producto\/short-ligero-rojo\/#primaryimage"},"image":{"@id":"https:\/\/yithsu.com\/es\/producto\/short-ligero-rojo\/#primaryimage"},"thumbnailUrl":"https:\/\/yithsu.com\/wp-content\/uploads\/2023\/10\/lightweight-red-side.png","datePublished":"2023-10-06T21:06:25+00:00","dateModified":"2025-05-14T19:38:46+00:00","breadcrumb":{"@id":"https:\/\/yithsu.com\/es\/producto\/short-ligero-rojo\/#breadcrumb"},"inLanguage":"es","potentialAction":[{"@type":"ReadAction","target":["https:\/\/yithsu.com\/es\/producto\/short-ligero-rojo\/"]}]},{"@type":"ImageObject","inLanguage":"es","@id":"https:\/\/yithsu.com\/es\/producto\/short-ligero-rojo\/#primaryimage","url":"https:\/\/yithsu.com\/wp-content\/uploads\/2023\/10\/lightweight-red-side.png","contentUrl":"https:\/\/yithsu.com\/wp-content\/uploads\/2023\/10\/lightweight-red-side.png","width":1000,"height":1000},{"@type":"BreadcrumbList","@id":"https:\/\/yithsu.com\/es\/producto\/short-ligero-rojo\/#breadcrumb","itemListElement":[{"@type":"ListItem","position":1,"name":"In\u00edcio","item":"https:\/\/yithsu.com\/es\/"},{"@type":"ListItem","position":2,"name":"Tienda","item":"https:\/\/yithsu.com\/es\/tienda\/"},{"@type":"ListItem","position":3,"name":"Pantal\u00f3n corto de lucha ligero &#8211; Rojo"}]},{"@type":"WebSite","@id":"https:\/\/yithsu.com\/es\/#website","url":"https:\/\/yithsu.com\/es\/","name":"Yithsu Premium Fight Gear","description":"Premium Fight Gear","publisher":{"@id":"https:\/\/yithsu.com\/es\/#organization"},"potentialAction":[{"@type":"SearchAction","target":{"@type":"EntryPoint","urlTemplate":"https:\/\/yithsu.com\/es\/?s={search_term_string}"},"query-input":{"@type":"PropertyValueSpecification","valueRequired":true,"valueName":"search_term_string"}}],"inLanguage":"es"},{"@type":"Organization","@id":"https:\/\/yithsu.com\/es\/#organization","name":"Yithsu Equipamento de Luta Premium","url":"https:\/\/yithsu.com\/es\/","logo":{"@type":"ImageObject","inLanguage":"es","@id":"https:\/\/yithsu.com\/es\/#\/schema\/logo\/image\/","url":"https:\/\/yithsu.com\/wp-content\/uploads\/2024\/04\/Yithsu_Logo-staand_Black.svg","contentUrl":"https:\/\/yithsu.com\/wp-content\/uploads\/2024\/04\/Yithsu_Logo-staand_Black.svg","width":"1024","height":"1024","caption":"Yithsu Equipamento de Luta Premium"},"image":{"@id":"https:\/\/yithsu.com\/es\/#\/schema\/logo\/image\/"},"sameAs":["https:\/\/www.facebook.com\/yithsusports","https:\/\/www.instagram.com\/yithsusports"]}]}},"_links":{"self":[{"href":"https:\/\/yithsu.com\/es\/wp-json\/wp\/v2\/product\/3978","targetHints":{"allow":["GET"]}}],"collection":[{"href":"https:\/\/yithsu.com\/es\/wp-json\/wp\/v2\/product"}],"about":[{"href":"https:\/\/yithsu.com\/es\/wp-json\/wp\/v2\/types\/product"}],"wp:featuredmedia":[{"embeddable":true,"href":"https:\/\/yithsu.com\/es\/wp-json\/wp\/v2\/media\/2426"}],"wp:attachment":[{"href":"https:\/\/yithsu.com\/es\/wp-json\/wp\/v2\/media?parent=3978"}],"wp:term":[{"taxonomy":"product_brand","embeddable":true,"href":"https:\/\/yithsu.com\/es\/wp-json\/wp\/v2\/product_brand?post=3978"},{"taxonomy":"product_cat","embeddable":true,"href":"https:\/\/yithsu.com\/es\/wp-json\/wp\/v2\/product_cat?post=3978"},{"taxonomy":"product_tag","embeddable":true,"href":"https:\/\/yithsu.com\/es\/wp-json\/wp\/v2\/product_tag?post=3978"}],"curies":[{"name":"wp","href":"https:\/\/api.w.org\/{rel}","templated":true}]}}