{"id":3984,"date":"2023-10-06T18:06:32","date_gmt":"2023-10-06T18:06:32","guid":{"rendered":"https:\/\/yithsu.com\/product\/almohadillas-pp9-fitness-focus\/"},"modified":"2025-11-04T18:45:47","modified_gmt":"2025-11-04T21:45:47","slug":"pp9-fitness-focus-pads","status":"publish","type":"product","link":"https:\/\/yithsu.com\/es\/producto\/pp9-fitness-focus-pads\/","title":{"rendered":"Almohadillas Fitness Focus &#8211; Piel"},"content":{"rendered":"<p>Imprescindible para cualquier entrenador (personal\/de p\u00e1del). Las almohadillas de fitness tienen un tama\u00f1o adecuado para poder atrapar tambi\u00e9n golpes de patada y pu\u00f1etazos. Peso ligero que permite al usuario utilizarlo durante mucho tiempo. Las almohadillas de fitness tambi\u00e9n son m\u00e1s suaves y tienen m\u00e1s amortiguaci\u00f3n que permite a un experimentado y tambi\u00e9n el inexperto, no sentir menos retroceso y el impacto al golpear estas almohadillas.  <\/p>\n<p>Altura: 33 cm<\/p>\n<p>Anchura: 21 cm<\/p>\n<p>Profundidad: 6 cm<\/p>\n","protected":false},"excerpt":{"rendered":"<p>Imprescindible para cualquier entrenador (personal\/de p\u00e1del). Las almohadillas de fitness tienen un tama\u00f1o adecuado para poder atrapar tambi\u00e9n golpes de patada y pu\u00f1etazos. Peso ligero que permite al usuario utilizarlo durante mucho tiempo. Las almohadillas de fitness tambi\u00e9n son m\u00e1s suaves y tienen m\u00e1s amortiguaci\u00f3n que permite a un experimentado y tambi\u00e9n el inexperto, no [&hellip;]<\/p>\n","protected":false},"featured_media":7030,"template":"","meta":{"inline_featured_image":false},"product_brand":[],"product_cat":[495,263,310,515,258],"product_tag":[518,500,533,534,519,499,501,280],"class_list":{"0":"post-3984","1":"product","2":"type-product","3":"status-publish","4":"has-post-thumbnail","6":"product_cat-bolsas-y-almohadillas","7":"product_cat-catalogo-windy-fight-gear","8":"product_cat-equipamiento","9":"product_cat-mitones-focus","10":"product_cat-todos-los-productos","11":"product_tag-enfoque","12":"product_tag-manoplas","13":"product_tag-manoplas-es","14":"product_tag-manoplas-de-viento","15":"product_tag-manoplas-focus","16":"product_tag-punzon","17":"product_tag-punzonado","18":"product_tag-venta","20":"first","21":"instock","22":"taxable","23":"shipping-taxable","24":"purchasable","25":"product-type-simple"},"yoast_head":"<!-- This site is optimized with the Yoast SEO plugin v27.4 - https:\/\/yoast.com\/product\/yoast-seo-wordpress\/ -->\n<title>Almohadillas Fitness Focus - Piel - Yithsu<\/title>\n<meta name=\"robots\" content=\"index, follow, max-snippet:-1, max-image-preview:large, max-video-preview:-1\" \/>\n<link rel=\"canonical\" href=\"https:\/\/yithsu.com\/es\/producto\/pp9-fitness-focus-pads\/\" \/>\n<meta property=\"og:locale\" content=\"es_ES\" \/>\n<meta property=\"og:type\" content=\"article\" \/>\n<meta property=\"og:title\" content=\"Almohadillas Fitness Focus - Piel - Yithsu\" \/>\n<meta property=\"og:description\" content=\"Imprescindible para cualquier entrenador (personal\/de p\u00e1del). Las almohadillas de fitness tienen un tama\u00f1o adecuado para poder atrapar tambi\u00e9n golpes de patada y pu\u00f1etazos. Peso ligero que permite al usuario utilizarlo durante mucho tiempo. Las almohadillas de fitness tambi\u00e9n son m\u00e1s suaves y tienen m\u00e1s amortiguaci\u00f3n que permite a un experimentado y tambi\u00e9n el inexperto, no [&hellip;]\" \/>\n<meta property=\"og:url\" content=\"https:\/\/yithsu.com\/es\/producto\/pp9-fitness-focus-pads\/\" \/>\n<meta property=\"og:site_name\" content=\"Yithsu\" \/>\n<meta property=\"article:publisher\" content=\"https:\/\/www.facebook.com\/yithsusports\" \/>\n<meta property=\"article:modified_time\" content=\"2025-11-04T21:45:47+00:00\" \/>\n<meta property=\"og:image\" content=\"https:\/\/yithsu.com\/wp-content\/uploads\/2024\/09\/Fitness-Focus-Pads.jpg\" \/>\n\t<meta property=\"og:image:width\" content=\"1250\" \/>\n\t<meta property=\"og:image:height\" content=\"1250\" \/>\n\t<meta property=\"og:image:type\" content=\"image\/jpeg\" \/>\n<meta name=\"twitter:card\" content=\"summary_large_image\" \/>\n<script type=\"application\/ld+json\" class=\"yoast-schema-graph\">{\"@context\":\"https:\\\/\\\/schema.org\",\"@graph\":[{\"@type\":\"WebPage\",\"@id\":\"https:\\\/\\\/yithsu.com\\\/es\\\/producto\\\/pp9-fitness-focus-pads\\\/\",\"url\":\"https:\\\/\\\/yithsu.com\\\/es\\\/producto\\\/pp9-fitness-focus-pads\\\/\",\"name\":\"Almohadillas Fitness Focus - Piel - Yithsu\",\"isPartOf\":{\"@id\":\"https:\\\/\\\/yithsu.com\\\/es\\\/#website\"},\"primaryImageOfPage\":{\"@id\":\"https:\\\/\\\/yithsu.com\\\/es\\\/producto\\\/pp9-fitness-focus-pads\\\/#primaryimage\"},\"image\":{\"@id\":\"https:\\\/\\\/yithsu.com\\\/es\\\/producto\\\/pp9-fitness-focus-pads\\\/#primaryimage\"},\"thumbnailUrl\":\"https:\\\/\\\/yithsu.com\\\/wp-content\\\/uploads\\\/2024\\\/09\\\/Fitness-Focus-Pads.jpg\",\"datePublished\":\"2023-10-06T18:06:32+00:00\",\"dateModified\":\"2025-11-04T21:45:47+00:00\",\"breadcrumb\":{\"@id\":\"https:\\\/\\\/yithsu.com\\\/es\\\/producto\\\/pp9-fitness-focus-pads\\\/#breadcrumb\"},\"inLanguage\":\"es\",\"potentialAction\":[{\"@type\":\"ReadAction\",\"target\":[\"https:\\\/\\\/yithsu.com\\\/es\\\/producto\\\/pp9-fitness-focus-pads\\\/\"]}]},{\"@type\":\"ImageObject\",\"inLanguage\":\"es\",\"@id\":\"https:\\\/\\\/yithsu.com\\\/es\\\/producto\\\/pp9-fitness-focus-pads\\\/#primaryimage\",\"url\":\"https:\\\/\\\/yithsu.com\\\/wp-content\\\/uploads\\\/2024\\\/09\\\/Fitness-Focus-Pads.jpg\",\"contentUrl\":\"https:\\\/\\\/yithsu.com\\\/wp-content\\\/uploads\\\/2024\\\/09\\\/Fitness-Focus-Pads.jpg\",\"width\":1250,\"height\":1250},{\"@type\":\"BreadcrumbList\",\"@id\":\"https:\\\/\\\/yithsu.com\\\/es\\\/producto\\\/pp9-fitness-focus-pads\\\/#breadcrumb\",\"itemListElement\":[{\"@type\":\"ListItem\",\"position\":1,\"name\":\"In\u00edcio\",\"item\":\"https:\\\/\\\/yithsu.com\\\/es\\\/\"},{\"@type\":\"ListItem\",\"position\":2,\"name\":\"Tienda\",\"item\":\"https:\\\/\\\/yithsu.com\\\/es\\\/tienda\\\/\"},{\"@type\":\"ListItem\",\"position\":3,\"name\":\"Almohadillas Fitness Focus &#8211; Piel\"}]},{\"@type\":\"WebSite\",\"@id\":\"https:\\\/\\\/yithsu.com\\\/es\\\/#website\",\"url\":\"https:\\\/\\\/yithsu.com\\\/es\\\/\",\"name\":\"Yithsu Premium Fight Gear\",\"description\":\"Premium Fight Gear\",\"publisher\":{\"@id\":\"https:\\\/\\\/yithsu.com\\\/es\\\/#organization\"},\"potentialAction\":[{\"@type\":\"SearchAction\",\"target\":{\"@type\":\"EntryPoint\",\"urlTemplate\":\"https:\\\/\\\/yithsu.com\\\/es\\\/?s={search_term_string}\"},\"query-input\":{\"@type\":\"PropertyValueSpecification\",\"valueRequired\":true,\"valueName\":\"search_term_string\"}}],\"inLanguage\":\"es\"},{\"@type\":\"Organization\",\"@id\":\"https:\\\/\\\/yithsu.com\\\/es\\\/#organization\",\"name\":\"Yithsu Equipamento de Luta Premium\",\"url\":\"https:\\\/\\\/yithsu.com\\\/es\\\/\",\"logo\":{\"@type\":\"ImageObject\",\"inLanguage\":\"es\",\"@id\":\"https:\\\/\\\/yithsu.com\\\/es\\\/#\\\/schema\\\/logo\\\/image\\\/\",\"url\":\"https:\\\/\\\/yithsu.com\\\/wp-content\\\/uploads\\\/2024\\\/04\\\/Yithsu_Logo-staand_Black.svg\",\"contentUrl\":\"https:\\\/\\\/yithsu.com\\\/wp-content\\\/uploads\\\/2024\\\/04\\\/Yithsu_Logo-staand_Black.svg\",\"width\":\"1024\",\"height\":\"1024\",\"caption\":\"Yithsu Equipamento de Luta Premium\"},\"image\":{\"@id\":\"https:\\\/\\\/yithsu.com\\\/es\\\/#\\\/schema\\\/logo\\\/image\\\/\"},\"sameAs\":[\"https:\\\/\\\/www.facebook.com\\\/yithsusports\",\"https:\\\/\\\/www.instagram.com\\\/yithsusports\"]}]}<\/script>\n<!-- \/ Yoast SEO plugin. -->","yoast_head_json":{"title":"Almohadillas Fitness Focus - Piel - Yithsu","robots":{"index":"index","follow":"follow","max-snippet":"max-snippet:-1","max-image-preview":"max-image-preview:large","max-video-preview":"max-video-preview:-1"},"canonical":"https:\/\/yithsu.com\/es\/producto\/pp9-fitness-focus-pads\/","og_locale":"es_ES","og_type":"article","og_title":"Almohadillas Fitness Focus - Piel - Yithsu","og_description":"Imprescindible para cualquier entrenador (personal\/de p\u00e1del). Las almohadillas de fitness tienen un tama\u00f1o adecuado para poder atrapar tambi\u00e9n golpes de patada y pu\u00f1etazos. Peso ligero que permite al usuario utilizarlo durante mucho tiempo. Las almohadillas de fitness tambi\u00e9n son m\u00e1s suaves y tienen m\u00e1s amortiguaci\u00f3n que permite a un experimentado y tambi\u00e9n el inexperto, no [&hellip;]","og_url":"https:\/\/yithsu.com\/es\/producto\/pp9-fitness-focus-pads\/","og_site_name":"Yithsu","article_publisher":"https:\/\/www.facebook.com\/yithsusports","article_modified_time":"2025-11-04T21:45:47+00:00","og_image":[{"width":1250,"height":1250,"url":"https:\/\/yithsu.com\/wp-content\/uploads\/2024\/09\/Fitness-Focus-Pads.jpg","type":"image\/jpeg"}],"twitter_card":"summary_large_image","schema":{"@context":"https:\/\/schema.org","@graph":[{"@type":"WebPage","@id":"https:\/\/yithsu.com\/es\/producto\/pp9-fitness-focus-pads\/","url":"https:\/\/yithsu.com\/es\/producto\/pp9-fitness-focus-pads\/","name":"Almohadillas Fitness Focus - Piel - Yithsu","isPartOf":{"@id":"https:\/\/yithsu.com\/es\/#website"},"primaryImageOfPage":{"@id":"https:\/\/yithsu.com\/es\/producto\/pp9-fitness-focus-pads\/#primaryimage"},"image":{"@id":"https:\/\/yithsu.com\/es\/producto\/pp9-fitness-focus-pads\/#primaryimage"},"thumbnailUrl":"https:\/\/yithsu.com\/wp-content\/uploads\/2024\/09\/Fitness-Focus-Pads.jpg","datePublished":"2023-10-06T18:06:32+00:00","dateModified":"2025-11-04T21:45:47+00:00","breadcrumb":{"@id":"https:\/\/yithsu.com\/es\/producto\/pp9-fitness-focus-pads\/#breadcrumb"},"inLanguage":"es","potentialAction":[{"@type":"ReadAction","target":["https:\/\/yithsu.com\/es\/producto\/pp9-fitness-focus-pads\/"]}]},{"@type":"ImageObject","inLanguage":"es","@id":"https:\/\/yithsu.com\/es\/producto\/pp9-fitness-focus-pads\/#primaryimage","url":"https:\/\/yithsu.com\/wp-content\/uploads\/2024\/09\/Fitness-Focus-Pads.jpg","contentUrl":"https:\/\/yithsu.com\/wp-content\/uploads\/2024\/09\/Fitness-Focus-Pads.jpg","width":1250,"height":1250},{"@type":"BreadcrumbList","@id":"https:\/\/yithsu.com\/es\/producto\/pp9-fitness-focus-pads\/#breadcrumb","itemListElement":[{"@type":"ListItem","position":1,"name":"In\u00edcio","item":"https:\/\/yithsu.com\/es\/"},{"@type":"ListItem","position":2,"name":"Tienda","item":"https:\/\/yithsu.com\/es\/tienda\/"},{"@type":"ListItem","position":3,"name":"Almohadillas Fitness Focus &#8211; Piel"}]},{"@type":"WebSite","@id":"https:\/\/yithsu.com\/es\/#website","url":"https:\/\/yithsu.com\/es\/","name":"Yithsu Premium Fight Gear","description":"Premium Fight Gear","publisher":{"@id":"https:\/\/yithsu.com\/es\/#organization"},"potentialAction":[{"@type":"SearchAction","target":{"@type":"EntryPoint","urlTemplate":"https:\/\/yithsu.com\/es\/?s={search_term_string}"},"query-input":{"@type":"PropertyValueSpecification","valueRequired":true,"valueName":"search_term_string"}}],"inLanguage":"es"},{"@type":"Organization","@id":"https:\/\/yithsu.com\/es\/#organization","name":"Yithsu Equipamento de Luta Premium","url":"https:\/\/yithsu.com\/es\/","logo":{"@type":"ImageObject","inLanguage":"es","@id":"https:\/\/yithsu.com\/es\/#\/schema\/logo\/image\/","url":"https:\/\/yithsu.com\/wp-content\/uploads\/2024\/04\/Yithsu_Logo-staand_Black.svg","contentUrl":"https:\/\/yithsu.com\/wp-content\/uploads\/2024\/04\/Yithsu_Logo-staand_Black.svg","width":"1024","height":"1024","caption":"Yithsu Equipamento de Luta Premium"},"image":{"@id":"https:\/\/yithsu.com\/es\/#\/schema\/logo\/image\/"},"sameAs":["https:\/\/www.facebook.com\/yithsusports","https:\/\/www.instagram.com\/yithsusports"]}]}},"_links":{"self":[{"href":"https:\/\/yithsu.com\/es\/wp-json\/wp\/v2\/product\/3984","targetHints":{"allow":["GET"]}}],"collection":[{"href":"https:\/\/yithsu.com\/es\/wp-json\/wp\/v2\/product"}],"about":[{"href":"https:\/\/yithsu.com\/es\/wp-json\/wp\/v2\/types\/product"}],"wp:featuredmedia":[{"embeddable":true,"href":"https:\/\/yithsu.com\/es\/wp-json\/wp\/v2\/media\/7030"}],"wp:attachment":[{"href":"https:\/\/yithsu.com\/es\/wp-json\/wp\/v2\/media?parent=3984"}],"wp:term":[{"taxonomy":"product_brand","embeddable":true,"href":"https:\/\/yithsu.com\/es\/wp-json\/wp\/v2\/product_brand?post=3984"},{"taxonomy":"product_cat","embeddable":true,"href":"https:\/\/yithsu.com\/es\/wp-json\/wp\/v2\/product_cat?post=3984"},{"taxonomy":"product_tag","embeddable":true,"href":"https:\/\/yithsu.com\/es\/wp-json\/wp\/v2\/product_tag?post=3984"}],"curies":[{"name":"wp","href":"https:\/\/api.w.org\/{rel}","templated":true}]}}