{"id":4119,"date":"2023-10-06T18:06:41","date_gmt":"2023-10-06T21:06:41","guid":{"rendered":"https:\/\/yithsu.com\/product\/espinilleras-step-in-negras\/"},"modified":"2025-05-14T16:38:23","modified_gmt":"2025-05-14T19:38:23","slug":"step-in-shin-guards-negro","status":"publish","type":"product","link":"https:\/\/yithsu.com\/es\/producto\/step-in-shin-guards-negro\/","title":{"rendered":"Espinilleras Step-in &#8211; Negras"},"content":{"rendered":"<p><meta charset=\"utf-8\"><\/p>\n<p>El modelo de espinillera escalonada de f\u00e1cil ajuste es adecuado para j\u00f3venes y mayores. Est\u00e1 fabricado con material el\u00e1stico y un acolchado resistente. Este modelo de espinillera se utiliza sobre todo para las personas que entrenan en el saco de boxeo.<\/p>\n<p>Este modelo de media tambi\u00e9n se lleva debajo de otras espinilleras cuando se necesita una protecci\u00f3n adicional.<\/p>\n","protected":false},"excerpt":{"rendered":"<p>El modelo de espinillera escalonada de f\u00e1cil ajuste es adecuado para j\u00f3venes y mayores. Est\u00e1 fabricado con material el\u00e1stico y un acolchado resistente. Este modelo de espinillera se utiliza sobre todo para las personas que entrenan en el saco de boxeo. Este modelo de media tambi\u00e9n se lleva debajo de otras espinilleras cuando se necesita [&hellip;]<\/p>\n","protected":false},"featured_media":7845,"template":"","meta":{"inline_featured_image":false},"product_brand":[],"product_cat":[263,310,311,837,258],"product_tag":[432,791,315,448,450,454,452,456,326,304,305,306,440,443,307,314,338,367,346,368,382,446,790,344,792,457,528],"class_list":{"0":"post-4119","1":"product","2":"type-product","3":"status-publish","4":"has-post-thumbnail","6":"product_cat-catalogo-windy-fight-gear","7":"product_cat-equipamiento","8":"product_cat-equipo-de-proteccion","9":"product_cat-proteccion-para-los-combatientes","10":"product_cat-todos-los-productos","11":"product_tag-algodon","12":"product_tag-calcetin","13":"product_tag-equipamiento","14":"product_tag-espinilla","15":"product_tag-espinillera","16":"product_tag-espinilleras-es","17":"product_tag-espinilleras","18":"product_tag-espinilleras-es-2","19":"product_tag-formacion","20":"product_tag-k-1-es","21":"product_tag-k1-es","22":"product_tag-kickboxing-es","23":"product_tag-l-es","24":"product_tag-m-es","25":"product_tag-muay-thai-es","26":"product_tag-negro","27":"product_tag-pop-up-es","28":"product_tag-proteccion","29":"product_tag-protector-es","30":"product_tag-protector-es-2","31":"product_tag-proteger","32":"product_tag-s-es","33":"product_tag-shinsock-es","34":"product_tag-venta-de-verano","35":"product_tag-wsc3-es","36":"product_tag-xl-es","37":"product_tag-xs-es","39":"first","40":"instock","41":"taxable","42":"shipping-taxable","43":"purchasable","44":"product-type-variable"},"yoast_head":"<!-- This site is optimized with the Yoast SEO plugin v27.4 - https:\/\/yoast.com\/product\/yoast-seo-wordpress\/ -->\n<title>Espinilleras Step-in - Negras - Yithsu<\/title>\n<meta name=\"robots\" content=\"index, follow, max-snippet:-1, max-image-preview:large, max-video-preview:-1\" \/>\n<link rel=\"canonical\" href=\"https:\/\/yithsu.com\/es\/producto\/step-in-shin-guards-negro\/\" \/>\n<meta property=\"og:locale\" content=\"es_ES\" \/>\n<meta property=\"og:type\" content=\"article\" \/>\n<meta property=\"og:title\" content=\"Espinilleras Step-in - Negras - Yithsu\" \/>\n<meta property=\"og:description\" content=\"El modelo de espinillera escalonada de f\u00e1cil ajuste es adecuado para j\u00f3venes y mayores. Est\u00e1 fabricado con material el\u00e1stico y un acolchado resistente. Este modelo de espinillera se utiliza sobre todo para las personas que entrenan en el saco de boxeo. Este modelo de media tambi\u00e9n se lleva debajo de otras espinilleras cuando se necesita [&hellip;]\" \/>\n<meta property=\"og:url\" content=\"https:\/\/yithsu.com\/es\/producto\/step-in-shin-guards-negro\/\" \/>\n<meta property=\"og:site_name\" content=\"Yithsu\" \/>\n<meta property=\"article:publisher\" content=\"https:\/\/www.facebook.com\/yithsusports\" \/>\n<meta property=\"article:modified_time\" content=\"2025-05-14T19:38:23+00:00\" \/>\n<meta property=\"og:image\" content=\"https:\/\/yithsu.com\/wp-content\/uploads\/2024\/09\/Step-in-Shin-Guards-Black.png\" \/>\n\t<meta property=\"og:image:width\" content=\"1000\" \/>\n\t<meta property=\"og:image:height\" content=\"1000\" \/>\n\t<meta property=\"og:image:type\" content=\"image\/png\" \/>\n<meta name=\"twitter:card\" content=\"summary_large_image\" \/>\n<script type=\"application\/ld+json\" class=\"yoast-schema-graph\">{\"@context\":\"https:\\\/\\\/schema.org\",\"@graph\":[{\"@type\":\"WebPage\",\"@id\":\"https:\\\/\\\/yithsu.com\\\/es\\\/producto\\\/step-in-shin-guards-negro\\\/\",\"url\":\"https:\\\/\\\/yithsu.com\\\/es\\\/producto\\\/step-in-shin-guards-negro\\\/\",\"name\":\"Espinilleras Step-in - Negras - Yithsu\",\"isPartOf\":{\"@id\":\"https:\\\/\\\/yithsu.com\\\/es\\\/#website\"},\"primaryImageOfPage\":{\"@id\":\"https:\\\/\\\/yithsu.com\\\/es\\\/producto\\\/step-in-shin-guards-negro\\\/#primaryimage\"},\"image\":{\"@id\":\"https:\\\/\\\/yithsu.com\\\/es\\\/producto\\\/step-in-shin-guards-negro\\\/#primaryimage\"},\"thumbnailUrl\":\"https:\\\/\\\/yithsu.com\\\/wp-content\\\/uploads\\\/2024\\\/09\\\/Step-in-Shin-Guards-Black.png\",\"datePublished\":\"2023-10-06T21:06:41+00:00\",\"dateModified\":\"2025-05-14T19:38:23+00:00\",\"breadcrumb\":{\"@id\":\"https:\\\/\\\/yithsu.com\\\/es\\\/producto\\\/step-in-shin-guards-negro\\\/#breadcrumb\"},\"inLanguage\":\"es\",\"potentialAction\":[{\"@type\":\"ReadAction\",\"target\":[\"https:\\\/\\\/yithsu.com\\\/es\\\/producto\\\/step-in-shin-guards-negro\\\/\"]}]},{\"@type\":\"ImageObject\",\"inLanguage\":\"es\",\"@id\":\"https:\\\/\\\/yithsu.com\\\/es\\\/producto\\\/step-in-shin-guards-negro\\\/#primaryimage\",\"url\":\"https:\\\/\\\/yithsu.com\\\/wp-content\\\/uploads\\\/2024\\\/09\\\/Step-in-Shin-Guards-Black.png\",\"contentUrl\":\"https:\\\/\\\/yithsu.com\\\/wp-content\\\/uploads\\\/2024\\\/09\\\/Step-in-Shin-Guards-Black.png\",\"width\":1000,\"height\":1000},{\"@type\":\"BreadcrumbList\",\"@id\":\"https:\\\/\\\/yithsu.com\\\/es\\\/producto\\\/step-in-shin-guards-negro\\\/#breadcrumb\",\"itemListElement\":[{\"@type\":\"ListItem\",\"position\":1,\"name\":\"In\u00edcio\",\"item\":\"https:\\\/\\\/yithsu.com\\\/es\\\/\"},{\"@type\":\"ListItem\",\"position\":2,\"name\":\"Tienda\",\"item\":\"https:\\\/\\\/yithsu.com\\\/es\\\/tienda\\\/\"},{\"@type\":\"ListItem\",\"position\":3,\"name\":\"Espinilleras Step-in &#8211; Negras\"}]},{\"@type\":\"WebSite\",\"@id\":\"https:\\\/\\\/yithsu.com\\\/es\\\/#website\",\"url\":\"https:\\\/\\\/yithsu.com\\\/es\\\/\",\"name\":\"Yithsu Premium Fight Gear\",\"description\":\"Premium Fight Gear\",\"publisher\":{\"@id\":\"https:\\\/\\\/yithsu.com\\\/es\\\/#organization\"},\"potentialAction\":[{\"@type\":\"SearchAction\",\"target\":{\"@type\":\"EntryPoint\",\"urlTemplate\":\"https:\\\/\\\/yithsu.com\\\/es\\\/?s={search_term_string}\"},\"query-input\":{\"@type\":\"PropertyValueSpecification\",\"valueRequired\":true,\"valueName\":\"search_term_string\"}}],\"inLanguage\":\"es\"},{\"@type\":\"Organization\",\"@id\":\"https:\\\/\\\/yithsu.com\\\/es\\\/#organization\",\"name\":\"Yithsu Equipamento de Luta Premium\",\"url\":\"https:\\\/\\\/yithsu.com\\\/es\\\/\",\"logo\":{\"@type\":\"ImageObject\",\"inLanguage\":\"es\",\"@id\":\"https:\\\/\\\/yithsu.com\\\/es\\\/#\\\/schema\\\/logo\\\/image\\\/\",\"url\":\"https:\\\/\\\/yithsu.com\\\/wp-content\\\/uploads\\\/2024\\\/04\\\/Yithsu_Logo-staand_Black.svg\",\"contentUrl\":\"https:\\\/\\\/yithsu.com\\\/wp-content\\\/uploads\\\/2024\\\/04\\\/Yithsu_Logo-staand_Black.svg\",\"width\":\"1024\",\"height\":\"1024\",\"caption\":\"Yithsu Equipamento de Luta Premium\"},\"image\":{\"@id\":\"https:\\\/\\\/yithsu.com\\\/es\\\/#\\\/schema\\\/logo\\\/image\\\/\"},\"sameAs\":[\"https:\\\/\\\/www.facebook.com\\\/yithsusports\",\"https:\\\/\\\/www.instagram.com\\\/yithsusports\"]}]}<\/script>\n<!-- \/ Yoast SEO plugin. -->","yoast_head_json":{"title":"Espinilleras Step-in - Negras - Yithsu","robots":{"index":"index","follow":"follow","max-snippet":"max-snippet:-1","max-image-preview":"max-image-preview:large","max-video-preview":"max-video-preview:-1"},"canonical":"https:\/\/yithsu.com\/es\/producto\/step-in-shin-guards-negro\/","og_locale":"es_ES","og_type":"article","og_title":"Espinilleras Step-in - Negras - Yithsu","og_description":"El modelo de espinillera escalonada de f\u00e1cil ajuste es adecuado para j\u00f3venes y mayores. Est\u00e1 fabricado con material el\u00e1stico y un acolchado resistente. Este modelo de espinillera se utiliza sobre todo para las personas que entrenan en el saco de boxeo. Este modelo de media tambi\u00e9n se lleva debajo de otras espinilleras cuando se necesita [&hellip;]","og_url":"https:\/\/yithsu.com\/es\/producto\/step-in-shin-guards-negro\/","og_site_name":"Yithsu","article_publisher":"https:\/\/www.facebook.com\/yithsusports","article_modified_time":"2025-05-14T19:38:23+00:00","og_image":[{"width":1000,"height":1000,"url":"https:\/\/yithsu.com\/wp-content\/uploads\/2024\/09\/Step-in-Shin-Guards-Black.png","type":"image\/png"}],"twitter_card":"summary_large_image","schema":{"@context":"https:\/\/schema.org","@graph":[{"@type":"WebPage","@id":"https:\/\/yithsu.com\/es\/producto\/step-in-shin-guards-negro\/","url":"https:\/\/yithsu.com\/es\/producto\/step-in-shin-guards-negro\/","name":"Espinilleras Step-in - Negras - Yithsu","isPartOf":{"@id":"https:\/\/yithsu.com\/es\/#website"},"primaryImageOfPage":{"@id":"https:\/\/yithsu.com\/es\/producto\/step-in-shin-guards-negro\/#primaryimage"},"image":{"@id":"https:\/\/yithsu.com\/es\/producto\/step-in-shin-guards-negro\/#primaryimage"},"thumbnailUrl":"https:\/\/yithsu.com\/wp-content\/uploads\/2024\/09\/Step-in-Shin-Guards-Black.png","datePublished":"2023-10-06T21:06:41+00:00","dateModified":"2025-05-14T19:38:23+00:00","breadcrumb":{"@id":"https:\/\/yithsu.com\/es\/producto\/step-in-shin-guards-negro\/#breadcrumb"},"inLanguage":"es","potentialAction":[{"@type":"ReadAction","target":["https:\/\/yithsu.com\/es\/producto\/step-in-shin-guards-negro\/"]}]},{"@type":"ImageObject","inLanguage":"es","@id":"https:\/\/yithsu.com\/es\/producto\/step-in-shin-guards-negro\/#primaryimage","url":"https:\/\/yithsu.com\/wp-content\/uploads\/2024\/09\/Step-in-Shin-Guards-Black.png","contentUrl":"https:\/\/yithsu.com\/wp-content\/uploads\/2024\/09\/Step-in-Shin-Guards-Black.png","width":1000,"height":1000},{"@type":"BreadcrumbList","@id":"https:\/\/yithsu.com\/es\/producto\/step-in-shin-guards-negro\/#breadcrumb","itemListElement":[{"@type":"ListItem","position":1,"name":"In\u00edcio","item":"https:\/\/yithsu.com\/es\/"},{"@type":"ListItem","position":2,"name":"Tienda","item":"https:\/\/yithsu.com\/es\/tienda\/"},{"@type":"ListItem","position":3,"name":"Espinilleras Step-in &#8211; Negras"}]},{"@type":"WebSite","@id":"https:\/\/yithsu.com\/es\/#website","url":"https:\/\/yithsu.com\/es\/","name":"Yithsu Premium Fight Gear","description":"Premium Fight Gear","publisher":{"@id":"https:\/\/yithsu.com\/es\/#organization"},"potentialAction":[{"@type":"SearchAction","target":{"@type":"EntryPoint","urlTemplate":"https:\/\/yithsu.com\/es\/?s={search_term_string}"},"query-input":{"@type":"PropertyValueSpecification","valueRequired":true,"valueName":"search_term_string"}}],"inLanguage":"es"},{"@type":"Organization","@id":"https:\/\/yithsu.com\/es\/#organization","name":"Yithsu Equipamento de Luta Premium","url":"https:\/\/yithsu.com\/es\/","logo":{"@type":"ImageObject","inLanguage":"es","@id":"https:\/\/yithsu.com\/es\/#\/schema\/logo\/image\/","url":"https:\/\/yithsu.com\/wp-content\/uploads\/2024\/04\/Yithsu_Logo-staand_Black.svg","contentUrl":"https:\/\/yithsu.com\/wp-content\/uploads\/2024\/04\/Yithsu_Logo-staand_Black.svg","width":"1024","height":"1024","caption":"Yithsu Equipamento de Luta Premium"},"image":{"@id":"https:\/\/yithsu.com\/es\/#\/schema\/logo\/image\/"},"sameAs":["https:\/\/www.facebook.com\/yithsusports","https:\/\/www.instagram.com\/yithsusports"]}]}},"_links":{"self":[{"href":"https:\/\/yithsu.com\/es\/wp-json\/wp\/v2\/product\/4119","targetHints":{"allow":["GET"]}}],"collection":[{"href":"https:\/\/yithsu.com\/es\/wp-json\/wp\/v2\/product"}],"about":[{"href":"https:\/\/yithsu.com\/es\/wp-json\/wp\/v2\/types\/product"}],"wp:featuredmedia":[{"embeddable":true,"href":"https:\/\/yithsu.com\/es\/wp-json\/wp\/v2\/media\/7845"}],"wp:attachment":[{"href":"https:\/\/yithsu.com\/es\/wp-json\/wp\/v2\/media?parent=4119"}],"wp:term":[{"taxonomy":"product_brand","embeddable":true,"href":"https:\/\/yithsu.com\/es\/wp-json\/wp\/v2\/product_brand?post=4119"},{"taxonomy":"product_cat","embeddable":true,"href":"https:\/\/yithsu.com\/es\/wp-json\/wp\/v2\/product_cat?post=4119"},{"taxonomy":"product_tag","embeddable":true,"href":"https:\/\/yithsu.com\/es\/wp-json\/wp\/v2\/product_tag?post=4119"}],"curies":[{"name":"wp","href":"https:\/\/api.w.org\/{rel}","templated":true}]}}