{"id":4245,"date":"2023-10-06T18:06:41","date_gmt":"2023-10-06T21:06:41","guid":{"rendered":"https:\/\/yithsu.com\/product\/manoplas-focus-estandar\/"},"modified":"2025-05-14T16:42:19","modified_gmt":"2025-05-14T19:42:19","slug":"standard-focus-mitts","status":"publish","type":"product","link":"https:\/\/yithsu.com\/es\/producto\/standard-focus-mitts\/","title":{"rendered":"Manoplas Focus est\u00e1ndar"},"content":{"rendered":"<p>Las manoplas Windy PP10 (Standard) Focus.<\/p>\n<p>Adecuado para; Entrenadores\/Entrenadores  <\/p>\n<p>Piel de b\u00fafalo de la mejor calidad &#8211; Almohadillas de piel para las manos con una ligera curva para absorber los golpes potentes &#8211; Tacto ligero con cierre de velcro para un ajuste seguro y comodidad &#8211; Doble costura para una mayor duraci\u00f3n &#8211; <span data-mce-fragment=\"1\">Bien acolchado para proporcionar protecci\u00f3n al entrenador y al luchador<\/span><span> <\/span>&#8211; F\u00e1cil de limpiar y secar.<\/p>\n<p><span>Debido al tama\u00f1o de estas almohadillas, se recomienda para ser utilizado para la pr\u00e1ctica de pu\u00f1etazos, es la almohadilla de tama\u00f1o medio de la serie Focus mitts y cae entre el PP5 y PP12.  <\/span><\/p>\n<p><span>Es la almohadilla perfecta para que los entrenadores mejoren el rendimiento t\u00e9cnico de su equipo y no se lesionen.<\/span><\/p>\n<p>Probados y homologados tanto en Tailandia como en Europa y cumplen todos los requisitos europeos de seguridad. Hecho a mano en Bangkok &#8211; Tailandia<\/p><\/p>\n","protected":false},"excerpt":{"rendered":"<p>Las manoplas Windy PP10 (Standard) Focus. Adecuado para; Entrenadores\/Entrenadores Piel de b\u00fafalo de la mejor calidad &#8211; Almohadillas de piel para las manos con una ligera curva para absorber los golpes potentes &#8211; Tacto ligero con cierre de velcro para un ajuste seguro y comodidad &#8211; Doble costura para una mayor duraci\u00f3n &#8211; Bien acolchado [&hellip;]<\/p>\n","protected":false},"featured_media":7830,"template":"","meta":{"inline_featured_image":false},"product_brand":[],"product_cat":[495,263,310,515,258],"product_tag":[535,445,498,334,337,518,315,326,304,305,306,443,500,533,534,519,307,314,344],"class_list":{"0":"post-4245","1":"product","2":"type-product","3":"status-publish","4":"has-post-thumbnail","6":"product_cat-bolsas-y-almohadillas","7":"product_cat-catalogo-windy-fight-gear","8":"product_cat-equipamiento","9":"product_cat-mitones-focus","10":"product_cat-todos-los-productos","11":"product_tag-agilidad","12":"product_tag-almohadilla","13":"product_tag-almohadillas","14":"product_tag-boxeo","15":"product_tag-cuero","16":"product_tag-enfoque","17":"product_tag-equipamiento","18":"product_tag-formacion","19":"product_tag-k-1-es","20":"product_tag-k1-es","21":"product_tag-kickboxing-es","22":"product_tag-m-es","23":"product_tag-manoplas","24":"product_tag-manoplas-es","25":"product_tag-manoplas-de-viento","26":"product_tag-manoplas-focus","27":"product_tag-muay-thai-es","28":"product_tag-negro","29":"product_tag-venta-de-verano","31":"first","32":"instock","33":"taxable","34":"shipping-taxable","35":"purchasable","36":"product-type-variable"},"yoast_head":"<!-- This site is optimized with the Yoast SEO plugin v27.4 - https:\/\/yoast.com\/product\/yoast-seo-wordpress\/ -->\n<title>Manoplas Focus est\u00e1ndar - Yithsu<\/title>\n<meta name=\"robots\" content=\"index, follow, max-snippet:-1, max-image-preview:large, max-video-preview:-1\" \/>\n<link rel=\"canonical\" href=\"https:\/\/yithsu.com\/es\/producto\/standard-focus-mitts\/\" \/>\n<meta property=\"og:locale\" content=\"es_ES\" \/>\n<meta property=\"og:type\" content=\"article\" \/>\n<meta property=\"og:title\" content=\"Manoplas Focus est\u00e1ndar - Yithsu\" \/>\n<meta property=\"og:description\" content=\"Las manoplas Windy PP10 (Standard) Focus. Adecuado para; Entrenadores\/Entrenadores Piel de b\u00fafalo de la mejor calidad &#8211; Almohadillas de piel para las manos con una ligera curva para absorber los golpes potentes &#8211; Tacto ligero con cierre de velcro para un ajuste seguro y comodidad &#8211; Doble costura para una mayor duraci\u00f3n &#8211; Bien acolchado [&hellip;]\" \/>\n<meta property=\"og:url\" content=\"https:\/\/yithsu.com\/es\/producto\/standard-focus-mitts\/\" \/>\n<meta property=\"og:site_name\" content=\"Yithsu\" \/>\n<meta property=\"article:publisher\" content=\"https:\/\/www.facebook.com\/yithsusports\" \/>\n<meta property=\"article:modified_time\" content=\"2025-05-14T19:42:19+00:00\" \/>\n<meta property=\"og:image\" content=\"https:\/\/yithsu.com\/wp-content\/uploads\/2024\/09\/Standard-Focus-Mitts.jpg\" \/>\n\t<meta property=\"og:image:width\" content=\"1080\" \/>\n\t<meta property=\"og:image:height\" content=\"1080\" \/>\n\t<meta property=\"og:image:type\" content=\"image\/jpeg\" \/>\n<meta name=\"twitter:card\" content=\"summary_large_image\" \/>\n<meta name=\"twitter:label1\" content=\"Tiempo de lectura\" \/>\n\t<meta name=\"twitter:data1\" content=\"1 minuto\" \/>\n<script type=\"application\/ld+json\" class=\"yoast-schema-graph\">{\"@context\":\"https:\\\/\\\/schema.org\",\"@graph\":[{\"@type\":\"WebPage\",\"@id\":\"https:\\\/\\\/yithsu.com\\\/es\\\/producto\\\/standard-focus-mitts\\\/\",\"url\":\"https:\\\/\\\/yithsu.com\\\/es\\\/producto\\\/standard-focus-mitts\\\/\",\"name\":\"Manoplas Focus est\u00e1ndar - Yithsu\",\"isPartOf\":{\"@id\":\"https:\\\/\\\/yithsu.com\\\/es\\\/#website\"},\"primaryImageOfPage\":{\"@id\":\"https:\\\/\\\/yithsu.com\\\/es\\\/producto\\\/standard-focus-mitts\\\/#primaryimage\"},\"image\":{\"@id\":\"https:\\\/\\\/yithsu.com\\\/es\\\/producto\\\/standard-focus-mitts\\\/#primaryimage\"},\"thumbnailUrl\":\"https:\\\/\\\/yithsu.com\\\/wp-content\\\/uploads\\\/2024\\\/09\\\/Standard-Focus-Mitts.jpg\",\"datePublished\":\"2023-10-06T21:06:41+00:00\",\"dateModified\":\"2025-05-14T19:42:19+00:00\",\"breadcrumb\":{\"@id\":\"https:\\\/\\\/yithsu.com\\\/es\\\/producto\\\/standard-focus-mitts\\\/#breadcrumb\"},\"inLanguage\":\"es\",\"potentialAction\":[{\"@type\":\"ReadAction\",\"target\":[\"https:\\\/\\\/yithsu.com\\\/es\\\/producto\\\/standard-focus-mitts\\\/\"]}]},{\"@type\":\"ImageObject\",\"inLanguage\":\"es\",\"@id\":\"https:\\\/\\\/yithsu.com\\\/es\\\/producto\\\/standard-focus-mitts\\\/#primaryimage\",\"url\":\"https:\\\/\\\/yithsu.com\\\/wp-content\\\/uploads\\\/2024\\\/09\\\/Standard-Focus-Mitts.jpg\",\"contentUrl\":\"https:\\\/\\\/yithsu.com\\\/wp-content\\\/uploads\\\/2024\\\/09\\\/Standard-Focus-Mitts.jpg\",\"width\":1080,\"height\":1080},{\"@type\":\"BreadcrumbList\",\"@id\":\"https:\\\/\\\/yithsu.com\\\/es\\\/producto\\\/standard-focus-mitts\\\/#breadcrumb\",\"itemListElement\":[{\"@type\":\"ListItem\",\"position\":1,\"name\":\"In\u00edcio\",\"item\":\"https:\\\/\\\/yithsu.com\\\/es\\\/\"},{\"@type\":\"ListItem\",\"position\":2,\"name\":\"Tienda\",\"item\":\"https:\\\/\\\/yithsu.com\\\/es\\\/tienda\\\/\"},{\"@type\":\"ListItem\",\"position\":3,\"name\":\"Manoplas Focus est\u00e1ndar\"}]},{\"@type\":\"WebSite\",\"@id\":\"https:\\\/\\\/yithsu.com\\\/es\\\/#website\",\"url\":\"https:\\\/\\\/yithsu.com\\\/es\\\/\",\"name\":\"Yithsu Premium Fight Gear\",\"description\":\"Premium Fight Gear\",\"publisher\":{\"@id\":\"https:\\\/\\\/yithsu.com\\\/es\\\/#organization\"},\"potentialAction\":[{\"@type\":\"SearchAction\",\"target\":{\"@type\":\"EntryPoint\",\"urlTemplate\":\"https:\\\/\\\/yithsu.com\\\/es\\\/?s={search_term_string}\"},\"query-input\":{\"@type\":\"PropertyValueSpecification\",\"valueRequired\":true,\"valueName\":\"search_term_string\"}}],\"inLanguage\":\"es\"},{\"@type\":\"Organization\",\"@id\":\"https:\\\/\\\/yithsu.com\\\/es\\\/#organization\",\"name\":\"Yithsu Equipamento de Luta Premium\",\"url\":\"https:\\\/\\\/yithsu.com\\\/es\\\/\",\"logo\":{\"@type\":\"ImageObject\",\"inLanguage\":\"es\",\"@id\":\"https:\\\/\\\/yithsu.com\\\/es\\\/#\\\/schema\\\/logo\\\/image\\\/\",\"url\":\"https:\\\/\\\/yithsu.com\\\/wp-content\\\/uploads\\\/2024\\\/04\\\/Yithsu_Logo-staand_Black.svg\",\"contentUrl\":\"https:\\\/\\\/yithsu.com\\\/wp-content\\\/uploads\\\/2024\\\/04\\\/Yithsu_Logo-staand_Black.svg\",\"width\":\"1024\",\"height\":\"1024\",\"caption\":\"Yithsu Equipamento de Luta Premium\"},\"image\":{\"@id\":\"https:\\\/\\\/yithsu.com\\\/es\\\/#\\\/schema\\\/logo\\\/image\\\/\"},\"sameAs\":[\"https:\\\/\\\/www.facebook.com\\\/yithsusports\",\"https:\\\/\\\/www.instagram.com\\\/yithsusports\"]}]}<\/script>\n<!-- \/ Yoast SEO plugin. -->","yoast_head_json":{"title":"Manoplas Focus est\u00e1ndar - Yithsu","robots":{"index":"index","follow":"follow","max-snippet":"max-snippet:-1","max-image-preview":"max-image-preview:large","max-video-preview":"max-video-preview:-1"},"canonical":"https:\/\/yithsu.com\/es\/producto\/standard-focus-mitts\/","og_locale":"es_ES","og_type":"article","og_title":"Manoplas Focus est\u00e1ndar - Yithsu","og_description":"Las manoplas Windy PP10 (Standard) Focus. Adecuado para; Entrenadores\/Entrenadores Piel de b\u00fafalo de la mejor calidad &#8211; Almohadillas de piel para las manos con una ligera curva para absorber los golpes potentes &#8211; Tacto ligero con cierre de velcro para un ajuste seguro y comodidad &#8211; Doble costura para una mayor duraci\u00f3n &#8211; Bien acolchado [&hellip;]","og_url":"https:\/\/yithsu.com\/es\/producto\/standard-focus-mitts\/","og_site_name":"Yithsu","article_publisher":"https:\/\/www.facebook.com\/yithsusports","article_modified_time":"2025-05-14T19:42:19+00:00","og_image":[{"width":1080,"height":1080,"url":"https:\/\/yithsu.com\/wp-content\/uploads\/2024\/09\/Standard-Focus-Mitts.jpg","type":"image\/jpeg"}],"twitter_card":"summary_large_image","twitter_misc":{"Tiempo de lectura":"1 minuto"},"schema":{"@context":"https:\/\/schema.org","@graph":[{"@type":"WebPage","@id":"https:\/\/yithsu.com\/es\/producto\/standard-focus-mitts\/","url":"https:\/\/yithsu.com\/es\/producto\/standard-focus-mitts\/","name":"Manoplas Focus est\u00e1ndar - Yithsu","isPartOf":{"@id":"https:\/\/yithsu.com\/es\/#website"},"primaryImageOfPage":{"@id":"https:\/\/yithsu.com\/es\/producto\/standard-focus-mitts\/#primaryimage"},"image":{"@id":"https:\/\/yithsu.com\/es\/producto\/standard-focus-mitts\/#primaryimage"},"thumbnailUrl":"https:\/\/yithsu.com\/wp-content\/uploads\/2024\/09\/Standard-Focus-Mitts.jpg","datePublished":"2023-10-06T21:06:41+00:00","dateModified":"2025-05-14T19:42:19+00:00","breadcrumb":{"@id":"https:\/\/yithsu.com\/es\/producto\/standard-focus-mitts\/#breadcrumb"},"inLanguage":"es","potentialAction":[{"@type":"ReadAction","target":["https:\/\/yithsu.com\/es\/producto\/standard-focus-mitts\/"]}]},{"@type":"ImageObject","inLanguage":"es","@id":"https:\/\/yithsu.com\/es\/producto\/standard-focus-mitts\/#primaryimage","url":"https:\/\/yithsu.com\/wp-content\/uploads\/2024\/09\/Standard-Focus-Mitts.jpg","contentUrl":"https:\/\/yithsu.com\/wp-content\/uploads\/2024\/09\/Standard-Focus-Mitts.jpg","width":1080,"height":1080},{"@type":"BreadcrumbList","@id":"https:\/\/yithsu.com\/es\/producto\/standard-focus-mitts\/#breadcrumb","itemListElement":[{"@type":"ListItem","position":1,"name":"In\u00edcio","item":"https:\/\/yithsu.com\/es\/"},{"@type":"ListItem","position":2,"name":"Tienda","item":"https:\/\/yithsu.com\/es\/tienda\/"},{"@type":"ListItem","position":3,"name":"Manoplas Focus est\u00e1ndar"}]},{"@type":"WebSite","@id":"https:\/\/yithsu.com\/es\/#website","url":"https:\/\/yithsu.com\/es\/","name":"Yithsu Premium Fight Gear","description":"Premium Fight Gear","publisher":{"@id":"https:\/\/yithsu.com\/es\/#organization"},"potentialAction":[{"@type":"SearchAction","target":{"@type":"EntryPoint","urlTemplate":"https:\/\/yithsu.com\/es\/?s={search_term_string}"},"query-input":{"@type":"PropertyValueSpecification","valueRequired":true,"valueName":"search_term_string"}}],"inLanguage":"es"},{"@type":"Organization","@id":"https:\/\/yithsu.com\/es\/#organization","name":"Yithsu Equipamento de Luta Premium","url":"https:\/\/yithsu.com\/es\/","logo":{"@type":"ImageObject","inLanguage":"es","@id":"https:\/\/yithsu.com\/es\/#\/schema\/logo\/image\/","url":"https:\/\/yithsu.com\/wp-content\/uploads\/2024\/04\/Yithsu_Logo-staand_Black.svg","contentUrl":"https:\/\/yithsu.com\/wp-content\/uploads\/2024\/04\/Yithsu_Logo-staand_Black.svg","width":"1024","height":"1024","caption":"Yithsu Equipamento de Luta Premium"},"image":{"@id":"https:\/\/yithsu.com\/es\/#\/schema\/logo\/image\/"},"sameAs":["https:\/\/www.facebook.com\/yithsusports","https:\/\/www.instagram.com\/yithsusports"]}]}},"_links":{"self":[{"href":"https:\/\/yithsu.com\/es\/wp-json\/wp\/v2\/product\/4245","targetHints":{"allow":["GET"]}}],"collection":[{"href":"https:\/\/yithsu.com\/es\/wp-json\/wp\/v2\/product"}],"about":[{"href":"https:\/\/yithsu.com\/es\/wp-json\/wp\/v2\/types\/product"}],"wp:featuredmedia":[{"embeddable":true,"href":"https:\/\/yithsu.com\/es\/wp-json\/wp\/v2\/media\/7830"}],"wp:attachment":[{"href":"https:\/\/yithsu.com\/es\/wp-json\/wp\/v2\/media?parent=4245"}],"wp:term":[{"taxonomy":"product_brand","embeddable":true,"href":"https:\/\/yithsu.com\/es\/wp-json\/wp\/v2\/product_brand?post=4245"},{"taxonomy":"product_cat","embeddable":true,"href":"https:\/\/yithsu.com\/es\/wp-json\/wp\/v2\/product_cat?post=4245"},{"taxonomy":"product_tag","embeddable":true,"href":"https:\/\/yithsu.com\/es\/wp-json\/wp\/v2\/product_tag?post=4245"}],"curies":[{"name":"wp","href":"https:\/\/api.w.org\/{rel}","templated":true}]}}