{"id":8414,"date":"2024-09-04T18:02:42","date_gmt":"2024-09-04T21:02:42","guid":{"rendered":"https:\/\/yithsu.com\/product\/espinillera-proline-gris\/"},"modified":"2025-05-13T19:30:18","modified_gmt":"2025-05-13T22:30:18","slug":"espinillera-proline-gris","status":"publish","type":"product","link":"https:\/\/yithsu.com\/es\/producto\/espinillera-proline-gris\/","title":{"rendered":"Espinillera Proline &#8211; Gris"},"content":{"rendered":"<p>Las nuevas espinilleras actualizadas<span> <\/span>Windy WSG-1.<\/p>\n<p>Microfibra ligera de la m\u00e1s alta calidad &#8211; C\u00f3modo acolchado en la capa interior y m\u00e1s duro en la exterior, comprimidos juntos para una gran absorci\u00f3n de los impactos. Velcro de m\u00e1xima calidad para un uso repetitivo &#8211; Doble costura en todas las superficies para garantizar una mayor vida \u00fatil &#8211; F\u00e1cil de limpiar y secar. <\/p>\n<p>Adecuado para: Entrenamiento y combate a todos los niveles.  <span>Disponible en distintos colores y tama\u00f1os.<\/span><\/p>\n<p><span>S &#8211; Longitud (de la parte superior al tobillo): 33 cm \/ (tobillo a dedos): 18 cm<\/span><\/p>\n<p><span>M &#8211; Longitud (de la parte superior al tobillo): 35 cm \/ (tobillo a dedos): 19 cm<\/span><\/p>\n<p><span>L &#8211; Longitud (de la parte superior al tobillo): 38 cm \/ (tobillo a dedos): 19 cm<\/span><\/p>\n<p><span>XL &#8211; Longitud (de la parte superior al tobillo): 39 cm \/ (tobillo a dedos): 20 cm<\/span><\/p>\n","protected":false},"excerpt":{"rendered":"<p>Las nuevas espinilleras actualizadas Windy WSG-1. Microfibra ligera de la m\u00e1s alta calidad &#8211; C\u00f3modo acolchado en la capa interior y m\u00e1s duro en la exterior, comprimidos juntos para una gran absorci\u00f3n de los impactos. Velcro de m\u00e1xima calidad para un uso repetitivo &#8211; Doble costura en todas las superficies para garantizar una mayor vida [&hellip;]<\/p>\n","protected":false},"featured_media":7719,"template":"","meta":{"inline_featured_image":false},"product_brand":[],"product_cat":[263,311,837,258],"product_tag":[448,450,452,454,456,341,345,367,382,803],"class_list":{"0":"post-8414","1":"product","2":"type-product","3":"status-publish","4":"has-post-thumbnail","6":"product_cat-catalogo-windy-fight-gear","7":"product_cat-equipo-de-proteccion","8":"product_cat-proteccion-para-los-combatientes","9":"product_cat-todos-los-productos","10":"product_tag-espinilla","11":"product_tag-espinillera","12":"product_tag-espinilleras","13":"product_tag-espinilleras-es","14":"product_tag-espinilleras-es-2","15":"product_tag-pro-es","16":"product_tag-proline-es","17":"product_tag-proteccion","18":"product_tag-proteger","19":"product_tag-wsg1-es","21":"first","22":"instock","23":"taxable","24":"shipping-taxable","25":"purchasable","26":"product-type-variable"},"yoast_head":"<!-- This site is optimized with the Yoast SEO plugin v27.4 - https:\/\/yoast.com\/product\/yoast-seo-wordpress\/ -->\n<title>Espinillera Proline - Gris - Yithsu<\/title>\n<meta name=\"robots\" content=\"index, follow, max-snippet:-1, max-image-preview:large, max-video-preview:-1\" \/>\n<link rel=\"canonical\" href=\"https:\/\/yithsu.com\/es\/producto\/espinillera-proline-gris\/\" \/>\n<meta property=\"og:locale\" content=\"es_ES\" \/>\n<meta property=\"og:type\" content=\"article\" \/>\n<meta property=\"og:title\" content=\"Espinillera Proline - Gris - Yithsu\" \/>\n<meta property=\"og:description\" content=\"Las nuevas espinilleras actualizadas Windy WSG-1. Microfibra ligera de la m\u00e1s alta calidad &#8211; C\u00f3modo acolchado en la capa interior y m\u00e1s duro en la exterior, comprimidos juntos para una gran absorci\u00f3n de los impactos. Velcro de m\u00e1xima calidad para un uso repetitivo &#8211; Doble costura en todas las superficies para garantizar una mayor vida [&hellip;]\" \/>\n<meta property=\"og:url\" content=\"https:\/\/yithsu.com\/es\/producto\/espinillera-proline-gris\/\" \/>\n<meta property=\"og:site_name\" content=\"Yithsu\" \/>\n<meta property=\"article:publisher\" content=\"https:\/\/www.facebook.com\/yithsusports\" \/>\n<meta property=\"article:modified_time\" content=\"2025-05-13T22:30:18+00:00\" \/>\n<meta property=\"og:image\" content=\"https:\/\/yithsu.com\/wp-content\/uploads\/2024\/09\/WSG1-GREY.png\" \/>\n\t<meta property=\"og:image:width\" content=\"1250\" \/>\n\t<meta property=\"og:image:height\" content=\"1250\" \/>\n\t<meta property=\"og:image:type\" content=\"image\/png\" \/>\n<meta name=\"twitter:card\" content=\"summary_large_image\" \/>\n<meta name=\"twitter:label1\" content=\"Tiempo de lectura\" \/>\n\t<meta name=\"twitter:data1\" content=\"1 minuto\" \/>\n<script type=\"application\/ld+json\" class=\"yoast-schema-graph\">{\"@context\":\"https:\\\/\\\/schema.org\",\"@graph\":[{\"@type\":\"WebPage\",\"@id\":\"https:\\\/\\\/yithsu.com\\\/es\\\/producto\\\/espinillera-proline-gris\\\/\",\"url\":\"https:\\\/\\\/yithsu.com\\\/es\\\/producto\\\/espinillera-proline-gris\\\/\",\"name\":\"Espinillera Proline - Gris - Yithsu\",\"isPartOf\":{\"@id\":\"https:\\\/\\\/yithsu.com\\\/es\\\/#website\"},\"primaryImageOfPage\":{\"@id\":\"https:\\\/\\\/yithsu.com\\\/es\\\/producto\\\/espinillera-proline-gris\\\/#primaryimage\"},\"image\":{\"@id\":\"https:\\\/\\\/yithsu.com\\\/es\\\/producto\\\/espinillera-proline-gris\\\/#primaryimage\"},\"thumbnailUrl\":\"https:\\\/\\\/yithsu.com\\\/wp-content\\\/uploads\\\/2024\\\/09\\\/WSG1-GREY.png\",\"datePublished\":\"2024-09-04T21:02:42+00:00\",\"dateModified\":\"2025-05-13T22:30:18+00:00\",\"breadcrumb\":{\"@id\":\"https:\\\/\\\/yithsu.com\\\/es\\\/producto\\\/espinillera-proline-gris\\\/#breadcrumb\"},\"inLanguage\":\"es\",\"potentialAction\":[{\"@type\":\"ReadAction\",\"target\":[\"https:\\\/\\\/yithsu.com\\\/es\\\/producto\\\/espinillera-proline-gris\\\/\"]}]},{\"@type\":\"ImageObject\",\"inLanguage\":\"es\",\"@id\":\"https:\\\/\\\/yithsu.com\\\/es\\\/producto\\\/espinillera-proline-gris\\\/#primaryimage\",\"url\":\"https:\\\/\\\/yithsu.com\\\/wp-content\\\/uploads\\\/2024\\\/09\\\/WSG1-GREY.png\",\"contentUrl\":\"https:\\\/\\\/yithsu.com\\\/wp-content\\\/uploads\\\/2024\\\/09\\\/WSG1-GREY.png\",\"width\":1250,\"height\":1250},{\"@type\":\"BreadcrumbList\",\"@id\":\"https:\\\/\\\/yithsu.com\\\/es\\\/producto\\\/espinillera-proline-gris\\\/#breadcrumb\",\"itemListElement\":[{\"@type\":\"ListItem\",\"position\":1,\"name\":\"In\u00edcio\",\"item\":\"https:\\\/\\\/yithsu.com\\\/es\\\/\"},{\"@type\":\"ListItem\",\"position\":2,\"name\":\"Tienda\",\"item\":\"https:\\\/\\\/yithsu.com\\\/es\\\/tienda\\\/\"},{\"@type\":\"ListItem\",\"position\":3,\"name\":\"Espinillera Proline &#8211; Gris\"}]},{\"@type\":\"WebSite\",\"@id\":\"https:\\\/\\\/yithsu.com\\\/es\\\/#website\",\"url\":\"https:\\\/\\\/yithsu.com\\\/es\\\/\",\"name\":\"Yithsu Premium Fight Gear\",\"description\":\"Premium Fight Gear\",\"publisher\":{\"@id\":\"https:\\\/\\\/yithsu.com\\\/es\\\/#organization\"},\"potentialAction\":[{\"@type\":\"SearchAction\",\"target\":{\"@type\":\"EntryPoint\",\"urlTemplate\":\"https:\\\/\\\/yithsu.com\\\/es\\\/?s={search_term_string}\"},\"query-input\":{\"@type\":\"PropertyValueSpecification\",\"valueRequired\":true,\"valueName\":\"search_term_string\"}}],\"inLanguage\":\"es\"},{\"@type\":\"Organization\",\"@id\":\"https:\\\/\\\/yithsu.com\\\/es\\\/#organization\",\"name\":\"Yithsu Equipamento de Luta Premium\",\"url\":\"https:\\\/\\\/yithsu.com\\\/es\\\/\",\"logo\":{\"@type\":\"ImageObject\",\"inLanguage\":\"es\",\"@id\":\"https:\\\/\\\/yithsu.com\\\/es\\\/#\\\/schema\\\/logo\\\/image\\\/\",\"url\":\"https:\\\/\\\/yithsu.com\\\/wp-content\\\/uploads\\\/2024\\\/04\\\/Yithsu_Logo-staand_Black.svg\",\"contentUrl\":\"https:\\\/\\\/yithsu.com\\\/wp-content\\\/uploads\\\/2024\\\/04\\\/Yithsu_Logo-staand_Black.svg\",\"width\":\"1024\",\"height\":\"1024\",\"caption\":\"Yithsu Equipamento de Luta Premium\"},\"image\":{\"@id\":\"https:\\\/\\\/yithsu.com\\\/es\\\/#\\\/schema\\\/logo\\\/image\\\/\"},\"sameAs\":[\"https:\\\/\\\/www.facebook.com\\\/yithsusports\",\"https:\\\/\\\/www.instagram.com\\\/yithsusports\"]}]}<\/script>\n<!-- \/ Yoast SEO plugin. -->","yoast_head_json":{"title":"Espinillera Proline - Gris - Yithsu","robots":{"index":"index","follow":"follow","max-snippet":"max-snippet:-1","max-image-preview":"max-image-preview:large","max-video-preview":"max-video-preview:-1"},"canonical":"https:\/\/yithsu.com\/es\/producto\/espinillera-proline-gris\/","og_locale":"es_ES","og_type":"article","og_title":"Espinillera Proline - Gris - Yithsu","og_description":"Las nuevas espinilleras actualizadas Windy WSG-1. Microfibra ligera de la m\u00e1s alta calidad &#8211; C\u00f3modo acolchado en la capa interior y m\u00e1s duro en la exterior, comprimidos juntos para una gran absorci\u00f3n de los impactos. Velcro de m\u00e1xima calidad para un uso repetitivo &#8211; Doble costura en todas las superficies para garantizar una mayor vida [&hellip;]","og_url":"https:\/\/yithsu.com\/es\/producto\/espinillera-proline-gris\/","og_site_name":"Yithsu","article_publisher":"https:\/\/www.facebook.com\/yithsusports","article_modified_time":"2025-05-13T22:30:18+00:00","og_image":[{"width":1250,"height":1250,"url":"https:\/\/yithsu.com\/wp-content\/uploads\/2024\/09\/WSG1-GREY.png","type":"image\/png"}],"twitter_card":"summary_large_image","twitter_misc":{"Tiempo de lectura":"1 minuto"},"schema":{"@context":"https:\/\/schema.org","@graph":[{"@type":"WebPage","@id":"https:\/\/yithsu.com\/es\/producto\/espinillera-proline-gris\/","url":"https:\/\/yithsu.com\/es\/producto\/espinillera-proline-gris\/","name":"Espinillera Proline - Gris - Yithsu","isPartOf":{"@id":"https:\/\/yithsu.com\/es\/#website"},"primaryImageOfPage":{"@id":"https:\/\/yithsu.com\/es\/producto\/espinillera-proline-gris\/#primaryimage"},"image":{"@id":"https:\/\/yithsu.com\/es\/producto\/espinillera-proline-gris\/#primaryimage"},"thumbnailUrl":"https:\/\/yithsu.com\/wp-content\/uploads\/2024\/09\/WSG1-GREY.png","datePublished":"2024-09-04T21:02:42+00:00","dateModified":"2025-05-13T22:30:18+00:00","breadcrumb":{"@id":"https:\/\/yithsu.com\/es\/producto\/espinillera-proline-gris\/#breadcrumb"},"inLanguage":"es","potentialAction":[{"@type":"ReadAction","target":["https:\/\/yithsu.com\/es\/producto\/espinillera-proline-gris\/"]}]},{"@type":"ImageObject","inLanguage":"es","@id":"https:\/\/yithsu.com\/es\/producto\/espinillera-proline-gris\/#primaryimage","url":"https:\/\/yithsu.com\/wp-content\/uploads\/2024\/09\/WSG1-GREY.png","contentUrl":"https:\/\/yithsu.com\/wp-content\/uploads\/2024\/09\/WSG1-GREY.png","width":1250,"height":1250},{"@type":"BreadcrumbList","@id":"https:\/\/yithsu.com\/es\/producto\/espinillera-proline-gris\/#breadcrumb","itemListElement":[{"@type":"ListItem","position":1,"name":"In\u00edcio","item":"https:\/\/yithsu.com\/es\/"},{"@type":"ListItem","position":2,"name":"Tienda","item":"https:\/\/yithsu.com\/es\/tienda\/"},{"@type":"ListItem","position":3,"name":"Espinillera Proline &#8211; Gris"}]},{"@type":"WebSite","@id":"https:\/\/yithsu.com\/es\/#website","url":"https:\/\/yithsu.com\/es\/","name":"Yithsu Premium Fight Gear","description":"Premium Fight Gear","publisher":{"@id":"https:\/\/yithsu.com\/es\/#organization"},"potentialAction":[{"@type":"SearchAction","target":{"@type":"EntryPoint","urlTemplate":"https:\/\/yithsu.com\/es\/?s={search_term_string}"},"query-input":{"@type":"PropertyValueSpecification","valueRequired":true,"valueName":"search_term_string"}}],"inLanguage":"es"},{"@type":"Organization","@id":"https:\/\/yithsu.com\/es\/#organization","name":"Yithsu Equipamento de Luta Premium","url":"https:\/\/yithsu.com\/es\/","logo":{"@type":"ImageObject","inLanguage":"es","@id":"https:\/\/yithsu.com\/es\/#\/schema\/logo\/image\/","url":"https:\/\/yithsu.com\/wp-content\/uploads\/2024\/04\/Yithsu_Logo-staand_Black.svg","contentUrl":"https:\/\/yithsu.com\/wp-content\/uploads\/2024\/04\/Yithsu_Logo-staand_Black.svg","width":"1024","height":"1024","caption":"Yithsu Equipamento de Luta Premium"},"image":{"@id":"https:\/\/yithsu.com\/es\/#\/schema\/logo\/image\/"},"sameAs":["https:\/\/www.facebook.com\/yithsusports","https:\/\/www.instagram.com\/yithsusports"]}]}},"_links":{"self":[{"href":"https:\/\/yithsu.com\/es\/wp-json\/wp\/v2\/product\/8414","targetHints":{"allow":["GET"]}}],"collection":[{"href":"https:\/\/yithsu.com\/es\/wp-json\/wp\/v2\/product"}],"about":[{"href":"https:\/\/yithsu.com\/es\/wp-json\/wp\/v2\/types\/product"}],"wp:featuredmedia":[{"embeddable":true,"href":"https:\/\/yithsu.com\/es\/wp-json\/wp\/v2\/media\/7719"}],"wp:attachment":[{"href":"https:\/\/yithsu.com\/es\/wp-json\/wp\/v2\/media?parent=8414"}],"wp:term":[{"taxonomy":"product_brand","embeddable":true,"href":"https:\/\/yithsu.com\/es\/wp-json\/wp\/v2\/product_brand?post=8414"},{"taxonomy":"product_cat","embeddable":true,"href":"https:\/\/yithsu.com\/es\/wp-json\/wp\/v2\/product_cat?post=8414"},{"taxonomy":"product_tag","embeddable":true,"href":"https:\/\/yithsu.com\/es\/wp-json\/wp\/v2\/product_tag?post=8414"}],"curies":[{"name":"wp","href":"https:\/\/api.w.org\/{rel}","templated":true}]}}