{"id":9996,"date":"2025-04-04T10:06:05","date_gmt":"2025-04-04T13:06:05","guid":{"rendered":"https:\/\/yithsu.com\/product\/guante-de-boxeo-con-cordones-competition-turquesa-metalizado-rosa\/"},"modified":"2025-04-04T10:06:05","modified_gmt":"2025-04-04T13:06:05","slug":"guante-de-boxeo-con-cordones-competition-turquesa-metalizado-rosa","status":"publish","type":"product","link":"https:\/\/yithsu.com\/es\/producto\/guante-de-boxeo-con-cordones-competition-turquesa-metalizado-rosa\/","title":{"rendered":"Guante de boxeo con cordones Competition &#8211; Turquesa metalizado\/Rosa"},"content":{"rendered":"<p><strong>Guantes de boxeo de competici\u00f3n Windy BGL de microfibra<\/strong><\/p>\n<p>Fabricados para campeones, los guantes de boxeo de competici\u00f3n Windy BGL de microfibra est\u00e1n dise\u00f1ados para cumplir los m\u00e1s altos est\u00e1ndares de rendimiento y durabilidad. Dise\u00f1ados con precisi\u00f3n, estos guantes son perfectos tanto para <strong>competiciones de<\/strong> <strong>boxeo<\/strong> como <strong>de Muay Thai<\/strong>. <\/p>\n<p><strong>Caracter\u00edsticas principales:<\/strong><\/p>\n<ul>\n<li>\n<strong>Material de microfibra de alta calidad:<\/strong> Duradero y ligero, fabricado para soportar las exigencias de la competici\u00f3n intensa.<\/li>\n<li>\n<strong>Precisi\u00f3n exacta del peso:<\/strong> Elaborado meticulosamente para cumplir las normas de competici\u00f3n, garantizando un combate justo y equilibrado.<\/li>\n<li>\n<strong>Cierre con cordones:<\/strong> Proporciona un ajuste seguro y ce\u00f1ido para una sujeci\u00f3n \u00f3ptima y protecci\u00f3n de la mu\u00f1eca durante los combates.<\/li>\n<li>\n<strong>Dise\u00f1o ergon\u00f3mico:<\/strong> Presenta un peque\u00f1o relleno bajo los dedos para un pu\u00f1o perfecto y un largo acolchado lateral para mayor comodidad y seguridad.<\/li>\n<\/ul>\n<p>Disponible en <strong>8 oz y 10 oz<\/strong>, los tama\u00f1os est\u00e1ndar para la lucha competitiva.<\/p>\n<p>Sube al ring con confianza y deja que Windy eleve tu rendimiento al siguiente nivel.<\/p>\n<p>\u00a1<strong>Haz tu pedido ahora<\/strong> y experimenta el est\u00e1ndar de oro en guantes de competici\u00f3n!<\/p>\n","protected":false},"excerpt":{"rendered":"<p>Guantes de boxeo de competici\u00f3n Windy BGL de microfibra Fabricados para campeones, los guantes de boxeo de competici\u00f3n Windy BGL de microfibra est\u00e1n dise\u00f1ados para cumplir los m\u00e1s altos est\u00e1ndares de rendimiento y durabilidad. Dise\u00f1ados con precisi\u00f3n, estos guantes son perfectos tanto para competiciones de boxeo como de Muay Thai. Caracter\u00edsticas principales: Material de microfibra [&hellip;]<\/p>\n","protected":false},"featured_media":9362,"template":"","meta":{"inline_featured_image":false},"product_brand":[],"product_cat":[263,673,259,258],"product_tag":[296,301,902,334,366,302,275,277,272,274,266,305,306,303,307],"class_list":{"0":"post-9996","1":"product","2":"type-product","3":"status-publish","4":"has-post-thumbnail","6":"product_cat-catalogo-windy-fight-gear","7":"product_cat-guantes-de-boxeo","8":"product_cat-guantes-de-muay-thai-guantes-de-boxeo","9":"product_cat-todos-los-productos","10":"product_tag-10-onzas","11":"product_tag-8-onzas","12":"product_tag-bglucmp-es","13":"product_tag-boxeo","14":"product_tag-boxeo-profesional","15":"product_tag-concurso","16":"product_tag-encaje","17":"product_tag-encaje-es","18":"product_tag-guante","19":"product_tag-guantes","20":"product_tag-guantes-de-boxeo","21":"product_tag-k1-es","22":"product_tag-kickboxing-es","23":"product_tag-lucha","24":"product_tag-muay-thai-es","26":"first","27":"outofstock","28":"taxable","29":"shipping-taxable","30":"purchasable","31":"product-type-variable"},"yoast_head":"<!-- This site is optimized with the Yoast SEO plugin v27.4 - https:\/\/yoast.com\/product\/yoast-seo-wordpress\/ -->\n<title>Guante de boxeo con cordones Competition - Turquesa metalizado\/Rosa - Yithsu<\/title>\n<meta name=\"robots\" content=\"index, follow, max-snippet:-1, max-image-preview:large, max-video-preview:-1\" \/>\n<link rel=\"canonical\" href=\"https:\/\/yithsu.com\/es\/producto\/guante-de-boxeo-con-cordones-competition-turquesa-metalizado-rosa\/\" \/>\n<meta property=\"og:locale\" content=\"es_ES\" \/>\n<meta property=\"og:type\" content=\"article\" \/>\n<meta property=\"og:title\" content=\"Guante de boxeo con cordones Competition - Turquesa metalizado\/Rosa - Yithsu\" \/>\n<meta property=\"og:description\" content=\"Guantes de boxeo de competici\u00f3n Windy BGL de microfibra Fabricados para campeones, los guantes de boxeo de competici\u00f3n Windy BGL de microfibra est\u00e1n dise\u00f1ados para cumplir los m\u00e1s altos est\u00e1ndares de rendimiento y durabilidad. Dise\u00f1ados con precisi\u00f3n, estos guantes son perfectos tanto para competiciones de boxeo como de Muay Thai. Caracter\u00edsticas principales: Material de microfibra [&hellip;]\" \/>\n<meta property=\"og:url\" content=\"https:\/\/yithsu.com\/es\/producto\/guante-de-boxeo-con-cordones-competition-turquesa-metalizado-rosa\/\" \/>\n<meta property=\"og:site_name\" content=\"Yithsu\" \/>\n<meta property=\"article:publisher\" content=\"https:\/\/www.facebook.com\/yithsusports\" \/>\n<meta name=\"twitter:card\" content=\"summary_large_image\" \/>\n<meta name=\"twitter:label1\" content=\"Tiempo de lectura\" \/>\n\t<meta name=\"twitter:data1\" content=\"1 minuto\" \/>\n<script type=\"application\/ld+json\" class=\"yoast-schema-graph\">{\"@context\":\"https:\\\/\\\/schema.org\",\"@graph\":[{\"@type\":\"WebPage\",\"@id\":\"https:\\\/\\\/yithsu.com\\\/es\\\/producto\\\/guante-de-boxeo-con-cordones-competition-turquesa-metalizado-rosa\\\/\",\"url\":\"https:\\\/\\\/yithsu.com\\\/es\\\/producto\\\/guante-de-boxeo-con-cordones-competition-turquesa-metalizado-rosa\\\/\",\"name\":\"Guante de boxeo con cordones Competition - Turquesa metalizado\\\/Rosa - Yithsu\",\"isPartOf\":{\"@id\":\"https:\\\/\\\/yithsu.com\\\/es\\\/#website\"},\"primaryImageOfPage\":{\"@id\":\"https:\\\/\\\/yithsu.com\\\/es\\\/producto\\\/guante-de-boxeo-con-cordones-competition-turquesa-metalizado-rosa\\\/#primaryimage\"},\"image\":{\"@id\":\"https:\\\/\\\/yithsu.com\\\/es\\\/producto\\\/guante-de-boxeo-con-cordones-competition-turquesa-metalizado-rosa\\\/#primaryimage\"},\"thumbnailUrl\":\"https:\\\/\\\/yithsu.com\\\/wp-content\\\/uploads\\\/2025\\\/04\\\/BGLUCMP-MET.TU_PK_3.png\",\"datePublished\":\"2025-04-04T13:06:05+00:00\",\"breadcrumb\":{\"@id\":\"https:\\\/\\\/yithsu.com\\\/es\\\/producto\\\/guante-de-boxeo-con-cordones-competition-turquesa-metalizado-rosa\\\/#breadcrumb\"},\"inLanguage\":\"es\",\"potentialAction\":[{\"@type\":\"ReadAction\",\"target\":[\"https:\\\/\\\/yithsu.com\\\/es\\\/producto\\\/guante-de-boxeo-con-cordones-competition-turquesa-metalizado-rosa\\\/\"]}]},{\"@type\":\"ImageObject\",\"inLanguage\":\"es\",\"@id\":\"https:\\\/\\\/yithsu.com\\\/es\\\/producto\\\/guante-de-boxeo-con-cordones-competition-turquesa-metalizado-rosa\\\/#primaryimage\",\"url\":\"https:\\\/\\\/yithsu.com\\\/wp-content\\\/uploads\\\/2025\\\/04\\\/BGLUCMP-MET.TU_PK_3.png\",\"contentUrl\":\"https:\\\/\\\/yithsu.com\\\/wp-content\\\/uploads\\\/2025\\\/04\\\/BGLUCMP-MET.TU_PK_3.png\",\"width\":1250,\"height\":1250},{\"@type\":\"BreadcrumbList\",\"@id\":\"https:\\\/\\\/yithsu.com\\\/es\\\/producto\\\/guante-de-boxeo-con-cordones-competition-turquesa-metalizado-rosa\\\/#breadcrumb\",\"itemListElement\":[{\"@type\":\"ListItem\",\"position\":1,\"name\":\"In\u00edcio\",\"item\":\"https:\\\/\\\/yithsu.com\\\/es\\\/\"},{\"@type\":\"ListItem\",\"position\":2,\"name\":\"Tienda\",\"item\":\"https:\\\/\\\/yithsu.com\\\/es\\\/tienda\\\/\"},{\"@type\":\"ListItem\",\"position\":3,\"name\":\"Guante de boxeo con cordones Competition &#8211; Turquesa metalizado\\\/Rosa\"}]},{\"@type\":\"WebSite\",\"@id\":\"https:\\\/\\\/yithsu.com\\\/es\\\/#website\",\"url\":\"https:\\\/\\\/yithsu.com\\\/es\\\/\",\"name\":\"Yithsu Premium Fight Gear\",\"description\":\"Premium Fight Gear\",\"publisher\":{\"@id\":\"https:\\\/\\\/yithsu.com\\\/es\\\/#organization\"},\"potentialAction\":[{\"@type\":\"SearchAction\",\"target\":{\"@type\":\"EntryPoint\",\"urlTemplate\":\"https:\\\/\\\/yithsu.com\\\/es\\\/?s={search_term_string}\"},\"query-input\":{\"@type\":\"PropertyValueSpecification\",\"valueRequired\":true,\"valueName\":\"search_term_string\"}}],\"inLanguage\":\"es\"},{\"@type\":\"Organization\",\"@id\":\"https:\\\/\\\/yithsu.com\\\/es\\\/#organization\",\"name\":\"Yithsu Equipamento de Luta Premium\",\"url\":\"https:\\\/\\\/yithsu.com\\\/es\\\/\",\"logo\":{\"@type\":\"ImageObject\",\"inLanguage\":\"es\",\"@id\":\"https:\\\/\\\/yithsu.com\\\/es\\\/#\\\/schema\\\/logo\\\/image\\\/\",\"url\":\"https:\\\/\\\/yithsu.com\\\/wp-content\\\/uploads\\\/2024\\\/04\\\/Yithsu_Logo-staand_Black.svg\",\"contentUrl\":\"https:\\\/\\\/yithsu.com\\\/wp-content\\\/uploads\\\/2024\\\/04\\\/Yithsu_Logo-staand_Black.svg\",\"width\":\"1024\",\"height\":\"1024\",\"caption\":\"Yithsu Equipamento de Luta Premium\"},\"image\":{\"@id\":\"https:\\\/\\\/yithsu.com\\\/es\\\/#\\\/schema\\\/logo\\\/image\\\/\"},\"sameAs\":[\"https:\\\/\\\/www.facebook.com\\\/yithsusports\",\"https:\\\/\\\/www.instagram.com\\\/yithsusports\"]}]}<\/script>\n<!-- \/ Yoast SEO plugin. -->","yoast_head_json":{"title":"Guante de boxeo con cordones Competition - Turquesa metalizado\/Rosa - Yithsu","robots":{"index":"index","follow":"follow","max-snippet":"max-snippet:-1","max-image-preview":"max-image-preview:large","max-video-preview":"max-video-preview:-1"},"canonical":"https:\/\/yithsu.com\/es\/producto\/guante-de-boxeo-con-cordones-competition-turquesa-metalizado-rosa\/","og_locale":"es_ES","og_type":"article","og_title":"Guante de boxeo con cordones Competition - Turquesa metalizado\/Rosa - Yithsu","og_description":"Guantes de boxeo de competici\u00f3n Windy BGL de microfibra Fabricados para campeones, los guantes de boxeo de competici\u00f3n Windy BGL de microfibra est\u00e1n dise\u00f1ados para cumplir los m\u00e1s altos est\u00e1ndares de rendimiento y durabilidad. Dise\u00f1ados con precisi\u00f3n, estos guantes son perfectos tanto para competiciones de boxeo como de Muay Thai. Caracter\u00edsticas principales: Material de microfibra [&hellip;]","og_url":"https:\/\/yithsu.com\/es\/producto\/guante-de-boxeo-con-cordones-competition-turquesa-metalizado-rosa\/","og_site_name":"Yithsu","article_publisher":"https:\/\/www.facebook.com\/yithsusports","twitter_card":"summary_large_image","twitter_misc":{"Tiempo de lectura":"1 minuto"},"schema":{"@context":"https:\/\/schema.org","@graph":[{"@type":"WebPage","@id":"https:\/\/yithsu.com\/es\/producto\/guante-de-boxeo-con-cordones-competition-turquesa-metalizado-rosa\/","url":"https:\/\/yithsu.com\/es\/producto\/guante-de-boxeo-con-cordones-competition-turquesa-metalizado-rosa\/","name":"Guante de boxeo con cordones Competition - Turquesa metalizado\/Rosa - Yithsu","isPartOf":{"@id":"https:\/\/yithsu.com\/es\/#website"},"primaryImageOfPage":{"@id":"https:\/\/yithsu.com\/es\/producto\/guante-de-boxeo-con-cordones-competition-turquesa-metalizado-rosa\/#primaryimage"},"image":{"@id":"https:\/\/yithsu.com\/es\/producto\/guante-de-boxeo-con-cordones-competition-turquesa-metalizado-rosa\/#primaryimage"},"thumbnailUrl":"https:\/\/yithsu.com\/wp-content\/uploads\/2025\/04\/BGLUCMP-MET.TU_PK_3.png","datePublished":"2025-04-04T13:06:05+00:00","breadcrumb":{"@id":"https:\/\/yithsu.com\/es\/producto\/guante-de-boxeo-con-cordones-competition-turquesa-metalizado-rosa\/#breadcrumb"},"inLanguage":"es","potentialAction":[{"@type":"ReadAction","target":["https:\/\/yithsu.com\/es\/producto\/guante-de-boxeo-con-cordones-competition-turquesa-metalizado-rosa\/"]}]},{"@type":"ImageObject","inLanguage":"es","@id":"https:\/\/yithsu.com\/es\/producto\/guante-de-boxeo-con-cordones-competition-turquesa-metalizado-rosa\/#primaryimage","url":"https:\/\/yithsu.com\/wp-content\/uploads\/2025\/04\/BGLUCMP-MET.TU_PK_3.png","contentUrl":"https:\/\/yithsu.com\/wp-content\/uploads\/2025\/04\/BGLUCMP-MET.TU_PK_3.png","width":1250,"height":1250},{"@type":"BreadcrumbList","@id":"https:\/\/yithsu.com\/es\/producto\/guante-de-boxeo-con-cordones-competition-turquesa-metalizado-rosa\/#breadcrumb","itemListElement":[{"@type":"ListItem","position":1,"name":"In\u00edcio","item":"https:\/\/yithsu.com\/es\/"},{"@type":"ListItem","position":2,"name":"Tienda","item":"https:\/\/yithsu.com\/es\/tienda\/"},{"@type":"ListItem","position":3,"name":"Guante de boxeo con cordones Competition &#8211; Turquesa metalizado\/Rosa"}]},{"@type":"WebSite","@id":"https:\/\/yithsu.com\/es\/#website","url":"https:\/\/yithsu.com\/es\/","name":"Yithsu Premium Fight Gear","description":"Premium Fight Gear","publisher":{"@id":"https:\/\/yithsu.com\/es\/#organization"},"potentialAction":[{"@type":"SearchAction","target":{"@type":"EntryPoint","urlTemplate":"https:\/\/yithsu.com\/es\/?s={search_term_string}"},"query-input":{"@type":"PropertyValueSpecification","valueRequired":true,"valueName":"search_term_string"}}],"inLanguage":"es"},{"@type":"Organization","@id":"https:\/\/yithsu.com\/es\/#organization","name":"Yithsu Equipamento de Luta Premium","url":"https:\/\/yithsu.com\/es\/","logo":{"@type":"ImageObject","inLanguage":"es","@id":"https:\/\/yithsu.com\/es\/#\/schema\/logo\/image\/","url":"https:\/\/yithsu.com\/wp-content\/uploads\/2024\/04\/Yithsu_Logo-staand_Black.svg","contentUrl":"https:\/\/yithsu.com\/wp-content\/uploads\/2024\/04\/Yithsu_Logo-staand_Black.svg","width":"1024","height":"1024","caption":"Yithsu Equipamento de Luta Premium"},"image":{"@id":"https:\/\/yithsu.com\/es\/#\/schema\/logo\/image\/"},"sameAs":["https:\/\/www.facebook.com\/yithsusports","https:\/\/www.instagram.com\/yithsusports"]}]}},"_links":{"self":[{"href":"https:\/\/yithsu.com\/es\/wp-json\/wp\/v2\/product\/9996","targetHints":{"allow":["GET"]}}],"collection":[{"href":"https:\/\/yithsu.com\/es\/wp-json\/wp\/v2\/product"}],"about":[{"href":"https:\/\/yithsu.com\/es\/wp-json\/wp\/v2\/types\/product"}],"wp:featuredmedia":[{"embeddable":true,"href":"https:\/\/yithsu.com\/es\/wp-json\/wp\/v2\/media\/9362"}],"wp:attachment":[{"href":"https:\/\/yithsu.com\/es\/wp-json\/wp\/v2\/media?parent=9996"}],"wp:term":[{"taxonomy":"product_brand","embeddable":true,"href":"https:\/\/yithsu.com\/es\/wp-json\/wp\/v2\/product_brand?post=9996"},{"taxonomy":"product_cat","embeddable":true,"href":"https:\/\/yithsu.com\/es\/wp-json\/wp\/v2\/product_cat?post=9996"},{"taxonomy":"product_tag","embeddable":true,"href":"https:\/\/yithsu.com\/es\/wp-json\/wp\/v2\/product_tag?post=9996"}],"curies":[{"name":"wp","href":"https:\/\/api.w.org\/{rel}","templated":true}]}}