{"id":3082,"date":"2023-10-06T18:05:51","date_gmt":"2023-10-06T21:05:51","guid":{"rendered":"https:\/\/yithsu.com\/product\/bgcgl-luva-de-boxe-em-pele-de-competicao-vermelho-prata\/"},"modified":"2025-05-14T16:41:17","modified_gmt":"2025-05-14T19:41:17","slug":"bgcgl-competition-leather-boxing-glove-red-silver","status":"publish","type":"product","link":"https:\/\/yithsu.com\/pt-br\/produto\/bgcgl-competition-leather-boxing-glove-red-silver\/","title":{"rendered":"Luva de boxe de couro para competi\u00e7\u00e3o &#8211; vermelha\/prata"},"content":{"rendered":"<p><span data-mce-fragment=\"1\">Luvas de competi\u00e7\u00e3o especialmente fabricadas, adequadas para utiliza\u00e7\u00e3o em competi\u00e7\u00e3o e fabricadas com exatid\u00e3o para o peso de campeonato especificado.  <\/span><\/p>\n","protected":false},"excerpt":{"rendered":"<p>Luvas de competi\u00e7\u00e3o especialmente fabricadas, adequadas para utiliza\u00e7\u00e3o em competi\u00e7\u00e3o e fabricadas com exatid\u00e3o para o peso de campeonato especificado.<\/p>\n","protected":false},"featured_media":6540,"template":"","meta":{"inline_featured_image":false},"product_brand":[],"product_cat":[264,672,261,262,257],"product_tag":[273,267,268,265,270,276],"class_list":{"0":"post-3082","1":"product","2":"type-product","3":"status-publish","4":"has-post-thumbnail","6":"product_cat-catalogo-windy-fight-gear-pt-br","7":"product_cat-luvas-de-boxe","8":"product_cat-luvas-de-muay-thai-luvas-de-boxe-pt-br","9":"product_cat-mais-vendidos","10":"product_cat-todos-os-produtos","11":"product_tag-com-cordoes","12":"product_tag-luva","13":"product_tag-luvas","14":"product_tag-luvas-de-boxe","15":"product_tag-renda","16":"product_tag-venda","18":"first","19":"outofstock","20":"taxable","21":"shipping-taxable","22":"purchasable","23":"product-type-variable"},"yoast_head":"<!-- This site is optimized with the Yoast SEO plugin v27.4 - https:\/\/yoast.com\/product\/yoast-seo-wordpress\/ -->\n<title>Luva de boxe de couro para competi\u00e7\u00e3o - vermelha\/prata - yithsu.com<\/title>\n<meta name=\"robots\" content=\"index, follow, max-snippet:-1, max-image-preview:large, max-video-preview:-1\" \/>\n<link rel=\"canonical\" href=\"https:\/\/yithsu.com\/pt-br\/produto\/bgcgl-competition-leather-boxing-glove-red-silver\/\" \/>\n<meta property=\"og:locale\" content=\"pt_BR\" \/>\n<meta property=\"og:type\" content=\"article\" \/>\n<meta property=\"og:title\" content=\"Luva de boxe de couro para competi\u00e7\u00e3o - vermelha\/prata - yithsu.com\" \/>\n<meta property=\"og:description\" content=\"Luvas de competi\u00e7\u00e3o especialmente fabricadas, adequadas para utiliza\u00e7\u00e3o em competi\u00e7\u00e3o e fabricadas com exatid\u00e3o para o peso de campeonato especificado.\" \/>\n<meta property=\"og:url\" content=\"https:\/\/yithsu.com\/pt-br\/produto\/bgcgl-competition-leather-boxing-glove-red-silver\/\" \/>\n<meta property=\"og:site_name\" content=\"yithsu.com\" \/>\n<meta property=\"article:publisher\" content=\"https:\/\/www.facebook.com\/yithsusports\" \/>\n<meta property=\"article:modified_time\" content=\"2025-05-14T19:41:17+00:00\" \/>\n<meta property=\"og:image\" content=\"https:\/\/yithsu.com\/wp-content\/uploads\/2024\/09\/Competition-Leather-Boxing-Glove-RedSilver.jpg\" \/>\n\t<meta property=\"og:image:width\" content=\"1250\" \/>\n\t<meta property=\"og:image:height\" content=\"1250\" \/>\n\t<meta property=\"og:image:type\" content=\"image\/jpeg\" \/>\n<meta name=\"twitter:card\" content=\"summary_large_image\" \/>\n<script type=\"application\/ld+json\" class=\"yoast-schema-graph\">{\"@context\":\"https:\\\/\\\/schema.org\",\"@graph\":[{\"@type\":\"WebPage\",\"@id\":\"https:\\\/\\\/yithsu.com\\\/pt-br\\\/produto\\\/bgcgl-competition-leather-boxing-glove-red-silver\\\/\",\"url\":\"https:\\\/\\\/yithsu.com\\\/pt-br\\\/produto\\\/bgcgl-competition-leather-boxing-glove-red-silver\\\/\",\"name\":\"Luva de boxe de couro para competi\u00e7\u00e3o - vermelha\\\/prata - yithsu.com\",\"isPartOf\":{\"@id\":\"https:\\\/\\\/yithsu.com\\\/pt-br\\\/#website\"},\"primaryImageOfPage\":{\"@id\":\"https:\\\/\\\/yithsu.com\\\/pt-br\\\/produto\\\/bgcgl-competition-leather-boxing-glove-red-silver\\\/#primaryimage\"},\"image\":{\"@id\":\"https:\\\/\\\/yithsu.com\\\/pt-br\\\/produto\\\/bgcgl-competition-leather-boxing-glove-red-silver\\\/#primaryimage\"},\"thumbnailUrl\":\"https:\\\/\\\/yithsu.com\\\/wp-content\\\/uploads\\\/2024\\\/09\\\/Competition-Leather-Boxing-Glove-RedSilver.jpg\",\"datePublished\":\"2023-10-06T21:05:51+00:00\",\"dateModified\":\"2025-05-14T19:41:17+00:00\",\"breadcrumb\":{\"@id\":\"https:\\\/\\\/yithsu.com\\\/pt-br\\\/produto\\\/bgcgl-competition-leather-boxing-glove-red-silver\\\/#breadcrumb\"},\"inLanguage\":\"pt-BR\",\"potentialAction\":[{\"@type\":\"ReadAction\",\"target\":[\"https:\\\/\\\/yithsu.com\\\/pt-br\\\/produto\\\/bgcgl-competition-leather-boxing-glove-red-silver\\\/\"]}]},{\"@type\":\"ImageObject\",\"inLanguage\":\"pt-BR\",\"@id\":\"https:\\\/\\\/yithsu.com\\\/pt-br\\\/produto\\\/bgcgl-competition-leather-boxing-glove-red-silver\\\/#primaryimage\",\"url\":\"https:\\\/\\\/yithsu.com\\\/wp-content\\\/uploads\\\/2024\\\/09\\\/Competition-Leather-Boxing-Glove-RedSilver.jpg\",\"contentUrl\":\"https:\\\/\\\/yithsu.com\\\/wp-content\\\/uploads\\\/2024\\\/09\\\/Competition-Leather-Boxing-Glove-RedSilver.jpg\",\"width\":1250,\"height\":1250},{\"@type\":\"BreadcrumbList\",\"@id\":\"https:\\\/\\\/yithsu.com\\\/pt-br\\\/produto\\\/bgcgl-competition-leather-boxing-glove-red-silver\\\/#breadcrumb\",\"itemListElement\":[{\"@type\":\"ListItem\",\"position\":1,\"name\":\"In\u00edcio\",\"item\":\"https:\\\/\\\/yithsu.com\\\/pt-br\\\/\"},{\"@type\":\"ListItem\",\"position\":2,\"name\":\"Loja\",\"item\":\"https:\\\/\\\/yithsu.com\\\/pt-br\\\/loja\\\/\"},{\"@type\":\"ListItem\",\"position\":3,\"name\":\"Luva de boxe de couro para competi\u00e7\u00e3o &#8211; vermelha\\\/prata\"}]},{\"@type\":\"WebSite\",\"@id\":\"https:\\\/\\\/yithsu.com\\\/pt-br\\\/#website\",\"url\":\"https:\\\/\\\/yithsu.com\\\/pt-br\\\/\",\"name\":\"Yithsu Premium Fight Gear\",\"description\":\"Premium Fight Gear\",\"publisher\":{\"@id\":\"https:\\\/\\\/yithsu.com\\\/pt-br\\\/#organization\"},\"potentialAction\":[{\"@type\":\"SearchAction\",\"target\":{\"@type\":\"EntryPoint\",\"urlTemplate\":\"https:\\\/\\\/yithsu.com\\\/pt-br\\\/?s={search_term_string}\"},\"query-input\":{\"@type\":\"PropertyValueSpecification\",\"valueRequired\":true,\"valueName\":\"search_term_string\"}}],\"inLanguage\":\"pt-BR\"},{\"@type\":\"Organization\",\"@id\":\"https:\\\/\\\/yithsu.com\\\/pt-br\\\/#organization\",\"name\":\"Yithsu Equipamento de Luta Premium\",\"url\":\"https:\\\/\\\/yithsu.com\\\/pt-br\\\/\",\"logo\":{\"@type\":\"ImageObject\",\"inLanguage\":\"pt-BR\",\"@id\":\"https:\\\/\\\/yithsu.com\\\/pt-br\\\/#\\\/schema\\\/logo\\\/image\\\/\",\"url\":\"https:\\\/\\\/yithsu.com\\\/wp-content\\\/uploads\\\/2024\\\/04\\\/Yithsu_Logo-staand_Black.svg\",\"contentUrl\":\"https:\\\/\\\/yithsu.com\\\/wp-content\\\/uploads\\\/2024\\\/04\\\/Yithsu_Logo-staand_Black.svg\",\"width\":\"1024\",\"height\":\"1024\",\"caption\":\"Yithsu Equipamento de Luta Premium\"},\"image\":{\"@id\":\"https:\\\/\\\/yithsu.com\\\/pt-br\\\/#\\\/schema\\\/logo\\\/image\\\/\"},\"sameAs\":[\"https:\\\/\\\/www.facebook.com\\\/yithsusports\",\"https:\\\/\\\/www.instagram.com\\\/yithsusports\"]}]}<\/script>\n<!-- \/ Yoast SEO plugin. -->","yoast_head_json":{"title":"Luva de boxe de couro para competi\u00e7\u00e3o - vermelha\/prata - yithsu.com","robots":{"index":"index","follow":"follow","max-snippet":"max-snippet:-1","max-image-preview":"max-image-preview:large","max-video-preview":"max-video-preview:-1"},"canonical":"https:\/\/yithsu.com\/pt-br\/produto\/bgcgl-competition-leather-boxing-glove-red-silver\/","og_locale":"pt_BR","og_type":"article","og_title":"Luva de boxe de couro para competi\u00e7\u00e3o - vermelha\/prata - yithsu.com","og_description":"Luvas de competi\u00e7\u00e3o especialmente fabricadas, adequadas para utiliza\u00e7\u00e3o em competi\u00e7\u00e3o e fabricadas com exatid\u00e3o para o peso de campeonato especificado.","og_url":"https:\/\/yithsu.com\/pt-br\/produto\/bgcgl-competition-leather-boxing-glove-red-silver\/","og_site_name":"yithsu.com","article_publisher":"https:\/\/www.facebook.com\/yithsusports","article_modified_time":"2025-05-14T19:41:17+00:00","og_image":[{"width":1250,"height":1250,"url":"https:\/\/yithsu.com\/wp-content\/uploads\/2024\/09\/Competition-Leather-Boxing-Glove-RedSilver.jpg","type":"image\/jpeg"}],"twitter_card":"summary_large_image","schema":{"@context":"https:\/\/schema.org","@graph":[{"@type":"WebPage","@id":"https:\/\/yithsu.com\/pt-br\/produto\/bgcgl-competition-leather-boxing-glove-red-silver\/","url":"https:\/\/yithsu.com\/pt-br\/produto\/bgcgl-competition-leather-boxing-glove-red-silver\/","name":"Luva de boxe de couro para competi\u00e7\u00e3o - vermelha\/prata - yithsu.com","isPartOf":{"@id":"https:\/\/yithsu.com\/pt-br\/#website"},"primaryImageOfPage":{"@id":"https:\/\/yithsu.com\/pt-br\/produto\/bgcgl-competition-leather-boxing-glove-red-silver\/#primaryimage"},"image":{"@id":"https:\/\/yithsu.com\/pt-br\/produto\/bgcgl-competition-leather-boxing-glove-red-silver\/#primaryimage"},"thumbnailUrl":"https:\/\/yithsu.com\/wp-content\/uploads\/2024\/09\/Competition-Leather-Boxing-Glove-RedSilver.jpg","datePublished":"2023-10-06T21:05:51+00:00","dateModified":"2025-05-14T19:41:17+00:00","breadcrumb":{"@id":"https:\/\/yithsu.com\/pt-br\/produto\/bgcgl-competition-leather-boxing-glove-red-silver\/#breadcrumb"},"inLanguage":"pt-BR","potentialAction":[{"@type":"ReadAction","target":["https:\/\/yithsu.com\/pt-br\/produto\/bgcgl-competition-leather-boxing-glove-red-silver\/"]}]},{"@type":"ImageObject","inLanguage":"pt-BR","@id":"https:\/\/yithsu.com\/pt-br\/produto\/bgcgl-competition-leather-boxing-glove-red-silver\/#primaryimage","url":"https:\/\/yithsu.com\/wp-content\/uploads\/2024\/09\/Competition-Leather-Boxing-Glove-RedSilver.jpg","contentUrl":"https:\/\/yithsu.com\/wp-content\/uploads\/2024\/09\/Competition-Leather-Boxing-Glove-RedSilver.jpg","width":1250,"height":1250},{"@type":"BreadcrumbList","@id":"https:\/\/yithsu.com\/pt-br\/produto\/bgcgl-competition-leather-boxing-glove-red-silver\/#breadcrumb","itemListElement":[{"@type":"ListItem","position":1,"name":"In\u00edcio","item":"https:\/\/yithsu.com\/pt-br\/"},{"@type":"ListItem","position":2,"name":"Loja","item":"https:\/\/yithsu.com\/pt-br\/loja\/"},{"@type":"ListItem","position":3,"name":"Luva de boxe de couro para competi\u00e7\u00e3o &#8211; vermelha\/prata"}]},{"@type":"WebSite","@id":"https:\/\/yithsu.com\/pt-br\/#website","url":"https:\/\/yithsu.com\/pt-br\/","name":"Yithsu Premium Fight Gear","description":"Premium Fight Gear","publisher":{"@id":"https:\/\/yithsu.com\/pt-br\/#organization"},"potentialAction":[{"@type":"SearchAction","target":{"@type":"EntryPoint","urlTemplate":"https:\/\/yithsu.com\/pt-br\/?s={search_term_string}"},"query-input":{"@type":"PropertyValueSpecification","valueRequired":true,"valueName":"search_term_string"}}],"inLanguage":"pt-BR"},{"@type":"Organization","@id":"https:\/\/yithsu.com\/pt-br\/#organization","name":"Yithsu Equipamento de Luta Premium","url":"https:\/\/yithsu.com\/pt-br\/","logo":{"@type":"ImageObject","inLanguage":"pt-BR","@id":"https:\/\/yithsu.com\/pt-br\/#\/schema\/logo\/image\/","url":"https:\/\/yithsu.com\/wp-content\/uploads\/2024\/04\/Yithsu_Logo-staand_Black.svg","contentUrl":"https:\/\/yithsu.com\/wp-content\/uploads\/2024\/04\/Yithsu_Logo-staand_Black.svg","width":"1024","height":"1024","caption":"Yithsu Equipamento de Luta Premium"},"image":{"@id":"https:\/\/yithsu.com\/pt-br\/#\/schema\/logo\/image\/"},"sameAs":["https:\/\/www.facebook.com\/yithsusports","https:\/\/www.instagram.com\/yithsusports"]}]}},"_links":{"self":[{"href":"https:\/\/yithsu.com\/pt-br\/wp-json\/wp\/v2\/product\/3082","targetHints":{"allow":["GET"]}}],"collection":[{"href":"https:\/\/yithsu.com\/pt-br\/wp-json\/wp\/v2\/product"}],"about":[{"href":"https:\/\/yithsu.com\/pt-br\/wp-json\/wp\/v2\/types\/product"}],"wp:featuredmedia":[{"embeddable":true,"href":"https:\/\/yithsu.com\/pt-br\/wp-json\/wp\/v2\/media\/6540"}],"wp:attachment":[{"href":"https:\/\/yithsu.com\/pt-br\/wp-json\/wp\/v2\/media?parent=3082"}],"wp:term":[{"taxonomy":"product_brand","embeddable":true,"href":"https:\/\/yithsu.com\/pt-br\/wp-json\/wp\/v2\/product_brand?post=3082"},{"taxonomy":"product_cat","embeddable":true,"href":"https:\/\/yithsu.com\/pt-br\/wp-json\/wp\/v2\/product_cat?post=3082"},{"taxonomy":"product_tag","embeddable":true,"href":"https:\/\/yithsu.com\/pt-br\/wp-json\/wp\/v2\/product_tag?post=3082"}],"curies":[{"name":"wp","href":"https:\/\/api.w.org\/{rel}","templated":true}]}}