{"id":3488,"date":"2023-10-06T18:06:10","date_gmt":"2023-10-06T18:06:10","guid":{"rendered":"https:\/\/yithsu.com\/product\/luvas-de-boxe-classicas-em-pele-sintetica-azul\/"},"modified":"2025-11-04T18:46:27","modified_gmt":"2025-11-04T21:46:27","slug":"luvas-de-couro-sintetico-classicas-para-embalagem-azul","status":"publish","type":"product","link":"https:\/\/yithsu.com\/pt-br\/produto\/luvas-de-couro-sintetico-classicas-para-embalagem-azul\/","title":{"rendered":"Luvas de boxe cl\u00e1ssicas em pele sint\u00e9tica &#8211; Azul"},"content":{"rendered":"<p><meta charset=\"utf-8\"><meta charset=\"utf-8\"><\/p>\n<p>As Windy &#8220;Classics&#8221; s\u00e3o as luvas de boxe mais populares da nossa cole\u00e7\u00e3o.<\/p>\n<p>Adequado para: homens e mulheres &#8211; treinamento, treinamento com almofada, sparring e saco de pancadas.  <\/p>\n<p>Couro sint\u00e9tico da melhor qualidade do mercado &#8211; Tecnologia de espuma de quatro camadas para maior prote\u00e7\u00e3o e conforto com uma sensa\u00e7\u00e3o de firmeza &#8211; Costura dupla para maior durabilidade &#8211; F\u00e1cil de limpar e secar.<\/p>\n<p><span>Dispon\u00edvel em diferentes cores e tamanhos.<\/span><\/p>\n<p>Testado e aprovado na Tail\u00e2ndia e na Europa e atende a todos os requisitos de seguran\u00e7a europeus. Feito \u00e0 m\u00e3o em Bangkok &#8211; Tail\u00e2ndia <\/p>\n","protected":false},"excerpt":{"rendered":"<p>As Windy &#8220;Classics&#8221; s\u00e3o as luvas de boxe mais populares da nossa cole\u00e7\u00e3o. Adequado para: homens e mulheres &#8211; treinamento, treinamento com almofada, sparring e saco de pancadas. Couro sint\u00e9tico da melhor qualidade do mercado &#8211; Tecnologia de espuma de quatro camadas para maior prote\u00e7\u00e3o e conforto com uma sensa\u00e7\u00e3o de firmeza &#8211; Costura dupla [&hellip;]<\/p>\n","protected":false},"featured_media":6408,"template":"","meta":{"inline_featured_image":false},"product_brand":[],"product_cat":[264,672,261,257],"product_tag":[369,279,281,282,284,286,407,406,325,408,322,330,355,291,267,268,265,292,354,394,276],"class_list":{"0":"post-3488","1":"product","2":"type-product","3":"status-publish","4":"has-post-thumbnail","6":"product_cat-catalogo-windy-fight-gear-pt-br","7":"product_cat-luvas-de-boxe","8":"product_cat-luvas-de-muay-thai-luvas-de-boxe-pt-br","9":"product_cat-todos-os-produtos","10":"product_tag-_tab_classic-leather-boxing-glove-features-pt-br","11":"product_tag-10-oncas","12":"product_tag-12-oncas","13":"product_tag-14-oncas","14":"product_tag-16-oncas","15":"product_tag-8-oncas","16":"product_tag-azul-pt-br","17":"product_tag-bgv-pt-br","18":"product_tag-boxe","19":"product_tag-branco","20":"product_tag-classico","21":"product_tag-couro","22":"product_tag-couro-sintetico","23":"product_tag-kickboxing-pt-br","24":"product_tag-luva","25":"product_tag-luvas","26":"product_tag-luvas-de-boxe","27":"product_tag-muay-thai-pt-br","28":"product_tag-sintetico-pt-br","29":"product_tag-velcro-pt-br","30":"product_tag-venda","32":"first","33":"instock","34":"taxable","35":"shipping-taxable","36":"purchasable","37":"product-type-variable"},"yoast_head":"<!-- This site is optimized with the Yoast SEO plugin v27.4 - https:\/\/yoast.com\/product\/yoast-seo-wordpress\/ -->\n<title>Luvas de boxe cl\u00e1ssicas em pele sint\u00e9tica - Azul - yithsu.com<\/title>\n<meta name=\"robots\" content=\"index, follow, max-snippet:-1, max-image-preview:large, max-video-preview:-1\" \/>\n<link rel=\"canonical\" href=\"https:\/\/yithsu.com\/pt-br\/produto\/luvas-de-couro-sintetico-classicas-para-embalagem-azul\/\" \/>\n<meta property=\"og:locale\" content=\"pt_BR\" \/>\n<meta property=\"og:type\" content=\"article\" \/>\n<meta property=\"og:title\" content=\"Luvas de boxe cl\u00e1ssicas em pele sint\u00e9tica - Azul - yithsu.com\" \/>\n<meta property=\"og:description\" content=\"As Windy &#8220;Classics&#8221; s\u00e3o as luvas de boxe mais populares da nossa cole\u00e7\u00e3o. Adequado para: homens e mulheres &#8211; treinamento, treinamento com almofada, sparring e saco de pancadas. Couro sint\u00e9tico da melhor qualidade do mercado &#8211; Tecnologia de espuma de quatro camadas para maior prote\u00e7\u00e3o e conforto com uma sensa\u00e7\u00e3o de firmeza &#8211; Costura dupla [&hellip;]\" \/>\n<meta property=\"og:url\" content=\"https:\/\/yithsu.com\/pt-br\/produto\/luvas-de-couro-sintetico-classicas-para-embalagem-azul\/\" \/>\n<meta property=\"og:site_name\" content=\"yithsu.com\" \/>\n<meta property=\"article:publisher\" content=\"https:\/\/www.facebook.com\/yithsusports\" \/>\n<meta property=\"article:modified_time\" content=\"2025-11-04T21:46:27+00:00\" \/>\n<meta property=\"og:image\" content=\"https:\/\/yithsu.com\/wp-content\/uploads\/2024\/09\/Classic-Synthetic-Leather-Boxing-Gloves-Blue.png\" \/>\n\t<meta property=\"og:image:width\" content=\"1225\" \/>\n\t<meta property=\"og:image:height\" content=\"1225\" \/>\n\t<meta property=\"og:image:type\" content=\"image\/png\" \/>\n<meta name=\"twitter:card\" content=\"summary_large_image\" \/>\n<meta name=\"twitter:label1\" content=\"Est. tempo de leitura\" \/>\n\t<meta name=\"twitter:data1\" content=\"1 minuto\" \/>\n<script type=\"application\/ld+json\" class=\"yoast-schema-graph\">{\"@context\":\"https:\\\/\\\/schema.org\",\"@graph\":[{\"@type\":\"WebPage\",\"@id\":\"https:\\\/\\\/yithsu.com\\\/pt-br\\\/produto\\\/luvas-de-couro-sintetico-classicas-para-embalagem-azul\\\/\",\"url\":\"https:\\\/\\\/yithsu.com\\\/pt-br\\\/produto\\\/luvas-de-couro-sintetico-classicas-para-embalagem-azul\\\/\",\"name\":\"Luvas de boxe cl\u00e1ssicas em pele sint\u00e9tica - Azul - yithsu.com\",\"isPartOf\":{\"@id\":\"https:\\\/\\\/yithsu.com\\\/pt-br\\\/#website\"},\"primaryImageOfPage\":{\"@id\":\"https:\\\/\\\/yithsu.com\\\/pt-br\\\/produto\\\/luvas-de-couro-sintetico-classicas-para-embalagem-azul\\\/#primaryimage\"},\"image\":{\"@id\":\"https:\\\/\\\/yithsu.com\\\/pt-br\\\/produto\\\/luvas-de-couro-sintetico-classicas-para-embalagem-azul\\\/#primaryimage\"},\"thumbnailUrl\":\"https:\\\/\\\/yithsu.com\\\/wp-content\\\/uploads\\\/2024\\\/09\\\/Classic-Synthetic-Leather-Boxing-Gloves-Blue.png\",\"datePublished\":\"2023-10-06T18:06:10+00:00\",\"dateModified\":\"2025-11-04T21:46:27+00:00\",\"breadcrumb\":{\"@id\":\"https:\\\/\\\/yithsu.com\\\/pt-br\\\/produto\\\/luvas-de-couro-sintetico-classicas-para-embalagem-azul\\\/#breadcrumb\"},\"inLanguage\":\"pt-BR\",\"potentialAction\":[{\"@type\":\"ReadAction\",\"target\":[\"https:\\\/\\\/yithsu.com\\\/pt-br\\\/produto\\\/luvas-de-couro-sintetico-classicas-para-embalagem-azul\\\/\"]}]},{\"@type\":\"ImageObject\",\"inLanguage\":\"pt-BR\",\"@id\":\"https:\\\/\\\/yithsu.com\\\/pt-br\\\/produto\\\/luvas-de-couro-sintetico-classicas-para-embalagem-azul\\\/#primaryimage\",\"url\":\"https:\\\/\\\/yithsu.com\\\/wp-content\\\/uploads\\\/2024\\\/09\\\/Classic-Synthetic-Leather-Boxing-Gloves-Blue.png\",\"contentUrl\":\"https:\\\/\\\/yithsu.com\\\/wp-content\\\/uploads\\\/2024\\\/09\\\/Classic-Synthetic-Leather-Boxing-Gloves-Blue.png\",\"width\":1225,\"height\":1225},{\"@type\":\"BreadcrumbList\",\"@id\":\"https:\\\/\\\/yithsu.com\\\/pt-br\\\/produto\\\/luvas-de-couro-sintetico-classicas-para-embalagem-azul\\\/#breadcrumb\",\"itemListElement\":[{\"@type\":\"ListItem\",\"position\":1,\"name\":\"In\u00edcio\",\"item\":\"https:\\\/\\\/yithsu.com\\\/pt-br\\\/\"},{\"@type\":\"ListItem\",\"position\":2,\"name\":\"Loja\",\"item\":\"https:\\\/\\\/yithsu.com\\\/pt-br\\\/loja\\\/\"},{\"@type\":\"ListItem\",\"position\":3,\"name\":\"Luvas de boxe cl\u00e1ssicas em pele sint\u00e9tica &#8211; Azul\"}]},{\"@type\":\"WebSite\",\"@id\":\"https:\\\/\\\/yithsu.com\\\/pt-br\\\/#website\",\"url\":\"https:\\\/\\\/yithsu.com\\\/pt-br\\\/\",\"name\":\"Yithsu Premium Fight Gear\",\"description\":\"Premium Fight Gear\",\"publisher\":{\"@id\":\"https:\\\/\\\/yithsu.com\\\/pt-br\\\/#organization\"},\"potentialAction\":[{\"@type\":\"SearchAction\",\"target\":{\"@type\":\"EntryPoint\",\"urlTemplate\":\"https:\\\/\\\/yithsu.com\\\/pt-br\\\/?s={search_term_string}\"},\"query-input\":{\"@type\":\"PropertyValueSpecification\",\"valueRequired\":true,\"valueName\":\"search_term_string\"}}],\"inLanguage\":\"pt-BR\"},{\"@type\":\"Organization\",\"@id\":\"https:\\\/\\\/yithsu.com\\\/pt-br\\\/#organization\",\"name\":\"Yithsu Equipamento de Luta Premium\",\"url\":\"https:\\\/\\\/yithsu.com\\\/pt-br\\\/\",\"logo\":{\"@type\":\"ImageObject\",\"inLanguage\":\"pt-BR\",\"@id\":\"https:\\\/\\\/yithsu.com\\\/pt-br\\\/#\\\/schema\\\/logo\\\/image\\\/\",\"url\":\"https:\\\/\\\/yithsu.com\\\/wp-content\\\/uploads\\\/2024\\\/04\\\/Yithsu_Logo-staand_Black.svg\",\"contentUrl\":\"https:\\\/\\\/yithsu.com\\\/wp-content\\\/uploads\\\/2024\\\/04\\\/Yithsu_Logo-staand_Black.svg\",\"width\":\"1024\",\"height\":\"1024\",\"caption\":\"Yithsu Equipamento de Luta Premium\"},\"image\":{\"@id\":\"https:\\\/\\\/yithsu.com\\\/pt-br\\\/#\\\/schema\\\/logo\\\/image\\\/\"},\"sameAs\":[\"https:\\\/\\\/www.facebook.com\\\/yithsusports\",\"https:\\\/\\\/www.instagram.com\\\/yithsusports\"]}]}<\/script>\n<!-- \/ Yoast SEO plugin. -->","yoast_head_json":{"title":"Luvas de boxe cl\u00e1ssicas em pele sint\u00e9tica - Azul - yithsu.com","robots":{"index":"index","follow":"follow","max-snippet":"max-snippet:-1","max-image-preview":"max-image-preview:large","max-video-preview":"max-video-preview:-1"},"canonical":"https:\/\/yithsu.com\/pt-br\/produto\/luvas-de-couro-sintetico-classicas-para-embalagem-azul\/","og_locale":"pt_BR","og_type":"article","og_title":"Luvas de boxe cl\u00e1ssicas em pele sint\u00e9tica - Azul - yithsu.com","og_description":"As Windy &#8220;Classics&#8221; s\u00e3o as luvas de boxe mais populares da nossa cole\u00e7\u00e3o. Adequado para: homens e mulheres &#8211; treinamento, treinamento com almofada, sparring e saco de pancadas. Couro sint\u00e9tico da melhor qualidade do mercado &#8211; Tecnologia de espuma de quatro camadas para maior prote\u00e7\u00e3o e conforto com uma sensa\u00e7\u00e3o de firmeza &#8211; Costura dupla [&hellip;]","og_url":"https:\/\/yithsu.com\/pt-br\/produto\/luvas-de-couro-sintetico-classicas-para-embalagem-azul\/","og_site_name":"yithsu.com","article_publisher":"https:\/\/www.facebook.com\/yithsusports","article_modified_time":"2025-11-04T21:46:27+00:00","og_image":[{"width":1225,"height":1225,"url":"https:\/\/yithsu.com\/wp-content\/uploads\/2024\/09\/Classic-Synthetic-Leather-Boxing-Gloves-Blue.png","type":"image\/png"}],"twitter_card":"summary_large_image","twitter_misc":{"Est. tempo de leitura":"1 minuto"},"schema":{"@context":"https:\/\/schema.org","@graph":[{"@type":"WebPage","@id":"https:\/\/yithsu.com\/pt-br\/produto\/luvas-de-couro-sintetico-classicas-para-embalagem-azul\/","url":"https:\/\/yithsu.com\/pt-br\/produto\/luvas-de-couro-sintetico-classicas-para-embalagem-azul\/","name":"Luvas de boxe cl\u00e1ssicas em pele sint\u00e9tica - Azul - yithsu.com","isPartOf":{"@id":"https:\/\/yithsu.com\/pt-br\/#website"},"primaryImageOfPage":{"@id":"https:\/\/yithsu.com\/pt-br\/produto\/luvas-de-couro-sintetico-classicas-para-embalagem-azul\/#primaryimage"},"image":{"@id":"https:\/\/yithsu.com\/pt-br\/produto\/luvas-de-couro-sintetico-classicas-para-embalagem-azul\/#primaryimage"},"thumbnailUrl":"https:\/\/yithsu.com\/wp-content\/uploads\/2024\/09\/Classic-Synthetic-Leather-Boxing-Gloves-Blue.png","datePublished":"2023-10-06T18:06:10+00:00","dateModified":"2025-11-04T21:46:27+00:00","breadcrumb":{"@id":"https:\/\/yithsu.com\/pt-br\/produto\/luvas-de-couro-sintetico-classicas-para-embalagem-azul\/#breadcrumb"},"inLanguage":"pt-BR","potentialAction":[{"@type":"ReadAction","target":["https:\/\/yithsu.com\/pt-br\/produto\/luvas-de-couro-sintetico-classicas-para-embalagem-azul\/"]}]},{"@type":"ImageObject","inLanguage":"pt-BR","@id":"https:\/\/yithsu.com\/pt-br\/produto\/luvas-de-couro-sintetico-classicas-para-embalagem-azul\/#primaryimage","url":"https:\/\/yithsu.com\/wp-content\/uploads\/2024\/09\/Classic-Synthetic-Leather-Boxing-Gloves-Blue.png","contentUrl":"https:\/\/yithsu.com\/wp-content\/uploads\/2024\/09\/Classic-Synthetic-Leather-Boxing-Gloves-Blue.png","width":1225,"height":1225},{"@type":"BreadcrumbList","@id":"https:\/\/yithsu.com\/pt-br\/produto\/luvas-de-couro-sintetico-classicas-para-embalagem-azul\/#breadcrumb","itemListElement":[{"@type":"ListItem","position":1,"name":"In\u00edcio","item":"https:\/\/yithsu.com\/pt-br\/"},{"@type":"ListItem","position":2,"name":"Loja","item":"https:\/\/yithsu.com\/pt-br\/loja\/"},{"@type":"ListItem","position":3,"name":"Luvas de boxe cl\u00e1ssicas em pele sint\u00e9tica &#8211; Azul"}]},{"@type":"WebSite","@id":"https:\/\/yithsu.com\/pt-br\/#website","url":"https:\/\/yithsu.com\/pt-br\/","name":"Yithsu Premium Fight Gear","description":"Premium Fight Gear","publisher":{"@id":"https:\/\/yithsu.com\/pt-br\/#organization"},"potentialAction":[{"@type":"SearchAction","target":{"@type":"EntryPoint","urlTemplate":"https:\/\/yithsu.com\/pt-br\/?s={search_term_string}"},"query-input":{"@type":"PropertyValueSpecification","valueRequired":true,"valueName":"search_term_string"}}],"inLanguage":"pt-BR"},{"@type":"Organization","@id":"https:\/\/yithsu.com\/pt-br\/#organization","name":"Yithsu Equipamento de Luta Premium","url":"https:\/\/yithsu.com\/pt-br\/","logo":{"@type":"ImageObject","inLanguage":"pt-BR","@id":"https:\/\/yithsu.com\/pt-br\/#\/schema\/logo\/image\/","url":"https:\/\/yithsu.com\/wp-content\/uploads\/2024\/04\/Yithsu_Logo-staand_Black.svg","contentUrl":"https:\/\/yithsu.com\/wp-content\/uploads\/2024\/04\/Yithsu_Logo-staand_Black.svg","width":"1024","height":"1024","caption":"Yithsu Equipamento de Luta Premium"},"image":{"@id":"https:\/\/yithsu.com\/pt-br\/#\/schema\/logo\/image\/"},"sameAs":["https:\/\/www.facebook.com\/yithsusports","https:\/\/www.instagram.com\/yithsusports"]}]}},"_links":{"self":[{"href":"https:\/\/yithsu.com\/pt-br\/wp-json\/wp\/v2\/product\/3488","targetHints":{"allow":["GET"]}}],"collection":[{"href":"https:\/\/yithsu.com\/pt-br\/wp-json\/wp\/v2\/product"}],"about":[{"href":"https:\/\/yithsu.com\/pt-br\/wp-json\/wp\/v2\/types\/product"}],"wp:featuredmedia":[{"embeddable":true,"href":"https:\/\/yithsu.com\/pt-br\/wp-json\/wp\/v2\/media\/6408"}],"wp:attachment":[{"href":"https:\/\/yithsu.com\/pt-br\/wp-json\/wp\/v2\/media?parent=3488"}],"wp:term":[{"taxonomy":"product_brand","embeddable":true,"href":"https:\/\/yithsu.com\/pt-br\/wp-json\/wp\/v2\/product_brand?post=3488"},{"taxonomy":"product_cat","embeddable":true,"href":"https:\/\/yithsu.com\/pt-br\/wp-json\/wp\/v2\/product_cat?post=3488"},{"taxonomy":"product_tag","embeddable":true,"href":"https:\/\/yithsu.com\/pt-br\/wp-json\/wp\/v2\/product_tag?post=3488"}],"curies":[{"name":"wp","href":"https:\/\/api.w.org\/{rel}","templated":true}]}}