{"id":3718,"date":"2023-10-06T18:06:18","date_gmt":"2023-10-06T21:06:18","guid":{"rendered":"https:\/\/yithsu.com\/product\/hpmx-protetor-de-cabeca-estilo-mexicano-preto-dourado\/"},"modified":"2025-05-14T16:42:03","modified_gmt":"2025-05-14T19:42:03","slug":"hpmx-mexican-style-headguard-black-gold","status":"publish","type":"product","link":"https:\/\/yithsu.com\/pt-br\/produto\/hpmx-mexican-style-headguard-black-gold\/","title":{"rendered":"Protetor de cabe\u00e7a estilo mexicano &#8211; preto\/ouro"},"content":{"rendered":"<p><span>O nosso mais recente protetor de cabe\u00e7a estilo mexicano atualizado, de ajuste confort\u00e1vel feito com um fecho de velcro ajust\u00e1vel sob a canela. Suavemente acolchoado no interior para maior conforto, e ligeiramente mais resistente no exterior, oferecendo a prote\u00e7\u00e3o necess\u00e1ria. Agora em novas cores. Adequado para utiliza\u00e7\u00e3o em sparring, um must have para o atleta.  <\/span><\/p>\n","protected":false},"excerpt":{"rendered":"<p>O nosso mais recente protetor de cabe\u00e7a estilo mexicano atualizado, de ajuste confort\u00e1vel feito com um fecho de velcro ajust\u00e1vel sob a canela. Suavemente acolchoado no interior para maior conforto, e ligeiramente mais resistente no exterior, oferecendo a prote\u00e7\u00e3o necess\u00e1ria. Agora em novas cores. Adequado para utiliza\u00e7\u00e3o em sparring, um must have para o atleta.<\/p>\n","protected":false},"featured_media":7198,"template":"","meta":{"inline_featured_image":false},"product_brand":[],"product_cat":[264,316,317,836,416,257],"product_tag":[419,417,321,294,371,370,332,320,383,420,418,396,385],"class_list":{"0":"post-3718","1":"product","2":"type-product","3":"status-publish","4":"has-post-thumbnail","6":"product_cat-catalogo-windy-fight-gear-pt-br","7":"product_cat-equipamento","8":"product_cat-equipamento-de-protecao","9":"product_cat-protecao-para-lutadores","10":"product_cat-protectores-de-cabeca","11":"product_cat-todos-os-produtos","12":"product_tag-arnes","13":"product_tag-cabeca","14":"product_tag-equipamento","15":"product_tag-luta","16":"product_tag-ouro","17":"product_tag-ouro-negro","18":"product_tag-pop-up-pt-br","19":"product_tag-preto","20":"product_tag-protecao","21":"product_tag-protecao-da-cabeca-pt-br","22":"product_tag-protecao-da-cabeca","23":"product_tag-proteger-pt-br","24":"product_tag-protetor-pt-br","26":"first","27":"instock","28":"taxable","29":"shipping-taxable","30":"purchasable","31":"product-type-variable"},"yoast_head":"<!-- This site is optimized with the Yoast SEO plugin v27.4 - https:\/\/yoast.com\/product\/yoast-seo-wordpress\/ -->\n<title>Protetor de cabe\u00e7a estilo mexicano - preto\/ouro - yithsu.com<\/title>\n<meta name=\"robots\" content=\"index, follow, max-snippet:-1, max-image-preview:large, max-video-preview:-1\" \/>\n<link rel=\"canonical\" href=\"https:\/\/yithsu.com\/pt-br\/produto\/hpmx-mexican-style-headguard-black-gold\/\" \/>\n<meta property=\"og:locale\" content=\"pt_BR\" \/>\n<meta property=\"og:type\" content=\"article\" \/>\n<meta property=\"og:title\" content=\"Protetor de cabe\u00e7a estilo mexicano - preto\/ouro - yithsu.com\" \/>\n<meta property=\"og:description\" content=\"O nosso mais recente protetor de cabe\u00e7a estilo mexicano atualizado, de ajuste confort\u00e1vel feito com um fecho de velcro ajust\u00e1vel sob a canela. Suavemente acolchoado no interior para maior conforto, e ligeiramente mais resistente no exterior, oferecendo a prote\u00e7\u00e3o necess\u00e1ria. Agora em novas cores. Adequado para utiliza\u00e7\u00e3o em sparring, um must have para o atleta.\" \/>\n<meta property=\"og:url\" content=\"https:\/\/yithsu.com\/pt-br\/produto\/hpmx-mexican-style-headguard-black-gold\/\" \/>\n<meta property=\"og:site_name\" content=\"yithsu.com\" \/>\n<meta property=\"article:publisher\" content=\"https:\/\/www.facebook.com\/yithsusports\" \/>\n<meta property=\"article:modified_time\" content=\"2025-05-14T19:42:03+00:00\" \/>\n<meta property=\"og:image\" content=\"https:\/\/yithsu.com\/wp-content\/uploads\/2024\/09\/Mexican-Style-Headguard-BlackGold.jpg\" \/>\n\t<meta property=\"og:image:width\" content=\"4016\" \/>\n\t<meta property=\"og:image:height\" content=\"4016\" \/>\n\t<meta property=\"og:image:type\" content=\"image\/jpeg\" \/>\n<meta name=\"twitter:card\" content=\"summary_large_image\" \/>\n<script type=\"application\/ld+json\" class=\"yoast-schema-graph\">{\"@context\":\"https:\\\/\\\/schema.org\",\"@graph\":[{\"@type\":\"WebPage\",\"@id\":\"https:\\\/\\\/yithsu.com\\\/pt-br\\\/produto\\\/hpmx-mexican-style-headguard-black-gold\\\/\",\"url\":\"https:\\\/\\\/yithsu.com\\\/pt-br\\\/produto\\\/hpmx-mexican-style-headguard-black-gold\\\/\",\"name\":\"Protetor de cabe\u00e7a estilo mexicano - preto\\\/ouro - yithsu.com\",\"isPartOf\":{\"@id\":\"https:\\\/\\\/yithsu.com\\\/pt-br\\\/#website\"},\"primaryImageOfPage\":{\"@id\":\"https:\\\/\\\/yithsu.com\\\/pt-br\\\/produto\\\/hpmx-mexican-style-headguard-black-gold\\\/#primaryimage\"},\"image\":{\"@id\":\"https:\\\/\\\/yithsu.com\\\/pt-br\\\/produto\\\/hpmx-mexican-style-headguard-black-gold\\\/#primaryimage\"},\"thumbnailUrl\":\"https:\\\/\\\/yithsu.com\\\/wp-content\\\/uploads\\\/2024\\\/09\\\/Mexican-Style-Headguard-BlackGold.jpg\",\"datePublished\":\"2023-10-06T21:06:18+00:00\",\"dateModified\":\"2025-05-14T19:42:03+00:00\",\"breadcrumb\":{\"@id\":\"https:\\\/\\\/yithsu.com\\\/pt-br\\\/produto\\\/hpmx-mexican-style-headguard-black-gold\\\/#breadcrumb\"},\"inLanguage\":\"pt-BR\",\"potentialAction\":[{\"@type\":\"ReadAction\",\"target\":[\"https:\\\/\\\/yithsu.com\\\/pt-br\\\/produto\\\/hpmx-mexican-style-headguard-black-gold\\\/\"]}]},{\"@type\":\"ImageObject\",\"inLanguage\":\"pt-BR\",\"@id\":\"https:\\\/\\\/yithsu.com\\\/pt-br\\\/produto\\\/hpmx-mexican-style-headguard-black-gold\\\/#primaryimage\",\"url\":\"https:\\\/\\\/yithsu.com\\\/wp-content\\\/uploads\\\/2024\\\/09\\\/Mexican-Style-Headguard-BlackGold.jpg\",\"contentUrl\":\"https:\\\/\\\/yithsu.com\\\/wp-content\\\/uploads\\\/2024\\\/09\\\/Mexican-Style-Headguard-BlackGold.jpg\",\"width\":4016,\"height\":4016},{\"@type\":\"BreadcrumbList\",\"@id\":\"https:\\\/\\\/yithsu.com\\\/pt-br\\\/produto\\\/hpmx-mexican-style-headguard-black-gold\\\/#breadcrumb\",\"itemListElement\":[{\"@type\":\"ListItem\",\"position\":1,\"name\":\"In\u00edcio\",\"item\":\"https:\\\/\\\/yithsu.com\\\/pt-br\\\/\"},{\"@type\":\"ListItem\",\"position\":2,\"name\":\"Loja\",\"item\":\"https:\\\/\\\/yithsu.com\\\/pt-br\\\/loja\\\/\"},{\"@type\":\"ListItem\",\"position\":3,\"name\":\"Protetor de cabe\u00e7a estilo mexicano &#8211; preto\\\/ouro\"}]},{\"@type\":\"WebSite\",\"@id\":\"https:\\\/\\\/yithsu.com\\\/pt-br\\\/#website\",\"url\":\"https:\\\/\\\/yithsu.com\\\/pt-br\\\/\",\"name\":\"Yithsu Premium Fight Gear\",\"description\":\"Premium Fight Gear\",\"publisher\":{\"@id\":\"https:\\\/\\\/yithsu.com\\\/pt-br\\\/#organization\"},\"potentialAction\":[{\"@type\":\"SearchAction\",\"target\":{\"@type\":\"EntryPoint\",\"urlTemplate\":\"https:\\\/\\\/yithsu.com\\\/pt-br\\\/?s={search_term_string}\"},\"query-input\":{\"@type\":\"PropertyValueSpecification\",\"valueRequired\":true,\"valueName\":\"search_term_string\"}}],\"inLanguage\":\"pt-BR\"},{\"@type\":\"Organization\",\"@id\":\"https:\\\/\\\/yithsu.com\\\/pt-br\\\/#organization\",\"name\":\"Yithsu Equipamento de Luta Premium\",\"url\":\"https:\\\/\\\/yithsu.com\\\/pt-br\\\/\",\"logo\":{\"@type\":\"ImageObject\",\"inLanguage\":\"pt-BR\",\"@id\":\"https:\\\/\\\/yithsu.com\\\/pt-br\\\/#\\\/schema\\\/logo\\\/image\\\/\",\"url\":\"https:\\\/\\\/yithsu.com\\\/wp-content\\\/uploads\\\/2024\\\/04\\\/Yithsu_Logo-staand_Black.svg\",\"contentUrl\":\"https:\\\/\\\/yithsu.com\\\/wp-content\\\/uploads\\\/2024\\\/04\\\/Yithsu_Logo-staand_Black.svg\",\"width\":\"1024\",\"height\":\"1024\",\"caption\":\"Yithsu Equipamento de Luta Premium\"},\"image\":{\"@id\":\"https:\\\/\\\/yithsu.com\\\/pt-br\\\/#\\\/schema\\\/logo\\\/image\\\/\"},\"sameAs\":[\"https:\\\/\\\/www.facebook.com\\\/yithsusports\",\"https:\\\/\\\/www.instagram.com\\\/yithsusports\"]}]}<\/script>\n<!-- \/ Yoast SEO plugin. -->","yoast_head_json":{"title":"Protetor de cabe\u00e7a estilo mexicano - preto\/ouro - yithsu.com","robots":{"index":"index","follow":"follow","max-snippet":"max-snippet:-1","max-image-preview":"max-image-preview:large","max-video-preview":"max-video-preview:-1"},"canonical":"https:\/\/yithsu.com\/pt-br\/produto\/hpmx-mexican-style-headguard-black-gold\/","og_locale":"pt_BR","og_type":"article","og_title":"Protetor de cabe\u00e7a estilo mexicano - preto\/ouro - yithsu.com","og_description":"O nosso mais recente protetor de cabe\u00e7a estilo mexicano atualizado, de ajuste confort\u00e1vel feito com um fecho de velcro ajust\u00e1vel sob a canela. Suavemente acolchoado no interior para maior conforto, e ligeiramente mais resistente no exterior, oferecendo a prote\u00e7\u00e3o necess\u00e1ria. Agora em novas cores. Adequado para utiliza\u00e7\u00e3o em sparring, um must have para o atleta.","og_url":"https:\/\/yithsu.com\/pt-br\/produto\/hpmx-mexican-style-headguard-black-gold\/","og_site_name":"yithsu.com","article_publisher":"https:\/\/www.facebook.com\/yithsusports","article_modified_time":"2025-05-14T19:42:03+00:00","og_image":[{"width":4016,"height":4016,"url":"https:\/\/yithsu.com\/wp-content\/uploads\/2024\/09\/Mexican-Style-Headguard-BlackGold.jpg","type":"image\/jpeg"}],"twitter_card":"summary_large_image","schema":{"@context":"https:\/\/schema.org","@graph":[{"@type":"WebPage","@id":"https:\/\/yithsu.com\/pt-br\/produto\/hpmx-mexican-style-headguard-black-gold\/","url":"https:\/\/yithsu.com\/pt-br\/produto\/hpmx-mexican-style-headguard-black-gold\/","name":"Protetor de cabe\u00e7a estilo mexicano - preto\/ouro - yithsu.com","isPartOf":{"@id":"https:\/\/yithsu.com\/pt-br\/#website"},"primaryImageOfPage":{"@id":"https:\/\/yithsu.com\/pt-br\/produto\/hpmx-mexican-style-headguard-black-gold\/#primaryimage"},"image":{"@id":"https:\/\/yithsu.com\/pt-br\/produto\/hpmx-mexican-style-headguard-black-gold\/#primaryimage"},"thumbnailUrl":"https:\/\/yithsu.com\/wp-content\/uploads\/2024\/09\/Mexican-Style-Headguard-BlackGold.jpg","datePublished":"2023-10-06T21:06:18+00:00","dateModified":"2025-05-14T19:42:03+00:00","breadcrumb":{"@id":"https:\/\/yithsu.com\/pt-br\/produto\/hpmx-mexican-style-headguard-black-gold\/#breadcrumb"},"inLanguage":"pt-BR","potentialAction":[{"@type":"ReadAction","target":["https:\/\/yithsu.com\/pt-br\/produto\/hpmx-mexican-style-headguard-black-gold\/"]}]},{"@type":"ImageObject","inLanguage":"pt-BR","@id":"https:\/\/yithsu.com\/pt-br\/produto\/hpmx-mexican-style-headguard-black-gold\/#primaryimage","url":"https:\/\/yithsu.com\/wp-content\/uploads\/2024\/09\/Mexican-Style-Headguard-BlackGold.jpg","contentUrl":"https:\/\/yithsu.com\/wp-content\/uploads\/2024\/09\/Mexican-Style-Headguard-BlackGold.jpg","width":4016,"height":4016},{"@type":"BreadcrumbList","@id":"https:\/\/yithsu.com\/pt-br\/produto\/hpmx-mexican-style-headguard-black-gold\/#breadcrumb","itemListElement":[{"@type":"ListItem","position":1,"name":"In\u00edcio","item":"https:\/\/yithsu.com\/pt-br\/"},{"@type":"ListItem","position":2,"name":"Loja","item":"https:\/\/yithsu.com\/pt-br\/loja\/"},{"@type":"ListItem","position":3,"name":"Protetor de cabe\u00e7a estilo mexicano &#8211; preto\/ouro"}]},{"@type":"WebSite","@id":"https:\/\/yithsu.com\/pt-br\/#website","url":"https:\/\/yithsu.com\/pt-br\/","name":"Yithsu Premium Fight Gear","description":"Premium Fight Gear","publisher":{"@id":"https:\/\/yithsu.com\/pt-br\/#organization"},"potentialAction":[{"@type":"SearchAction","target":{"@type":"EntryPoint","urlTemplate":"https:\/\/yithsu.com\/pt-br\/?s={search_term_string}"},"query-input":{"@type":"PropertyValueSpecification","valueRequired":true,"valueName":"search_term_string"}}],"inLanguage":"pt-BR"},{"@type":"Organization","@id":"https:\/\/yithsu.com\/pt-br\/#organization","name":"Yithsu Equipamento de Luta Premium","url":"https:\/\/yithsu.com\/pt-br\/","logo":{"@type":"ImageObject","inLanguage":"pt-BR","@id":"https:\/\/yithsu.com\/pt-br\/#\/schema\/logo\/image\/","url":"https:\/\/yithsu.com\/wp-content\/uploads\/2024\/04\/Yithsu_Logo-staand_Black.svg","contentUrl":"https:\/\/yithsu.com\/wp-content\/uploads\/2024\/04\/Yithsu_Logo-staand_Black.svg","width":"1024","height":"1024","caption":"Yithsu Equipamento de Luta Premium"},"image":{"@id":"https:\/\/yithsu.com\/pt-br\/#\/schema\/logo\/image\/"},"sameAs":["https:\/\/www.facebook.com\/yithsusports","https:\/\/www.instagram.com\/yithsusports"]}]}},"_links":{"self":[{"href":"https:\/\/yithsu.com\/pt-br\/wp-json\/wp\/v2\/product\/3718","targetHints":{"allow":["GET"]}}],"collection":[{"href":"https:\/\/yithsu.com\/pt-br\/wp-json\/wp\/v2\/product"}],"about":[{"href":"https:\/\/yithsu.com\/pt-br\/wp-json\/wp\/v2\/types\/product"}],"wp:featuredmedia":[{"embeddable":true,"href":"https:\/\/yithsu.com\/pt-br\/wp-json\/wp\/v2\/media\/7198"}],"wp:attachment":[{"href":"https:\/\/yithsu.com\/pt-br\/wp-json\/wp\/v2\/media?parent=3718"}],"wp:term":[{"taxonomy":"product_brand","embeddable":true,"href":"https:\/\/yithsu.com\/pt-br\/wp-json\/wp\/v2\/product_brand?post=3718"},{"taxonomy":"product_cat","embeddable":true,"href":"https:\/\/yithsu.com\/pt-br\/wp-json\/wp\/v2\/product_cat?post=3718"},{"taxonomy":"product_tag","embeddable":true,"href":"https:\/\/yithsu.com\/pt-br\/wp-json\/wp\/v2\/product_tag?post=3718"}],"curies":[{"name":"wp","href":"https:\/\/api.w.org\/{rel}","templated":true}]}}