{"id":3827,"date":"2023-10-06T18:06:20","date_gmt":"2023-10-06T18:06:20","guid":{"rendered":"https:\/\/yithsu.com\/product\/luvas-de-boxe-para-criancas-preto\/"},"modified":"2025-11-04T18:46:32","modified_gmt":"2025-11-04T21:46:32","slug":"luvas-em-caixa-para-criancas-pretas","status":"publish","type":"product","link":"https:\/\/yithsu.com\/pt-br\/produto\/luvas-em-caixa-para-criancas-pretas\/","title":{"rendered":"Luvas de boxe para crian\u00e7as &#8211; Preto"},"content":{"rendered":"<p>Esta luva de boxe para crian\u00e7as \u00e9 a conhecida luva de boxe Windy &#8220;Cl\u00e1ssica&#8221;, mas com um tamanho especial para as crian\u00e7as!<\/p>\n<p>Couro sint\u00e9tico da mais alta qualidade &#8211; tem um enchimento extra macio e tem um excelente ajuste &#8211; bom para raparigas e rapazes.<\/p>\n<p><span>T<\/span><span>A luva est\u00e1 dispon\u00edvel em v\u00e1rias cores e tamanhos; <\/span> <span>O tamanho M para crian\u00e7a corresponde a 4 oz e \u00e9 adequado para crian\u00e7as entre os 4 e os 7 anos de idade. O tamanho L para crian\u00e7a corresponde a 6 oz e \u00e9 adequado para crian\u00e7as entre os 8 e os 12 anos de idade.<\/span><\/p>\n<p>A luva de boxe foi igualmente testada e aprovada na Tail\u00e2ndia e na Europa e cumpre todas as normas de seguran\u00e7a europeias.<\/p>\n","protected":false},"excerpt":{"rendered":"<p>Esta luva de boxe para crian\u00e7as \u00e9 a conhecida luva de boxe Windy &#8220;Cl\u00e1ssica&#8221;, mas com um tamanho especial para as crian\u00e7as! Couro sint\u00e9tico da mais alta qualidade &#8211; tem um enchimento extra macio e tem um excelente ajuste &#8211; bom para raparigas e rapazes. TA luva est\u00e1 dispon\u00edvel em v\u00e1rias cores e tamanhos; O [&hellip;]<\/p>\n","protected":false},"featured_media":7087,"template":"","meta":{"inline_featured_image":false},"product_brand":[],"product_cat":[264,348,261,347,257],"product_tag":[438,351,356,352,350,291,265,353,292,320,276],"class_list":{"0":"post-3827","1":"product","2":"type-product","3":"status-publish","4":"has-post-thumbnail","6":"product_cat-catalogo-windy-fight-gear-pt-br","7":"product_cat-luvas-de-boxe-para-criancas","8":"product_cat-luvas-de-muay-thai-luvas-de-boxe-pt-br","9":"product_cat-para-criancas","10":"product_cat-todos-os-produtos","11":"product_tag-4-oz","12":"product_tag-6-oncas","13":"product_tag-boxe-infantil","14":"product_tag-criancas","15":"product_tag-formacao","16":"product_tag-kickboxing-pt-br","17":"product_tag-luvas-de-boxe","18":"product_tag-luvas-para-criancas","19":"product_tag-muay-thai-pt-br","20":"product_tag-preto","21":"product_tag-venda","23":"first","24":"instock","25":"taxable","26":"shipping-taxable","27":"purchasable","28":"product-type-variable"},"yoast_head":"<!-- This site is optimized with the Yoast SEO plugin v27.4 - https:\/\/yoast.com\/product\/yoast-seo-wordpress\/ -->\n<title>Luvas de boxe para crian\u00e7as - Preto - yithsu.com<\/title>\n<meta name=\"robots\" content=\"index, follow, max-snippet:-1, max-image-preview:large, max-video-preview:-1\" \/>\n<link rel=\"canonical\" href=\"https:\/\/yithsu.com\/pt-br\/produto\/luvas-em-caixa-para-criancas-pretas\/\" \/>\n<meta property=\"og:locale\" content=\"pt_BR\" \/>\n<meta property=\"og:type\" content=\"article\" \/>\n<meta property=\"og:title\" content=\"Luvas de boxe para crian\u00e7as - Preto - yithsu.com\" \/>\n<meta property=\"og:description\" content=\"Esta luva de boxe para crian\u00e7as \u00e9 a conhecida luva de boxe Windy &#8220;Cl\u00e1ssica&#8221;, mas com um tamanho especial para as crian\u00e7as! Couro sint\u00e9tico da mais alta qualidade &#8211; tem um enchimento extra macio e tem um excelente ajuste &#8211; bom para raparigas e rapazes. TA luva est\u00e1 dispon\u00edvel em v\u00e1rias cores e tamanhos; O [&hellip;]\" \/>\n<meta property=\"og:url\" content=\"https:\/\/yithsu.com\/pt-br\/produto\/luvas-em-caixa-para-criancas-pretas\/\" \/>\n<meta property=\"og:site_name\" content=\"yithsu.com\" \/>\n<meta property=\"article:publisher\" content=\"https:\/\/www.facebook.com\/yithsusports\" \/>\n<meta property=\"article:modified_time\" content=\"2025-11-04T21:46:32+00:00\" \/>\n<meta property=\"og:image\" content=\"https:\/\/yithsu.com\/wp-content\/uploads\/2024\/09\/Kids-Boxing-Gloves-Black-1024x1024.png\" \/>\n\t<meta property=\"og:image:width\" content=\"1024\" \/>\n\t<meta property=\"og:image:height\" content=\"1024\" \/>\n\t<meta property=\"og:image:type\" content=\"image\/png\" \/>\n<meta name=\"twitter:card\" content=\"summary_large_image\" \/>\n<meta name=\"twitter:label1\" content=\"Est. tempo de leitura\" \/>\n\t<meta name=\"twitter:data1\" content=\"1 minuto\" \/>\n<script type=\"application\/ld+json\" class=\"yoast-schema-graph\">{\"@context\":\"https:\\\/\\\/schema.org\",\"@graph\":[{\"@type\":\"WebPage\",\"@id\":\"https:\\\/\\\/yithsu.com\\\/pt-br\\\/produto\\\/luvas-em-caixa-para-criancas-pretas\\\/\",\"url\":\"https:\\\/\\\/yithsu.com\\\/pt-br\\\/produto\\\/luvas-em-caixa-para-criancas-pretas\\\/\",\"name\":\"Luvas de boxe para crian\u00e7as - Preto - yithsu.com\",\"isPartOf\":{\"@id\":\"https:\\\/\\\/yithsu.com\\\/pt-br\\\/#website\"},\"primaryImageOfPage\":{\"@id\":\"https:\\\/\\\/yithsu.com\\\/pt-br\\\/produto\\\/luvas-em-caixa-para-criancas-pretas\\\/#primaryimage\"},\"image\":{\"@id\":\"https:\\\/\\\/yithsu.com\\\/pt-br\\\/produto\\\/luvas-em-caixa-para-criancas-pretas\\\/#primaryimage\"},\"thumbnailUrl\":\"https:\\\/\\\/yithsu.com\\\/wp-content\\\/uploads\\\/2024\\\/09\\\/Kids-Boxing-Gloves-Black.png\",\"datePublished\":\"2023-10-06T18:06:20+00:00\",\"dateModified\":\"2025-11-04T21:46:32+00:00\",\"breadcrumb\":{\"@id\":\"https:\\\/\\\/yithsu.com\\\/pt-br\\\/produto\\\/luvas-em-caixa-para-criancas-pretas\\\/#breadcrumb\"},\"inLanguage\":\"pt-BR\",\"potentialAction\":[{\"@type\":\"ReadAction\",\"target\":[\"https:\\\/\\\/yithsu.com\\\/pt-br\\\/produto\\\/luvas-em-caixa-para-criancas-pretas\\\/\"]}]},{\"@type\":\"ImageObject\",\"inLanguage\":\"pt-BR\",\"@id\":\"https:\\\/\\\/yithsu.com\\\/pt-br\\\/produto\\\/luvas-em-caixa-para-criancas-pretas\\\/#primaryimage\",\"url\":\"https:\\\/\\\/yithsu.com\\\/wp-content\\\/uploads\\\/2024\\\/09\\\/Kids-Boxing-Gloves-Black.png\",\"contentUrl\":\"https:\\\/\\\/yithsu.com\\\/wp-content\\\/uploads\\\/2024\\\/09\\\/Kids-Boxing-Gloves-Black.png\",\"width\":2117,\"height\":2116},{\"@type\":\"BreadcrumbList\",\"@id\":\"https:\\\/\\\/yithsu.com\\\/pt-br\\\/produto\\\/luvas-em-caixa-para-criancas-pretas\\\/#breadcrumb\",\"itemListElement\":[{\"@type\":\"ListItem\",\"position\":1,\"name\":\"In\u00edcio\",\"item\":\"https:\\\/\\\/yithsu.com\\\/pt-br\\\/\"},{\"@type\":\"ListItem\",\"position\":2,\"name\":\"Loja\",\"item\":\"https:\\\/\\\/yithsu.com\\\/pt-br\\\/loja\\\/\"},{\"@type\":\"ListItem\",\"position\":3,\"name\":\"Luvas de boxe para crian\u00e7as &#8211; Preto\"}]},{\"@type\":\"WebSite\",\"@id\":\"https:\\\/\\\/yithsu.com\\\/pt-br\\\/#website\",\"url\":\"https:\\\/\\\/yithsu.com\\\/pt-br\\\/\",\"name\":\"Yithsu Premium Fight Gear\",\"description\":\"Premium Fight Gear\",\"publisher\":{\"@id\":\"https:\\\/\\\/yithsu.com\\\/pt-br\\\/#organization\"},\"potentialAction\":[{\"@type\":\"SearchAction\",\"target\":{\"@type\":\"EntryPoint\",\"urlTemplate\":\"https:\\\/\\\/yithsu.com\\\/pt-br\\\/?s={search_term_string}\"},\"query-input\":{\"@type\":\"PropertyValueSpecification\",\"valueRequired\":true,\"valueName\":\"search_term_string\"}}],\"inLanguage\":\"pt-BR\"},{\"@type\":\"Organization\",\"@id\":\"https:\\\/\\\/yithsu.com\\\/pt-br\\\/#organization\",\"name\":\"Yithsu Equipamento de Luta Premium\",\"url\":\"https:\\\/\\\/yithsu.com\\\/pt-br\\\/\",\"logo\":{\"@type\":\"ImageObject\",\"inLanguage\":\"pt-BR\",\"@id\":\"https:\\\/\\\/yithsu.com\\\/pt-br\\\/#\\\/schema\\\/logo\\\/image\\\/\",\"url\":\"https:\\\/\\\/yithsu.com\\\/wp-content\\\/uploads\\\/2024\\\/04\\\/Yithsu_Logo-staand_Black.svg\",\"contentUrl\":\"https:\\\/\\\/yithsu.com\\\/wp-content\\\/uploads\\\/2024\\\/04\\\/Yithsu_Logo-staand_Black.svg\",\"width\":\"1024\",\"height\":\"1024\",\"caption\":\"Yithsu Equipamento de Luta Premium\"},\"image\":{\"@id\":\"https:\\\/\\\/yithsu.com\\\/pt-br\\\/#\\\/schema\\\/logo\\\/image\\\/\"},\"sameAs\":[\"https:\\\/\\\/www.facebook.com\\\/yithsusports\",\"https:\\\/\\\/www.instagram.com\\\/yithsusports\"]}]}<\/script>\n<!-- \/ Yoast SEO plugin. -->","yoast_head_json":{"title":"Luvas de boxe para crian\u00e7as - Preto - yithsu.com","robots":{"index":"index","follow":"follow","max-snippet":"max-snippet:-1","max-image-preview":"max-image-preview:large","max-video-preview":"max-video-preview:-1"},"canonical":"https:\/\/yithsu.com\/pt-br\/produto\/luvas-em-caixa-para-criancas-pretas\/","og_locale":"pt_BR","og_type":"article","og_title":"Luvas de boxe para crian\u00e7as - Preto - yithsu.com","og_description":"Esta luva de boxe para crian\u00e7as \u00e9 a conhecida luva de boxe Windy &#8220;Cl\u00e1ssica&#8221;, mas com um tamanho especial para as crian\u00e7as! Couro sint\u00e9tico da mais alta qualidade &#8211; tem um enchimento extra macio e tem um excelente ajuste &#8211; bom para raparigas e rapazes. TA luva est\u00e1 dispon\u00edvel em v\u00e1rias cores e tamanhos; O [&hellip;]","og_url":"https:\/\/yithsu.com\/pt-br\/produto\/luvas-em-caixa-para-criancas-pretas\/","og_site_name":"yithsu.com","article_publisher":"https:\/\/www.facebook.com\/yithsusports","article_modified_time":"2025-11-04T21:46:32+00:00","og_image":[{"width":1024,"height":1024,"url":"https:\/\/yithsu.com\/wp-content\/uploads\/2024\/09\/Kids-Boxing-Gloves-Black-1024x1024.png","type":"image\/png"}],"twitter_card":"summary_large_image","twitter_misc":{"Est. tempo de leitura":"1 minuto"},"schema":{"@context":"https:\/\/schema.org","@graph":[{"@type":"WebPage","@id":"https:\/\/yithsu.com\/pt-br\/produto\/luvas-em-caixa-para-criancas-pretas\/","url":"https:\/\/yithsu.com\/pt-br\/produto\/luvas-em-caixa-para-criancas-pretas\/","name":"Luvas de boxe para crian\u00e7as - Preto - yithsu.com","isPartOf":{"@id":"https:\/\/yithsu.com\/pt-br\/#website"},"primaryImageOfPage":{"@id":"https:\/\/yithsu.com\/pt-br\/produto\/luvas-em-caixa-para-criancas-pretas\/#primaryimage"},"image":{"@id":"https:\/\/yithsu.com\/pt-br\/produto\/luvas-em-caixa-para-criancas-pretas\/#primaryimage"},"thumbnailUrl":"https:\/\/yithsu.com\/wp-content\/uploads\/2024\/09\/Kids-Boxing-Gloves-Black.png","datePublished":"2023-10-06T18:06:20+00:00","dateModified":"2025-11-04T21:46:32+00:00","breadcrumb":{"@id":"https:\/\/yithsu.com\/pt-br\/produto\/luvas-em-caixa-para-criancas-pretas\/#breadcrumb"},"inLanguage":"pt-BR","potentialAction":[{"@type":"ReadAction","target":["https:\/\/yithsu.com\/pt-br\/produto\/luvas-em-caixa-para-criancas-pretas\/"]}]},{"@type":"ImageObject","inLanguage":"pt-BR","@id":"https:\/\/yithsu.com\/pt-br\/produto\/luvas-em-caixa-para-criancas-pretas\/#primaryimage","url":"https:\/\/yithsu.com\/wp-content\/uploads\/2024\/09\/Kids-Boxing-Gloves-Black.png","contentUrl":"https:\/\/yithsu.com\/wp-content\/uploads\/2024\/09\/Kids-Boxing-Gloves-Black.png","width":2117,"height":2116},{"@type":"BreadcrumbList","@id":"https:\/\/yithsu.com\/pt-br\/produto\/luvas-em-caixa-para-criancas-pretas\/#breadcrumb","itemListElement":[{"@type":"ListItem","position":1,"name":"In\u00edcio","item":"https:\/\/yithsu.com\/pt-br\/"},{"@type":"ListItem","position":2,"name":"Loja","item":"https:\/\/yithsu.com\/pt-br\/loja\/"},{"@type":"ListItem","position":3,"name":"Luvas de boxe para crian\u00e7as &#8211; Preto"}]},{"@type":"WebSite","@id":"https:\/\/yithsu.com\/pt-br\/#website","url":"https:\/\/yithsu.com\/pt-br\/","name":"Yithsu Premium Fight Gear","description":"Premium Fight Gear","publisher":{"@id":"https:\/\/yithsu.com\/pt-br\/#organization"},"potentialAction":[{"@type":"SearchAction","target":{"@type":"EntryPoint","urlTemplate":"https:\/\/yithsu.com\/pt-br\/?s={search_term_string}"},"query-input":{"@type":"PropertyValueSpecification","valueRequired":true,"valueName":"search_term_string"}}],"inLanguage":"pt-BR"},{"@type":"Organization","@id":"https:\/\/yithsu.com\/pt-br\/#organization","name":"Yithsu Equipamento de Luta Premium","url":"https:\/\/yithsu.com\/pt-br\/","logo":{"@type":"ImageObject","inLanguage":"pt-BR","@id":"https:\/\/yithsu.com\/pt-br\/#\/schema\/logo\/image\/","url":"https:\/\/yithsu.com\/wp-content\/uploads\/2024\/04\/Yithsu_Logo-staand_Black.svg","contentUrl":"https:\/\/yithsu.com\/wp-content\/uploads\/2024\/04\/Yithsu_Logo-staand_Black.svg","width":"1024","height":"1024","caption":"Yithsu Equipamento de Luta Premium"},"image":{"@id":"https:\/\/yithsu.com\/pt-br\/#\/schema\/logo\/image\/"},"sameAs":["https:\/\/www.facebook.com\/yithsusports","https:\/\/www.instagram.com\/yithsusports"]}]}},"_links":{"self":[{"href":"https:\/\/yithsu.com\/pt-br\/wp-json\/wp\/v2\/product\/3827","targetHints":{"allow":["GET"]}}],"collection":[{"href":"https:\/\/yithsu.com\/pt-br\/wp-json\/wp\/v2\/product"}],"about":[{"href":"https:\/\/yithsu.com\/pt-br\/wp-json\/wp\/v2\/types\/product"}],"wp:featuredmedia":[{"embeddable":true,"href":"https:\/\/yithsu.com\/pt-br\/wp-json\/wp\/v2\/media\/7087"}],"wp:attachment":[{"href":"https:\/\/yithsu.com\/pt-br\/wp-json\/wp\/v2\/media?parent=3827"}],"wp:term":[{"taxonomy":"product_brand","embeddable":true,"href":"https:\/\/yithsu.com\/pt-br\/wp-json\/wp\/v2\/product_brand?post=3827"},{"taxonomy":"product_cat","embeddable":true,"href":"https:\/\/yithsu.com\/pt-br\/wp-json\/wp\/v2\/product_cat?post=3827"},{"taxonomy":"product_tag","embeddable":true,"href":"https:\/\/yithsu.com\/pt-br\/wp-json\/wp\/v2\/product_tag?post=3827"}],"curies":[{"name":"wp","href":"https:\/\/api.w.org\/{rel}","templated":true}]}}