{"id":3980,"date":"2023-10-06T18:06:26","date_gmt":"2023-10-06T21:06:26","guid":{"rendered":"https:\/\/yithsu.com\/product\/almofadas-de-remate-medias-kp4\/"},"modified":"2025-05-14T16:39:06","modified_gmt":"2025-05-14T19:39:06","slug":"almofadas-de-pontape-medio-kp4","status":"publish","type":"product","link":"https:\/\/yithsu.com\/pt-br\/produto\/almofadas-de-pontape-medio-kp4\/","title":{"rendered":"Almofadas de remate m\u00e9dias &#8211; KP4"},"content":{"rendered":"<p><meta charset=\"utf-8\"><\/p>\n<p>As almofadas de remate Windy KP4 (Medium).<\/p>\n<p>Adequado para: Formadores\/Coaches  <\/p>\n<p>O couro de b\u00fafalo da melhor qualidade garante uma sensa\u00e7\u00e3o de conforto ao pontapear &#8211; Costura dupla para uma vida \u00fatil mais longa &#8211; <span data-mce-fragment=\"1\">Bem almofadado para proteger o treinador e o lutador<\/span><span> <\/span>&#8211; F\u00e1cil de limpar e secar.<\/p>\n<p><span>Utilizado para praticar os pontap\u00e9s m\u00e9dios e baixos, \u00e9 o maior da s\u00e9rie KP. Devido ao tamanho e peso destas almofadas de pontap\u00e9s, recomenda-se a sua utiliza\u00e7\u00e3o por atletas de alto n\u00edvel e de classe m\u00e9dia.<\/span><\/p>\n<p><span>\u00c9 a almofada perfeita para os treinadores melhorarem o desempenho da sua equipa, bem como para os manter a salvo de les\u00f5es provocadas por pontap\u00e9s de alta pot\u00eancia.<\/span><\/p>\n<p>Testado e aprovado na Tail\u00e2ndia e na Europa e atende a todos os requisitos de seguran\u00e7a europeus. Feito \u00e0 m\u00e3o em Bangkok &#8211; Tail\u00e2ndia <\/p>\n","protected":false},"excerpt":{"rendered":"<p>As almofadas de remate Windy KP4 (Medium). Adequado para: Formadores\/Coaches O couro de b\u00fafalo da melhor qualidade garante uma sensa\u00e7\u00e3o de conforto ao pontapear &#8211; Costura dupla para uma vida \u00fatil mais longa &#8211; Bem almofadado para proteger o treinador e o lutador &#8211; F\u00e1cil de limpar e secar. Utilizado para praticar os pontap\u00e9s m\u00e9dios [&hellip;]<\/p>\n","protected":false},"featured_media":2437,"template":"","meta":{"inline_featured_image":false},"product_brand":[],"product_cat":[505,264,316,504,257],"product_tag":[506,330,321,350,405,289,290,291,292,512,474,332,383,396,372,385,404,349],"class_list":{"0":"post-3980","1":"product","2":"type-product","3":"status-publish","4":"has-post-thumbnail","6":"product_cat-almofadas-de-remate","7":"product_cat-catalogo-windy-fight-gear-pt-br","8":"product_cat-equipamento","9":"product_cat-sacos-e-almofadas","10":"product_cat-todos-os-produtos","11":"product_tag-almofada-de-pontape","12":"product_tag-couro","13":"product_tag-equipamento","14":"product_tag-formacao","15":"product_tag-formador-pt-br","16":"product_tag-k-1-pt-br","17":"product_tag-k1-pt-br","18":"product_tag-kickboxing-pt-br","19":"product_tag-muay-thai-pt-br","20":"product_tag-perfuracao","21":"product_tag-pontape","22":"product_tag-pop-up-pt-br","23":"product_tag-protecao","24":"product_tag-proteger-pt-br","25":"product_tag-protetor","26":"product_tag-protetor-pt-br","27":"product_tag-treinador","28":"product_tag-venda-de-verao","30":"first","31":"instock","32":"taxable","33":"shipping-taxable","34":"purchasable","35":"product-type-variable"},"yoast_head":"<!-- This site is optimized with the Yoast SEO plugin v27.4 - https:\/\/yoast.com\/product\/yoast-seo-wordpress\/ -->\n<title>Almofadas de remate m\u00e9dias - KP4 - yithsu.com<\/title>\n<meta name=\"robots\" content=\"index, follow, max-snippet:-1, max-image-preview:large, max-video-preview:-1\" \/>\n<link rel=\"canonical\" href=\"https:\/\/yithsu.com\/pt-br\/produto\/almofadas-de-pontape-medio-kp4\/\" \/>\n<meta property=\"og:locale\" content=\"pt_BR\" \/>\n<meta property=\"og:type\" content=\"article\" \/>\n<meta property=\"og:title\" content=\"Almofadas de remate m\u00e9dias - KP4 - yithsu.com\" \/>\n<meta property=\"og:description\" content=\"As almofadas de remate Windy KP4 (Medium). Adequado para: Formadores\/Coaches O couro de b\u00fafalo da melhor qualidade garante uma sensa\u00e7\u00e3o de conforto ao pontapear &#8211; Costura dupla para uma vida \u00fatil mais longa &#8211; Bem almofadado para proteger o treinador e o lutador &#8211; F\u00e1cil de limpar e secar. Utilizado para praticar os pontap\u00e9s m\u00e9dios [&hellip;]\" \/>\n<meta property=\"og:url\" content=\"https:\/\/yithsu.com\/pt-br\/produto\/almofadas-de-pontape-medio-kp4\/\" \/>\n<meta property=\"og:site_name\" content=\"yithsu.com\" \/>\n<meta property=\"article:publisher\" content=\"https:\/\/www.facebook.com\/yithsusports\" \/>\n<meta property=\"article:modified_time\" content=\"2025-05-14T19:39:06+00:00\" \/>\n<meta property=\"og:image\" content=\"https:\/\/yithsu.com\/wp-content\/uploads\/2023\/10\/Windy0187_S-22-removebg-preview.png\" \/>\n\t<meta property=\"og:image:width\" content=\"500\" \/>\n\t<meta property=\"og:image:height\" content=\"500\" \/>\n\t<meta property=\"og:image:type\" content=\"image\/png\" \/>\n<meta name=\"twitter:card\" content=\"summary_large_image\" \/>\n<meta name=\"twitter:label1\" content=\"Est. tempo de leitura\" \/>\n\t<meta name=\"twitter:data1\" content=\"1 minuto\" \/>\n<script type=\"application\/ld+json\" class=\"yoast-schema-graph\">{\"@context\":\"https:\\\/\\\/schema.org\",\"@graph\":[{\"@type\":\"WebPage\",\"@id\":\"https:\\\/\\\/yithsu.com\\\/pt-br\\\/produto\\\/almofadas-de-pontape-medio-kp4\\\/\",\"url\":\"https:\\\/\\\/yithsu.com\\\/pt-br\\\/produto\\\/almofadas-de-pontape-medio-kp4\\\/\",\"name\":\"Almofadas de remate m\u00e9dias - KP4 - yithsu.com\",\"isPartOf\":{\"@id\":\"https:\\\/\\\/yithsu.com\\\/pt-br\\\/#website\"},\"primaryImageOfPage\":{\"@id\":\"https:\\\/\\\/yithsu.com\\\/pt-br\\\/produto\\\/almofadas-de-pontape-medio-kp4\\\/#primaryimage\"},\"image\":{\"@id\":\"https:\\\/\\\/yithsu.com\\\/pt-br\\\/produto\\\/almofadas-de-pontape-medio-kp4\\\/#primaryimage\"},\"thumbnailUrl\":\"https:\\\/\\\/yithsu.com\\\/wp-content\\\/uploads\\\/2023\\\/10\\\/Windy0187_S-22-removebg-preview.png\",\"datePublished\":\"2023-10-06T21:06:26+00:00\",\"dateModified\":\"2025-05-14T19:39:06+00:00\",\"breadcrumb\":{\"@id\":\"https:\\\/\\\/yithsu.com\\\/pt-br\\\/produto\\\/almofadas-de-pontape-medio-kp4\\\/#breadcrumb\"},\"inLanguage\":\"pt-BR\",\"potentialAction\":[{\"@type\":\"ReadAction\",\"target\":[\"https:\\\/\\\/yithsu.com\\\/pt-br\\\/produto\\\/almofadas-de-pontape-medio-kp4\\\/\"]}]},{\"@type\":\"ImageObject\",\"inLanguage\":\"pt-BR\",\"@id\":\"https:\\\/\\\/yithsu.com\\\/pt-br\\\/produto\\\/almofadas-de-pontape-medio-kp4\\\/#primaryimage\",\"url\":\"https:\\\/\\\/yithsu.com\\\/wp-content\\\/uploads\\\/2023\\\/10\\\/Windy0187_S-22-removebg-preview.png\",\"contentUrl\":\"https:\\\/\\\/yithsu.com\\\/wp-content\\\/uploads\\\/2023\\\/10\\\/Windy0187_S-22-removebg-preview.png\",\"width\":500,\"height\":500},{\"@type\":\"BreadcrumbList\",\"@id\":\"https:\\\/\\\/yithsu.com\\\/pt-br\\\/produto\\\/almofadas-de-pontape-medio-kp4\\\/#breadcrumb\",\"itemListElement\":[{\"@type\":\"ListItem\",\"position\":1,\"name\":\"In\u00edcio\",\"item\":\"https:\\\/\\\/yithsu.com\\\/pt-br\\\/\"},{\"@type\":\"ListItem\",\"position\":2,\"name\":\"Loja\",\"item\":\"https:\\\/\\\/yithsu.com\\\/pt-br\\\/loja\\\/\"},{\"@type\":\"ListItem\",\"position\":3,\"name\":\"Almofadas de remate m\u00e9dias &#8211; KP4\"}]},{\"@type\":\"WebSite\",\"@id\":\"https:\\\/\\\/yithsu.com\\\/pt-br\\\/#website\",\"url\":\"https:\\\/\\\/yithsu.com\\\/pt-br\\\/\",\"name\":\"Yithsu Premium Fight Gear\",\"description\":\"Premium Fight Gear\",\"publisher\":{\"@id\":\"https:\\\/\\\/yithsu.com\\\/pt-br\\\/#organization\"},\"potentialAction\":[{\"@type\":\"SearchAction\",\"target\":{\"@type\":\"EntryPoint\",\"urlTemplate\":\"https:\\\/\\\/yithsu.com\\\/pt-br\\\/?s={search_term_string}\"},\"query-input\":{\"@type\":\"PropertyValueSpecification\",\"valueRequired\":true,\"valueName\":\"search_term_string\"}}],\"inLanguage\":\"pt-BR\"},{\"@type\":\"Organization\",\"@id\":\"https:\\\/\\\/yithsu.com\\\/pt-br\\\/#organization\",\"name\":\"Yithsu Equipamento de Luta Premium\",\"url\":\"https:\\\/\\\/yithsu.com\\\/pt-br\\\/\",\"logo\":{\"@type\":\"ImageObject\",\"inLanguage\":\"pt-BR\",\"@id\":\"https:\\\/\\\/yithsu.com\\\/pt-br\\\/#\\\/schema\\\/logo\\\/image\\\/\",\"url\":\"https:\\\/\\\/yithsu.com\\\/wp-content\\\/uploads\\\/2024\\\/04\\\/Yithsu_Logo-staand_Black.svg\",\"contentUrl\":\"https:\\\/\\\/yithsu.com\\\/wp-content\\\/uploads\\\/2024\\\/04\\\/Yithsu_Logo-staand_Black.svg\",\"width\":\"1024\",\"height\":\"1024\",\"caption\":\"Yithsu Equipamento de Luta Premium\"},\"image\":{\"@id\":\"https:\\\/\\\/yithsu.com\\\/pt-br\\\/#\\\/schema\\\/logo\\\/image\\\/\"},\"sameAs\":[\"https:\\\/\\\/www.facebook.com\\\/yithsusports\",\"https:\\\/\\\/www.instagram.com\\\/yithsusports\"]}]}<\/script>\n<!-- \/ Yoast SEO plugin. -->","yoast_head_json":{"title":"Almofadas de remate m\u00e9dias - KP4 - yithsu.com","robots":{"index":"index","follow":"follow","max-snippet":"max-snippet:-1","max-image-preview":"max-image-preview:large","max-video-preview":"max-video-preview:-1"},"canonical":"https:\/\/yithsu.com\/pt-br\/produto\/almofadas-de-pontape-medio-kp4\/","og_locale":"pt_BR","og_type":"article","og_title":"Almofadas de remate m\u00e9dias - KP4 - yithsu.com","og_description":"As almofadas de remate Windy KP4 (Medium). Adequado para: Formadores\/Coaches O couro de b\u00fafalo da melhor qualidade garante uma sensa\u00e7\u00e3o de conforto ao pontapear &#8211; Costura dupla para uma vida \u00fatil mais longa &#8211; Bem almofadado para proteger o treinador e o lutador &#8211; F\u00e1cil de limpar e secar. Utilizado para praticar os pontap\u00e9s m\u00e9dios [&hellip;]","og_url":"https:\/\/yithsu.com\/pt-br\/produto\/almofadas-de-pontape-medio-kp4\/","og_site_name":"yithsu.com","article_publisher":"https:\/\/www.facebook.com\/yithsusports","article_modified_time":"2025-05-14T19:39:06+00:00","og_image":[{"width":500,"height":500,"url":"https:\/\/yithsu.com\/wp-content\/uploads\/2023\/10\/Windy0187_S-22-removebg-preview.png","type":"image\/png"}],"twitter_card":"summary_large_image","twitter_misc":{"Est. tempo de leitura":"1 minuto"},"schema":{"@context":"https:\/\/schema.org","@graph":[{"@type":"WebPage","@id":"https:\/\/yithsu.com\/pt-br\/produto\/almofadas-de-pontape-medio-kp4\/","url":"https:\/\/yithsu.com\/pt-br\/produto\/almofadas-de-pontape-medio-kp4\/","name":"Almofadas de remate m\u00e9dias - KP4 - yithsu.com","isPartOf":{"@id":"https:\/\/yithsu.com\/pt-br\/#website"},"primaryImageOfPage":{"@id":"https:\/\/yithsu.com\/pt-br\/produto\/almofadas-de-pontape-medio-kp4\/#primaryimage"},"image":{"@id":"https:\/\/yithsu.com\/pt-br\/produto\/almofadas-de-pontape-medio-kp4\/#primaryimage"},"thumbnailUrl":"https:\/\/yithsu.com\/wp-content\/uploads\/2023\/10\/Windy0187_S-22-removebg-preview.png","datePublished":"2023-10-06T21:06:26+00:00","dateModified":"2025-05-14T19:39:06+00:00","breadcrumb":{"@id":"https:\/\/yithsu.com\/pt-br\/produto\/almofadas-de-pontape-medio-kp4\/#breadcrumb"},"inLanguage":"pt-BR","potentialAction":[{"@type":"ReadAction","target":["https:\/\/yithsu.com\/pt-br\/produto\/almofadas-de-pontape-medio-kp4\/"]}]},{"@type":"ImageObject","inLanguage":"pt-BR","@id":"https:\/\/yithsu.com\/pt-br\/produto\/almofadas-de-pontape-medio-kp4\/#primaryimage","url":"https:\/\/yithsu.com\/wp-content\/uploads\/2023\/10\/Windy0187_S-22-removebg-preview.png","contentUrl":"https:\/\/yithsu.com\/wp-content\/uploads\/2023\/10\/Windy0187_S-22-removebg-preview.png","width":500,"height":500},{"@type":"BreadcrumbList","@id":"https:\/\/yithsu.com\/pt-br\/produto\/almofadas-de-pontape-medio-kp4\/#breadcrumb","itemListElement":[{"@type":"ListItem","position":1,"name":"In\u00edcio","item":"https:\/\/yithsu.com\/pt-br\/"},{"@type":"ListItem","position":2,"name":"Loja","item":"https:\/\/yithsu.com\/pt-br\/loja\/"},{"@type":"ListItem","position":3,"name":"Almofadas de remate m\u00e9dias &#8211; KP4"}]},{"@type":"WebSite","@id":"https:\/\/yithsu.com\/pt-br\/#website","url":"https:\/\/yithsu.com\/pt-br\/","name":"Yithsu Premium Fight Gear","description":"Premium Fight Gear","publisher":{"@id":"https:\/\/yithsu.com\/pt-br\/#organization"},"potentialAction":[{"@type":"SearchAction","target":{"@type":"EntryPoint","urlTemplate":"https:\/\/yithsu.com\/pt-br\/?s={search_term_string}"},"query-input":{"@type":"PropertyValueSpecification","valueRequired":true,"valueName":"search_term_string"}}],"inLanguage":"pt-BR"},{"@type":"Organization","@id":"https:\/\/yithsu.com\/pt-br\/#organization","name":"Yithsu Equipamento de Luta Premium","url":"https:\/\/yithsu.com\/pt-br\/","logo":{"@type":"ImageObject","inLanguage":"pt-BR","@id":"https:\/\/yithsu.com\/pt-br\/#\/schema\/logo\/image\/","url":"https:\/\/yithsu.com\/wp-content\/uploads\/2024\/04\/Yithsu_Logo-staand_Black.svg","contentUrl":"https:\/\/yithsu.com\/wp-content\/uploads\/2024\/04\/Yithsu_Logo-staand_Black.svg","width":"1024","height":"1024","caption":"Yithsu Equipamento de Luta Premium"},"image":{"@id":"https:\/\/yithsu.com\/pt-br\/#\/schema\/logo\/image\/"},"sameAs":["https:\/\/www.facebook.com\/yithsusports","https:\/\/www.instagram.com\/yithsusports"]}]}},"_links":{"self":[{"href":"https:\/\/yithsu.com\/pt-br\/wp-json\/wp\/v2\/product\/3980","targetHints":{"allow":["GET"]}}],"collection":[{"href":"https:\/\/yithsu.com\/pt-br\/wp-json\/wp\/v2\/product"}],"about":[{"href":"https:\/\/yithsu.com\/pt-br\/wp-json\/wp\/v2\/types\/product"}],"wp:featuredmedia":[{"embeddable":true,"href":"https:\/\/yithsu.com\/pt-br\/wp-json\/wp\/v2\/media\/2437"}],"wp:attachment":[{"href":"https:\/\/yithsu.com\/pt-br\/wp-json\/wp\/v2\/media?parent=3980"}],"wp:term":[{"taxonomy":"product_brand","embeddable":true,"href":"https:\/\/yithsu.com\/pt-br\/wp-json\/wp\/v2\/product_brand?post=3980"},{"taxonomy":"product_cat","embeddable":true,"href":"https:\/\/yithsu.com\/pt-br\/wp-json\/wp\/v2\/product_cat?post=3980"},{"taxonomy":"product_tag","embeddable":true,"href":"https:\/\/yithsu.com\/pt-br\/wp-json\/wp\/v2\/product_tag?post=3980"}],"curies":[{"name":"wp","href":"https:\/\/api.w.org\/{rel}","templated":true}]}}