{"id":4558,"date":"2023-10-06T18:06:48","date_gmt":"2023-10-06T21:06:48","guid":{"rendered":"https:\/\/yithsu.com\/product\/protecao-da-virilha-white-gold-serie-de-boxe-profissional\/"},"modified":"2025-05-13T19:31:39","modified_gmt":"2025-05-13T22:31:39","slug":"serie-pro-boxing-guarda-corpo-ouro-branco","status":"publish","type":"product","link":"https:\/\/yithsu.com\/pt-br\/produto\/serie-pro-boxing-guarda-corpo-ouro-branco\/","title":{"rendered":"Prote\u00e7\u00e3o da virilha White &amp; Gold &#8211; S\u00e9rie de boxe profissional"},"content":{"rendered":"<p>A s\u00e9rie de boxe Windy Pro &#8211; Prote\u00e7\u00e3o para a virilha, um novo equipamento de prote\u00e7\u00e3o para o boxe.<\/p>\n<p data-mce-fragment=\"1\">Adequado para: Sparring e competi\u00e7\u00e3o.  <\/p>\n<p>Couro de qualidade superior &#8211; Nova camada de enchimento Windy tech que garante uma prote\u00e7\u00e3o extra &#8211; Fecho com cord\u00f5es nas costas para garantir um ajuste seguro e confort\u00e1vel &#8211; F\u00e1cil de limpar e secar.<\/p>\n<p>Esta prote\u00e7\u00e3o para a virilha foi feita \u00e0 m\u00e3o pelos nossos experientes membros da equipa da f\u00e1brica. O nosso log\u00f3tipo \u00e9 especialmente bordado a fio de ouro. A <span>s\u00e9rie Pro boxing &#8211; Prote\u00e7\u00e3o para a virilha est\u00e1<\/span> dispon\u00edvel em duas cores e nos tamanhos M e L<\/p>\n","protected":false},"excerpt":{"rendered":"<p>A s\u00e9rie de boxe Windy Pro &#8211; Prote\u00e7\u00e3o para a virilha, um novo equipamento de prote\u00e7\u00e3o para o boxe. Adequado para: Sparring e competi\u00e7\u00e3o. Couro de qualidade superior &#8211; Nova camada de enchimento Windy tech que garante uma prote\u00e7\u00e3o extra &#8211; Fecho com cord\u00f5es nas costas para garantir um ajuste seguro e confort\u00e1vel &#8211; F\u00e1cil [&hellip;]<\/p>\n","protected":false},"featured_media":7934,"template":"","meta":{"inline_featured_image":false},"product_brand":[],"product_cat":[316,317,262,257],"product_tag":[325,381,408,615,321,475,476,371,610,333,383,379,380,396,385,372,276,378],"class_list":{"0":"post-4558","1":"product","2":"type-product","3":"status-publish","4":"has-post-thumbnail","6":"product_cat-equipamento","7":"product_cat-equipamento-de-protecao","8":"product_cat-mais-vendidos","9":"product_cat-todos-os-produtos","10":"product_tag-boxe","11":"product_tag-boxe-profissional","12":"product_tag-branco","13":"product_tag-chavena","14":"product_tag-equipamento","15":"product_tag-l-pt-br","16":"product_tag-m-pt-br","17":"product_tag-ouro","18":"product_tag-ouro-branco","19":"product_tag-profissional","20":"product_tag-protecao","21":"product_tag-protecao-da-virilha","22":"product_tag-protectores-de-virilha","23":"product_tag-proteger-pt-br","24":"product_tag-protetor-pt-br","25":"product_tag-protetor","26":"product_tag-venda","27":"product_tag-virilha","29":"first","30":"instock","31":"taxable","32":"shipping-taxable","33":"purchasable","34":"product-type-variable"},"yoast_head":"<!-- This site is optimized with the Yoast SEO plugin v27.4 - https:\/\/yoast.com\/product\/yoast-seo-wordpress\/ -->\n<title>Prote\u00e7\u00e3o da virilha White &amp; Gold - S\u00e9rie de boxe profissional - yithsu.com<\/title>\n<meta name=\"robots\" content=\"index, follow, max-snippet:-1, max-image-preview:large, max-video-preview:-1\" \/>\n<link rel=\"canonical\" href=\"https:\/\/yithsu.com\/pt-br\/produto\/serie-pro-boxing-guarda-corpo-ouro-branco\/\" \/>\n<meta property=\"og:locale\" content=\"pt_BR\" \/>\n<meta property=\"og:type\" content=\"article\" \/>\n<meta property=\"og:title\" content=\"Prote\u00e7\u00e3o da virilha White &amp; Gold - S\u00e9rie de boxe profissional - yithsu.com\" \/>\n<meta property=\"og:description\" content=\"A s\u00e9rie de boxe Windy Pro &#8211; Prote\u00e7\u00e3o para a virilha, um novo equipamento de prote\u00e7\u00e3o para o boxe. Adequado para: Sparring e competi\u00e7\u00e3o. Couro de qualidade superior &#8211; Nova camada de enchimento Windy tech que garante uma prote\u00e7\u00e3o extra &#8211; Fecho com cord\u00f5es nas costas para garantir um ajuste seguro e confort\u00e1vel &#8211; F\u00e1cil [&hellip;]\" \/>\n<meta property=\"og:url\" content=\"https:\/\/yithsu.com\/pt-br\/produto\/serie-pro-boxing-guarda-corpo-ouro-branco\/\" \/>\n<meta property=\"og:site_name\" content=\"yithsu.com\" \/>\n<meta property=\"article:publisher\" content=\"https:\/\/www.facebook.com\/yithsusports\" \/>\n<meta property=\"article:modified_time\" content=\"2025-05-13T22:31:39+00:00\" \/>\n<meta property=\"og:image\" content=\"https:\/\/yithsu.com\/wp-content\/uploads\/2024\/09\/White-Gold-Groin-Guard-Pro-boxing-series.png\" \/>\n\t<meta property=\"og:image:width\" content=\"1000\" \/>\n\t<meta property=\"og:image:height\" content=\"1000\" \/>\n\t<meta property=\"og:image:type\" content=\"image\/png\" \/>\n<meta name=\"twitter:card\" content=\"summary_large_image\" \/>\n<meta name=\"twitter:label1\" content=\"Est. tempo de leitura\" \/>\n\t<meta name=\"twitter:data1\" content=\"1 minuto\" \/>\n<script type=\"application\/ld+json\" class=\"yoast-schema-graph\">{\"@context\":\"https:\\\/\\\/schema.org\",\"@graph\":[{\"@type\":\"WebPage\",\"@id\":\"https:\\\/\\\/yithsu.com\\\/pt-br\\\/produto\\\/serie-pro-boxing-guarda-corpo-ouro-branco\\\/\",\"url\":\"https:\\\/\\\/yithsu.com\\\/pt-br\\\/produto\\\/serie-pro-boxing-guarda-corpo-ouro-branco\\\/\",\"name\":\"Prote\u00e7\u00e3o da virilha White &amp; Gold - S\u00e9rie de boxe profissional - yithsu.com\",\"isPartOf\":{\"@id\":\"https:\\\/\\\/yithsu.com\\\/pt-br\\\/#website\"},\"primaryImageOfPage\":{\"@id\":\"https:\\\/\\\/yithsu.com\\\/pt-br\\\/produto\\\/serie-pro-boxing-guarda-corpo-ouro-branco\\\/#primaryimage\"},\"image\":{\"@id\":\"https:\\\/\\\/yithsu.com\\\/pt-br\\\/produto\\\/serie-pro-boxing-guarda-corpo-ouro-branco\\\/#primaryimage\"},\"thumbnailUrl\":\"https:\\\/\\\/yithsu.com\\\/wp-content\\\/uploads\\\/2024\\\/09\\\/White-Gold-Groin-Guard-Pro-boxing-series.png\",\"datePublished\":\"2023-10-06T21:06:48+00:00\",\"dateModified\":\"2025-05-13T22:31:39+00:00\",\"breadcrumb\":{\"@id\":\"https:\\\/\\\/yithsu.com\\\/pt-br\\\/produto\\\/serie-pro-boxing-guarda-corpo-ouro-branco\\\/#breadcrumb\"},\"inLanguage\":\"pt-BR\",\"potentialAction\":[{\"@type\":\"ReadAction\",\"target\":[\"https:\\\/\\\/yithsu.com\\\/pt-br\\\/produto\\\/serie-pro-boxing-guarda-corpo-ouro-branco\\\/\"]}]},{\"@type\":\"ImageObject\",\"inLanguage\":\"pt-BR\",\"@id\":\"https:\\\/\\\/yithsu.com\\\/pt-br\\\/produto\\\/serie-pro-boxing-guarda-corpo-ouro-branco\\\/#primaryimage\",\"url\":\"https:\\\/\\\/yithsu.com\\\/wp-content\\\/uploads\\\/2024\\\/09\\\/White-Gold-Groin-Guard-Pro-boxing-series.png\",\"contentUrl\":\"https:\\\/\\\/yithsu.com\\\/wp-content\\\/uploads\\\/2024\\\/09\\\/White-Gold-Groin-Guard-Pro-boxing-series.png\",\"width\":1000,\"height\":1000},{\"@type\":\"BreadcrumbList\",\"@id\":\"https:\\\/\\\/yithsu.com\\\/pt-br\\\/produto\\\/serie-pro-boxing-guarda-corpo-ouro-branco\\\/#breadcrumb\",\"itemListElement\":[{\"@type\":\"ListItem\",\"position\":1,\"name\":\"In\u00edcio\",\"item\":\"https:\\\/\\\/yithsu.com\\\/pt-br\\\/\"},{\"@type\":\"ListItem\",\"position\":2,\"name\":\"Loja\",\"item\":\"https:\\\/\\\/yithsu.com\\\/pt-br\\\/loja\\\/\"},{\"@type\":\"ListItem\",\"position\":3,\"name\":\"Prote\u00e7\u00e3o da virilha White &amp; Gold &#8211; S\u00e9rie de boxe profissional\"}]},{\"@type\":\"WebSite\",\"@id\":\"https:\\\/\\\/yithsu.com\\\/pt-br\\\/#website\",\"url\":\"https:\\\/\\\/yithsu.com\\\/pt-br\\\/\",\"name\":\"Yithsu Premium Fight Gear\",\"description\":\"Premium Fight Gear\",\"publisher\":{\"@id\":\"https:\\\/\\\/yithsu.com\\\/pt-br\\\/#organization\"},\"potentialAction\":[{\"@type\":\"SearchAction\",\"target\":{\"@type\":\"EntryPoint\",\"urlTemplate\":\"https:\\\/\\\/yithsu.com\\\/pt-br\\\/?s={search_term_string}\"},\"query-input\":{\"@type\":\"PropertyValueSpecification\",\"valueRequired\":true,\"valueName\":\"search_term_string\"}}],\"inLanguage\":\"pt-BR\"},{\"@type\":\"Organization\",\"@id\":\"https:\\\/\\\/yithsu.com\\\/pt-br\\\/#organization\",\"name\":\"Yithsu Equipamento de Luta Premium\",\"url\":\"https:\\\/\\\/yithsu.com\\\/pt-br\\\/\",\"logo\":{\"@type\":\"ImageObject\",\"inLanguage\":\"pt-BR\",\"@id\":\"https:\\\/\\\/yithsu.com\\\/pt-br\\\/#\\\/schema\\\/logo\\\/image\\\/\",\"url\":\"https:\\\/\\\/yithsu.com\\\/wp-content\\\/uploads\\\/2024\\\/04\\\/Yithsu_Logo-staand_Black.svg\",\"contentUrl\":\"https:\\\/\\\/yithsu.com\\\/wp-content\\\/uploads\\\/2024\\\/04\\\/Yithsu_Logo-staand_Black.svg\",\"width\":\"1024\",\"height\":\"1024\",\"caption\":\"Yithsu Equipamento de Luta Premium\"},\"image\":{\"@id\":\"https:\\\/\\\/yithsu.com\\\/pt-br\\\/#\\\/schema\\\/logo\\\/image\\\/\"},\"sameAs\":[\"https:\\\/\\\/www.facebook.com\\\/yithsusports\",\"https:\\\/\\\/www.instagram.com\\\/yithsusports\"]}]}<\/script>\n<!-- \/ Yoast SEO plugin. -->","yoast_head_json":{"title":"Prote\u00e7\u00e3o da virilha White &amp; Gold - S\u00e9rie de boxe profissional - yithsu.com","robots":{"index":"index","follow":"follow","max-snippet":"max-snippet:-1","max-image-preview":"max-image-preview:large","max-video-preview":"max-video-preview:-1"},"canonical":"https:\/\/yithsu.com\/pt-br\/produto\/serie-pro-boxing-guarda-corpo-ouro-branco\/","og_locale":"pt_BR","og_type":"article","og_title":"Prote\u00e7\u00e3o da virilha White &amp; Gold - S\u00e9rie de boxe profissional - yithsu.com","og_description":"A s\u00e9rie de boxe Windy Pro &#8211; Prote\u00e7\u00e3o para a virilha, um novo equipamento de prote\u00e7\u00e3o para o boxe. Adequado para: Sparring e competi\u00e7\u00e3o. Couro de qualidade superior &#8211; Nova camada de enchimento Windy tech que garante uma prote\u00e7\u00e3o extra &#8211; Fecho com cord\u00f5es nas costas para garantir um ajuste seguro e confort\u00e1vel &#8211; F\u00e1cil [&hellip;]","og_url":"https:\/\/yithsu.com\/pt-br\/produto\/serie-pro-boxing-guarda-corpo-ouro-branco\/","og_site_name":"yithsu.com","article_publisher":"https:\/\/www.facebook.com\/yithsusports","article_modified_time":"2025-05-13T22:31:39+00:00","og_image":[{"width":1000,"height":1000,"url":"https:\/\/yithsu.com\/wp-content\/uploads\/2024\/09\/White-Gold-Groin-Guard-Pro-boxing-series.png","type":"image\/png"}],"twitter_card":"summary_large_image","twitter_misc":{"Est. tempo de leitura":"1 minuto"},"schema":{"@context":"https:\/\/schema.org","@graph":[{"@type":"WebPage","@id":"https:\/\/yithsu.com\/pt-br\/produto\/serie-pro-boxing-guarda-corpo-ouro-branco\/","url":"https:\/\/yithsu.com\/pt-br\/produto\/serie-pro-boxing-guarda-corpo-ouro-branco\/","name":"Prote\u00e7\u00e3o da virilha White &amp; Gold - S\u00e9rie de boxe profissional - yithsu.com","isPartOf":{"@id":"https:\/\/yithsu.com\/pt-br\/#website"},"primaryImageOfPage":{"@id":"https:\/\/yithsu.com\/pt-br\/produto\/serie-pro-boxing-guarda-corpo-ouro-branco\/#primaryimage"},"image":{"@id":"https:\/\/yithsu.com\/pt-br\/produto\/serie-pro-boxing-guarda-corpo-ouro-branco\/#primaryimage"},"thumbnailUrl":"https:\/\/yithsu.com\/wp-content\/uploads\/2024\/09\/White-Gold-Groin-Guard-Pro-boxing-series.png","datePublished":"2023-10-06T21:06:48+00:00","dateModified":"2025-05-13T22:31:39+00:00","breadcrumb":{"@id":"https:\/\/yithsu.com\/pt-br\/produto\/serie-pro-boxing-guarda-corpo-ouro-branco\/#breadcrumb"},"inLanguage":"pt-BR","potentialAction":[{"@type":"ReadAction","target":["https:\/\/yithsu.com\/pt-br\/produto\/serie-pro-boxing-guarda-corpo-ouro-branco\/"]}]},{"@type":"ImageObject","inLanguage":"pt-BR","@id":"https:\/\/yithsu.com\/pt-br\/produto\/serie-pro-boxing-guarda-corpo-ouro-branco\/#primaryimage","url":"https:\/\/yithsu.com\/wp-content\/uploads\/2024\/09\/White-Gold-Groin-Guard-Pro-boxing-series.png","contentUrl":"https:\/\/yithsu.com\/wp-content\/uploads\/2024\/09\/White-Gold-Groin-Guard-Pro-boxing-series.png","width":1000,"height":1000},{"@type":"BreadcrumbList","@id":"https:\/\/yithsu.com\/pt-br\/produto\/serie-pro-boxing-guarda-corpo-ouro-branco\/#breadcrumb","itemListElement":[{"@type":"ListItem","position":1,"name":"In\u00edcio","item":"https:\/\/yithsu.com\/pt-br\/"},{"@type":"ListItem","position":2,"name":"Loja","item":"https:\/\/yithsu.com\/pt-br\/loja\/"},{"@type":"ListItem","position":3,"name":"Prote\u00e7\u00e3o da virilha White &amp; Gold &#8211; S\u00e9rie de boxe profissional"}]},{"@type":"WebSite","@id":"https:\/\/yithsu.com\/pt-br\/#website","url":"https:\/\/yithsu.com\/pt-br\/","name":"Yithsu Premium Fight Gear","description":"Premium Fight Gear","publisher":{"@id":"https:\/\/yithsu.com\/pt-br\/#organization"},"potentialAction":[{"@type":"SearchAction","target":{"@type":"EntryPoint","urlTemplate":"https:\/\/yithsu.com\/pt-br\/?s={search_term_string}"},"query-input":{"@type":"PropertyValueSpecification","valueRequired":true,"valueName":"search_term_string"}}],"inLanguage":"pt-BR"},{"@type":"Organization","@id":"https:\/\/yithsu.com\/pt-br\/#organization","name":"Yithsu Equipamento de Luta Premium","url":"https:\/\/yithsu.com\/pt-br\/","logo":{"@type":"ImageObject","inLanguage":"pt-BR","@id":"https:\/\/yithsu.com\/pt-br\/#\/schema\/logo\/image\/","url":"https:\/\/yithsu.com\/wp-content\/uploads\/2024\/04\/Yithsu_Logo-staand_Black.svg","contentUrl":"https:\/\/yithsu.com\/wp-content\/uploads\/2024\/04\/Yithsu_Logo-staand_Black.svg","width":"1024","height":"1024","caption":"Yithsu Equipamento de Luta Premium"},"image":{"@id":"https:\/\/yithsu.com\/pt-br\/#\/schema\/logo\/image\/"},"sameAs":["https:\/\/www.facebook.com\/yithsusports","https:\/\/www.instagram.com\/yithsusports"]}]}},"_links":{"self":[{"href":"https:\/\/yithsu.com\/pt-br\/wp-json\/wp\/v2\/product\/4558","targetHints":{"allow":["GET"]}}],"collection":[{"href":"https:\/\/yithsu.com\/pt-br\/wp-json\/wp\/v2\/product"}],"about":[{"href":"https:\/\/yithsu.com\/pt-br\/wp-json\/wp\/v2\/types\/product"}],"wp:featuredmedia":[{"embeddable":true,"href":"https:\/\/yithsu.com\/pt-br\/wp-json\/wp\/v2\/media\/7934"}],"wp:attachment":[{"href":"https:\/\/yithsu.com\/pt-br\/wp-json\/wp\/v2\/media?parent=4558"}],"wp:term":[{"taxonomy":"product_brand","embeddable":true,"href":"https:\/\/yithsu.com\/pt-br\/wp-json\/wp\/v2\/product_brand?post=4558"},{"taxonomy":"product_cat","embeddable":true,"href":"https:\/\/yithsu.com\/pt-br\/wp-json\/wp\/v2\/product_cat?post=4558"},{"taxonomy":"product_tag","embeddable":true,"href":"https:\/\/yithsu.com\/pt-br\/wp-json\/wp\/v2\/product_tag?post=4558"}],"curies":[{"name":"wp","href":"https:\/\/api.w.org\/{rel}","templated":true}]}}