{"id":4596,"date":"2023-10-06T18:06:49","date_gmt":"2023-10-06T21:06:49","guid":{"rendered":"https:\/\/yithsu.com\/product\/luvas-de-agilidade-windy-focus\/"},"modified":"2025-05-13T19:31:39","modified_gmt":"2025-05-13T22:31:39","slug":"windy-agility-focus-mitts","status":"publish","type":"product","link":"https:\/\/yithsu.com\/pt-br\/produto\/windy-agility-focus-mitts\/","title":{"rendered":"Luvas de agilidade Windy Focus"},"content":{"rendered":"<p><meta charset=\"utf-8\"><\/p>\n<p>As luvas Windy PP12 (Agility) Focus, as luvas mais pequenas da nossa cole\u00e7\u00e3o.<\/p>\n<p>Adequado para: Formadores\/Coaches  <\/p>\n<p>Couro de b\u00fafalo da melhor qualidade &#8211; Almofadas de couro para as m\u00e3os com uma ligeira curva para absorver os golpes fortes &#8211; sensa\u00e7\u00e3o de leveza com um ajuste seguro e conforto &#8211; Costura dupla para uma vida \u00fatil mais longa &#8211; <span data-mce-fragment=\"1\">Bem acolchoadas para fornecer prote\u00e7\u00e3o ao treinador e ao lutador<\/span><span> <\/span>&#8211; F\u00e1cil de limpar e secar.<\/p>\n<p><span>Concebido especificamente para o treino de boxe, kickboxing ou MMA, onde se pode praticar e aperfei\u00e7oar a agilidade das t\u00e9cnicas de perfura\u00e7\u00e3o.<\/span><\/p>\n<p><span>\u00c9 a almofada perfeita para os treinadores melhorarem o desempenho t\u00e9cnico da sua equipa e manterem-se livres de les\u00f5es. Recomendado para utiliza\u00e7\u00e3o com atletas de combate experientes.<\/span><\/p>\n<p>Testado e aprovado na Tail\u00e2ndia e na Europa e atende a todos os requisitos de seguran\u00e7a europeus. Feito \u00e0 m\u00e3o em Bangkok &#8211; Tail\u00e2ndia <\/p><\/p>\n","protected":false},"excerpt":{"rendered":"<p>As luvas Windy PP12 (Agility) Focus, as luvas mais pequenas da nossa cole\u00e7\u00e3o. Adequado para: Formadores\/Coaches Couro de b\u00fafalo da melhor qualidade &#8211; Almofadas de couro para as m\u00e3os com uma ligeira curva para absorver os golpes fortes &#8211; sensa\u00e7\u00e3o de leveza com um ajuste seguro e conforto &#8211; Costura dupla para uma vida \u00fatil [&hellip;]<\/p>\n","protected":false},"featured_media":7964,"template":"","meta":{"inline_featured_image":false},"product_brand":[],"product_cat":[264,316,428,504,257],"product_tag":[529,507,787,321,437,405,530,511,441,531,332,789,320,510,404,349],"class_list":{"0":"post-4596","1":"product","2":"type-product","3":"status-publish","4":"has-post-thumbnail","6":"product_cat-catalogo-windy-fight-gear-pt-br","7":"product_cat-equipamento","8":"product_cat-luvas-focus","9":"product_cat-sacos-e-almofadas","10":"product_cat-todos-os-produtos","11":"product_tag-agilidade","12":"product_tag-almofadas","13":"product_tag-almofadas-de-foco","14":"product_tag-equipamento","15":"product_tag-foco","16":"product_tag-formador-pt-br","17":"product_tag-luvas-pt-br","18":"product_tag-luvas-de-boxe-pt-br","19":"product_tag-luvas-de-concentracao","20":"product_tag-luvas-ventosas","21":"product_tag-pop-up-pt-br","22":"product_tag-pp12-pt-br","23":"product_tag-preto","24":"product_tag-soco","25":"product_tag-treinador","26":"product_tag-venda-de-verao","28":"first","29":"instock","30":"taxable","31":"shipping-taxable","32":"purchasable","33":"product-type-variable"},"yoast_head":"<!-- This site is optimized with the Yoast SEO plugin v27.4 - https:\/\/yoast.com\/product\/yoast-seo-wordpress\/ -->\n<title>Luvas de agilidade Windy Focus - yithsu.com<\/title>\n<meta name=\"robots\" content=\"index, follow, max-snippet:-1, max-image-preview:large, max-video-preview:-1\" \/>\n<link rel=\"canonical\" href=\"https:\/\/yithsu.com\/pt-br\/produto\/windy-agility-focus-mitts\/\" \/>\n<meta property=\"og:locale\" content=\"pt_BR\" \/>\n<meta property=\"og:type\" content=\"article\" \/>\n<meta property=\"og:title\" content=\"Luvas de agilidade Windy Focus - yithsu.com\" \/>\n<meta property=\"og:description\" content=\"As luvas Windy PP12 (Agility) Focus, as luvas mais pequenas da nossa cole\u00e7\u00e3o. Adequado para: Formadores\/Coaches Couro de b\u00fafalo da melhor qualidade &#8211; Almofadas de couro para as m\u00e3os com uma ligeira curva para absorver os golpes fortes &#8211; sensa\u00e7\u00e3o de leveza com um ajuste seguro e conforto &#8211; Costura dupla para uma vida \u00fatil [&hellip;]\" \/>\n<meta property=\"og:url\" content=\"https:\/\/yithsu.com\/pt-br\/produto\/windy-agility-focus-mitts\/\" \/>\n<meta property=\"og:site_name\" content=\"yithsu.com\" \/>\n<meta property=\"article:publisher\" content=\"https:\/\/www.facebook.com\/yithsusports\" \/>\n<meta property=\"article:modified_time\" content=\"2025-05-13T22:31:39+00:00\" \/>\n<meta property=\"og:image\" content=\"https:\/\/yithsu.com\/wp-content\/uploads\/2024\/09\/Windy-Agility-Focus-Mitts.png\" \/>\n\t<meta property=\"og:image:width\" content=\"1000\" \/>\n\t<meta property=\"og:image:height\" content=\"1000\" \/>\n\t<meta property=\"og:image:type\" content=\"image\/png\" \/>\n<meta name=\"twitter:card\" content=\"summary_large_image\" \/>\n<meta name=\"twitter:label1\" content=\"Est. tempo de leitura\" \/>\n\t<meta name=\"twitter:data1\" content=\"1 minuto\" \/>\n<script type=\"application\/ld+json\" class=\"yoast-schema-graph\">{\"@context\":\"https:\\\/\\\/schema.org\",\"@graph\":[{\"@type\":\"WebPage\",\"@id\":\"https:\\\/\\\/yithsu.com\\\/pt-br\\\/produto\\\/windy-agility-focus-mitts\\\/\",\"url\":\"https:\\\/\\\/yithsu.com\\\/pt-br\\\/produto\\\/windy-agility-focus-mitts\\\/\",\"name\":\"Luvas de agilidade Windy Focus - yithsu.com\",\"isPartOf\":{\"@id\":\"https:\\\/\\\/yithsu.com\\\/pt-br\\\/#website\"},\"primaryImageOfPage\":{\"@id\":\"https:\\\/\\\/yithsu.com\\\/pt-br\\\/produto\\\/windy-agility-focus-mitts\\\/#primaryimage\"},\"image\":{\"@id\":\"https:\\\/\\\/yithsu.com\\\/pt-br\\\/produto\\\/windy-agility-focus-mitts\\\/#primaryimage\"},\"thumbnailUrl\":\"https:\\\/\\\/yithsu.com\\\/wp-content\\\/uploads\\\/2024\\\/09\\\/Windy-Agility-Focus-Mitts.png\",\"datePublished\":\"2023-10-06T21:06:49+00:00\",\"dateModified\":\"2025-05-13T22:31:39+00:00\",\"breadcrumb\":{\"@id\":\"https:\\\/\\\/yithsu.com\\\/pt-br\\\/produto\\\/windy-agility-focus-mitts\\\/#breadcrumb\"},\"inLanguage\":\"pt-BR\",\"potentialAction\":[{\"@type\":\"ReadAction\",\"target\":[\"https:\\\/\\\/yithsu.com\\\/pt-br\\\/produto\\\/windy-agility-focus-mitts\\\/\"]}]},{\"@type\":\"ImageObject\",\"inLanguage\":\"pt-BR\",\"@id\":\"https:\\\/\\\/yithsu.com\\\/pt-br\\\/produto\\\/windy-agility-focus-mitts\\\/#primaryimage\",\"url\":\"https:\\\/\\\/yithsu.com\\\/wp-content\\\/uploads\\\/2024\\\/09\\\/Windy-Agility-Focus-Mitts.png\",\"contentUrl\":\"https:\\\/\\\/yithsu.com\\\/wp-content\\\/uploads\\\/2024\\\/09\\\/Windy-Agility-Focus-Mitts.png\",\"width\":1000,\"height\":1000},{\"@type\":\"BreadcrumbList\",\"@id\":\"https:\\\/\\\/yithsu.com\\\/pt-br\\\/produto\\\/windy-agility-focus-mitts\\\/#breadcrumb\",\"itemListElement\":[{\"@type\":\"ListItem\",\"position\":1,\"name\":\"In\u00edcio\",\"item\":\"https:\\\/\\\/yithsu.com\\\/pt-br\\\/\"},{\"@type\":\"ListItem\",\"position\":2,\"name\":\"Loja\",\"item\":\"https:\\\/\\\/yithsu.com\\\/pt-br\\\/loja\\\/\"},{\"@type\":\"ListItem\",\"position\":3,\"name\":\"Luvas de agilidade Windy Focus\"}]},{\"@type\":\"WebSite\",\"@id\":\"https:\\\/\\\/yithsu.com\\\/pt-br\\\/#website\",\"url\":\"https:\\\/\\\/yithsu.com\\\/pt-br\\\/\",\"name\":\"Yithsu Premium Fight Gear\",\"description\":\"Premium Fight Gear\",\"publisher\":{\"@id\":\"https:\\\/\\\/yithsu.com\\\/pt-br\\\/#organization\"},\"potentialAction\":[{\"@type\":\"SearchAction\",\"target\":{\"@type\":\"EntryPoint\",\"urlTemplate\":\"https:\\\/\\\/yithsu.com\\\/pt-br\\\/?s={search_term_string}\"},\"query-input\":{\"@type\":\"PropertyValueSpecification\",\"valueRequired\":true,\"valueName\":\"search_term_string\"}}],\"inLanguage\":\"pt-BR\"},{\"@type\":\"Organization\",\"@id\":\"https:\\\/\\\/yithsu.com\\\/pt-br\\\/#organization\",\"name\":\"Yithsu Equipamento de Luta Premium\",\"url\":\"https:\\\/\\\/yithsu.com\\\/pt-br\\\/\",\"logo\":{\"@type\":\"ImageObject\",\"inLanguage\":\"pt-BR\",\"@id\":\"https:\\\/\\\/yithsu.com\\\/pt-br\\\/#\\\/schema\\\/logo\\\/image\\\/\",\"url\":\"https:\\\/\\\/yithsu.com\\\/wp-content\\\/uploads\\\/2024\\\/04\\\/Yithsu_Logo-staand_Black.svg\",\"contentUrl\":\"https:\\\/\\\/yithsu.com\\\/wp-content\\\/uploads\\\/2024\\\/04\\\/Yithsu_Logo-staand_Black.svg\",\"width\":\"1024\",\"height\":\"1024\",\"caption\":\"Yithsu Equipamento de Luta Premium\"},\"image\":{\"@id\":\"https:\\\/\\\/yithsu.com\\\/pt-br\\\/#\\\/schema\\\/logo\\\/image\\\/\"},\"sameAs\":[\"https:\\\/\\\/www.facebook.com\\\/yithsusports\",\"https:\\\/\\\/www.instagram.com\\\/yithsusports\"]}]}<\/script>\n<!-- \/ Yoast SEO plugin. -->","yoast_head_json":{"title":"Luvas de agilidade Windy Focus - yithsu.com","robots":{"index":"index","follow":"follow","max-snippet":"max-snippet:-1","max-image-preview":"max-image-preview:large","max-video-preview":"max-video-preview:-1"},"canonical":"https:\/\/yithsu.com\/pt-br\/produto\/windy-agility-focus-mitts\/","og_locale":"pt_BR","og_type":"article","og_title":"Luvas de agilidade Windy Focus - yithsu.com","og_description":"As luvas Windy PP12 (Agility) Focus, as luvas mais pequenas da nossa cole\u00e7\u00e3o. Adequado para: Formadores\/Coaches Couro de b\u00fafalo da melhor qualidade &#8211; Almofadas de couro para as m\u00e3os com uma ligeira curva para absorver os golpes fortes &#8211; sensa\u00e7\u00e3o de leveza com um ajuste seguro e conforto &#8211; Costura dupla para uma vida \u00fatil [&hellip;]","og_url":"https:\/\/yithsu.com\/pt-br\/produto\/windy-agility-focus-mitts\/","og_site_name":"yithsu.com","article_publisher":"https:\/\/www.facebook.com\/yithsusports","article_modified_time":"2025-05-13T22:31:39+00:00","og_image":[{"width":1000,"height":1000,"url":"https:\/\/yithsu.com\/wp-content\/uploads\/2024\/09\/Windy-Agility-Focus-Mitts.png","type":"image\/png"}],"twitter_card":"summary_large_image","twitter_misc":{"Est. tempo de leitura":"1 minuto"},"schema":{"@context":"https:\/\/schema.org","@graph":[{"@type":"WebPage","@id":"https:\/\/yithsu.com\/pt-br\/produto\/windy-agility-focus-mitts\/","url":"https:\/\/yithsu.com\/pt-br\/produto\/windy-agility-focus-mitts\/","name":"Luvas de agilidade Windy Focus - yithsu.com","isPartOf":{"@id":"https:\/\/yithsu.com\/pt-br\/#website"},"primaryImageOfPage":{"@id":"https:\/\/yithsu.com\/pt-br\/produto\/windy-agility-focus-mitts\/#primaryimage"},"image":{"@id":"https:\/\/yithsu.com\/pt-br\/produto\/windy-agility-focus-mitts\/#primaryimage"},"thumbnailUrl":"https:\/\/yithsu.com\/wp-content\/uploads\/2024\/09\/Windy-Agility-Focus-Mitts.png","datePublished":"2023-10-06T21:06:49+00:00","dateModified":"2025-05-13T22:31:39+00:00","breadcrumb":{"@id":"https:\/\/yithsu.com\/pt-br\/produto\/windy-agility-focus-mitts\/#breadcrumb"},"inLanguage":"pt-BR","potentialAction":[{"@type":"ReadAction","target":["https:\/\/yithsu.com\/pt-br\/produto\/windy-agility-focus-mitts\/"]}]},{"@type":"ImageObject","inLanguage":"pt-BR","@id":"https:\/\/yithsu.com\/pt-br\/produto\/windy-agility-focus-mitts\/#primaryimage","url":"https:\/\/yithsu.com\/wp-content\/uploads\/2024\/09\/Windy-Agility-Focus-Mitts.png","contentUrl":"https:\/\/yithsu.com\/wp-content\/uploads\/2024\/09\/Windy-Agility-Focus-Mitts.png","width":1000,"height":1000},{"@type":"BreadcrumbList","@id":"https:\/\/yithsu.com\/pt-br\/produto\/windy-agility-focus-mitts\/#breadcrumb","itemListElement":[{"@type":"ListItem","position":1,"name":"In\u00edcio","item":"https:\/\/yithsu.com\/pt-br\/"},{"@type":"ListItem","position":2,"name":"Loja","item":"https:\/\/yithsu.com\/pt-br\/loja\/"},{"@type":"ListItem","position":3,"name":"Luvas de agilidade Windy Focus"}]},{"@type":"WebSite","@id":"https:\/\/yithsu.com\/pt-br\/#website","url":"https:\/\/yithsu.com\/pt-br\/","name":"Yithsu Premium Fight Gear","description":"Premium Fight Gear","publisher":{"@id":"https:\/\/yithsu.com\/pt-br\/#organization"},"potentialAction":[{"@type":"SearchAction","target":{"@type":"EntryPoint","urlTemplate":"https:\/\/yithsu.com\/pt-br\/?s={search_term_string}"},"query-input":{"@type":"PropertyValueSpecification","valueRequired":true,"valueName":"search_term_string"}}],"inLanguage":"pt-BR"},{"@type":"Organization","@id":"https:\/\/yithsu.com\/pt-br\/#organization","name":"Yithsu Equipamento de Luta Premium","url":"https:\/\/yithsu.com\/pt-br\/","logo":{"@type":"ImageObject","inLanguage":"pt-BR","@id":"https:\/\/yithsu.com\/pt-br\/#\/schema\/logo\/image\/","url":"https:\/\/yithsu.com\/wp-content\/uploads\/2024\/04\/Yithsu_Logo-staand_Black.svg","contentUrl":"https:\/\/yithsu.com\/wp-content\/uploads\/2024\/04\/Yithsu_Logo-staand_Black.svg","width":"1024","height":"1024","caption":"Yithsu Equipamento de Luta Premium"},"image":{"@id":"https:\/\/yithsu.com\/pt-br\/#\/schema\/logo\/image\/"},"sameAs":["https:\/\/www.facebook.com\/yithsusports","https:\/\/www.instagram.com\/yithsusports"]}]}},"_links":{"self":[{"href":"https:\/\/yithsu.com\/pt-br\/wp-json\/wp\/v2\/product\/4596","targetHints":{"allow":["GET"]}}],"collection":[{"href":"https:\/\/yithsu.com\/pt-br\/wp-json\/wp\/v2\/product"}],"about":[{"href":"https:\/\/yithsu.com\/pt-br\/wp-json\/wp\/v2\/types\/product"}],"wp:featuredmedia":[{"embeddable":true,"href":"https:\/\/yithsu.com\/pt-br\/wp-json\/wp\/v2\/media\/7964"}],"wp:attachment":[{"href":"https:\/\/yithsu.com\/pt-br\/wp-json\/wp\/v2\/media?parent=4596"}],"wp:term":[{"taxonomy":"product_brand","embeddable":true,"href":"https:\/\/yithsu.com\/pt-br\/wp-json\/wp\/v2\/product_brand?post=4596"},{"taxonomy":"product_cat","embeddable":true,"href":"https:\/\/yithsu.com\/pt-br\/wp-json\/wp\/v2\/product_cat?post=4596"},{"taxonomy":"product_tag","embeddable":true,"href":"https:\/\/yithsu.com\/pt-br\/wp-json\/wp\/v2\/product_tag?post=4596"}],"curies":[{"name":"wp","href":"https:\/\/api.w.org\/{rel}","templated":true}]}}