{"id":4651,"date":"2023-10-06T18:07:03","date_gmt":"2023-10-06T21:07:03","guid":{"rendered":"https:\/\/yithsu.com\/product\/caneleira-wsg1-branca\/"},"modified":"2025-05-13T19:31:29","modified_gmt":"2025-05-13T22:31:29","slug":"wsg1-guarda-lombo-branco","status":"publish","type":"product","link":"https:\/\/yithsu.com\/pt-br\/produto\/wsg1-guarda-lombo-branco\/","title":{"rendered":"Caneleira Proline &#8211; Branca"},"content":{"rendered":"<p>As caneleiras<span> <\/span>Windy WSG-1, recentemente actualizadas.<\/p>\n<p>Microfibra leve da mais alta qualidade &#8211; Acolchoamento confort\u00e1vel na camada interna e mais duro na camada externa, comprimidos juntos para alta absor\u00e7\u00e3o de impactos. Velcro de alta qualidade para uso repetitivo &#8211; Costura dupla em todas as superf\u00edcies para garantir uma vida \u00fatil mais longa &#8211; F\u00e1cil de limpar e secar. <\/p>\n<p>Adequado para: treinamento e luta em todos os n\u00edveis.  <span>Dispon\u00edvel em diferentes cores e tamanhos.<\/span><\/p>\n<p><span>S &#8211; Comprimento (da parte superior ao tornozelo): 33 cm \/ (do tornozelo aos dedos do p\u00e9): 18 cm<\/span><\/p>\n<p><span>M &#8211; Comprimento (do topo at\u00e9 o tornozelo): 35 cm \/ (do tornozelo aos dedos do p\u00e9): 19 cm<\/span><\/p>\n<p><span>L &#8211; Comprimento (da parte superior ao tornozelo): 38 cm \/ (do tornozelo aos dedos do p\u00e9): 19 cm<\/span><\/p>\n<p><span>XL &#8211; Comprimento (da parte superior ao tornozelo): 39 cm \/ (do tornozelo aos dedos do p\u00e9): 20 cm<\/span><\/p>\n","protected":false},"excerpt":{"rendered":"<p>As caneleiras Windy WSG-1, recentemente actualizadas. Microfibra leve da mais alta qualidade &#8211; Acolchoamento confort\u00e1vel na camada interna e mais duro na camada externa, comprimidos juntos para alta absor\u00e7\u00e3o de impactos. Velcro de alta qualidade para uso repetitivo &#8211; Costura dupla em todas as superf\u00edcies para garantir uma vida \u00fatil mais longa &#8211; F\u00e1cil de [&hellip;]<\/p>\n","protected":false},"featured_media":7727,"template":"","meta":{"inline_featured_image":false},"product_brand":[],"product_cat":[264,317,836,257],"product_tag":[479,480,482,483,333,335,383,481,396,799],"class_list":{"0":"post-4651","1":"product","2":"type-product","3":"status-publish","4":"has-post-thumbnail","6":"product_cat-catalogo-windy-fight-gear-pt-br","7":"product_cat-equipamento-de-protecao","8":"product_cat-protecao-para-lutadores","9":"product_cat-todos-os-produtos","10":"product_tag-canela","11":"product_tag-caneleira","12":"product_tag-caneleiras","13":"product_tag-caneleiras-pt-br","14":"product_tag-profissional","15":"product_tag-prolina","16":"product_tag-protecao","17":"product_tag-protectores-de-canelas","18":"product_tag-proteger-pt-br","19":"product_tag-wsg1-pt-br","21":"first","22":"instock","23":"taxable","24":"shipping-taxable","25":"purchasable","26":"product-type-variable"},"yoast_head":"<!-- This site is optimized with the Yoast SEO plugin v27.4 - https:\/\/yoast.com\/product\/yoast-seo-wordpress\/ -->\n<title>Caneleira Proline - Branca - yithsu.com<\/title>\n<meta name=\"robots\" content=\"index, follow, max-snippet:-1, max-image-preview:large, max-video-preview:-1\" \/>\n<link rel=\"canonical\" href=\"https:\/\/yithsu.com\/pt-br\/produto\/wsg1-guarda-lombo-branco\/\" \/>\n<meta property=\"og:locale\" content=\"pt_BR\" \/>\n<meta property=\"og:type\" content=\"article\" \/>\n<meta property=\"og:title\" content=\"Caneleira Proline - Branca - yithsu.com\" \/>\n<meta property=\"og:description\" content=\"As caneleiras Windy WSG-1, recentemente actualizadas. Microfibra leve da mais alta qualidade &#8211; Acolchoamento confort\u00e1vel na camada interna e mais duro na camada externa, comprimidos juntos para alta absor\u00e7\u00e3o de impactos. Velcro de alta qualidade para uso repetitivo &#8211; Costura dupla em todas as superf\u00edcies para garantir uma vida \u00fatil mais longa &#8211; F\u00e1cil de [&hellip;]\" \/>\n<meta property=\"og:url\" content=\"https:\/\/yithsu.com\/pt-br\/produto\/wsg1-guarda-lombo-branco\/\" \/>\n<meta property=\"og:site_name\" content=\"yithsu.com\" \/>\n<meta property=\"article:publisher\" content=\"https:\/\/www.facebook.com\/yithsusports\" \/>\n<meta property=\"article:modified_time\" content=\"2025-05-13T22:31:29+00:00\" \/>\n<meta property=\"og:image\" content=\"https:\/\/yithsu.com\/wp-content\/uploads\/2024\/09\/Proline-Shin-Guard-White.jpg\" \/>\n\t<meta property=\"og:image:width\" content=\"1250\" \/>\n\t<meta property=\"og:image:height\" content=\"1250\" \/>\n\t<meta property=\"og:image:type\" content=\"image\/jpeg\" \/>\n<meta name=\"twitter:card\" content=\"summary_large_image\" \/>\n<meta name=\"twitter:label1\" content=\"Est. tempo de leitura\" \/>\n\t<meta name=\"twitter:data1\" content=\"1 minuto\" \/>\n<script type=\"application\/ld+json\" class=\"yoast-schema-graph\">{\"@context\":\"https:\\\/\\\/schema.org\",\"@graph\":[{\"@type\":\"WebPage\",\"@id\":\"https:\\\/\\\/yithsu.com\\\/pt-br\\\/produto\\\/wsg1-guarda-lombo-branco\\\/\",\"url\":\"https:\\\/\\\/yithsu.com\\\/pt-br\\\/produto\\\/wsg1-guarda-lombo-branco\\\/\",\"name\":\"Caneleira Proline - Branca - yithsu.com\",\"isPartOf\":{\"@id\":\"https:\\\/\\\/yithsu.com\\\/pt-br\\\/#website\"},\"primaryImageOfPage\":{\"@id\":\"https:\\\/\\\/yithsu.com\\\/pt-br\\\/produto\\\/wsg1-guarda-lombo-branco\\\/#primaryimage\"},\"image\":{\"@id\":\"https:\\\/\\\/yithsu.com\\\/pt-br\\\/produto\\\/wsg1-guarda-lombo-branco\\\/#primaryimage\"},\"thumbnailUrl\":\"https:\\\/\\\/yithsu.com\\\/wp-content\\\/uploads\\\/2024\\\/09\\\/Proline-Shin-Guard-White.jpg\",\"datePublished\":\"2023-10-06T21:07:03+00:00\",\"dateModified\":\"2025-05-13T22:31:29+00:00\",\"breadcrumb\":{\"@id\":\"https:\\\/\\\/yithsu.com\\\/pt-br\\\/produto\\\/wsg1-guarda-lombo-branco\\\/#breadcrumb\"},\"inLanguage\":\"pt-BR\",\"potentialAction\":[{\"@type\":\"ReadAction\",\"target\":[\"https:\\\/\\\/yithsu.com\\\/pt-br\\\/produto\\\/wsg1-guarda-lombo-branco\\\/\"]}]},{\"@type\":\"ImageObject\",\"inLanguage\":\"pt-BR\",\"@id\":\"https:\\\/\\\/yithsu.com\\\/pt-br\\\/produto\\\/wsg1-guarda-lombo-branco\\\/#primaryimage\",\"url\":\"https:\\\/\\\/yithsu.com\\\/wp-content\\\/uploads\\\/2024\\\/09\\\/Proline-Shin-Guard-White.jpg\",\"contentUrl\":\"https:\\\/\\\/yithsu.com\\\/wp-content\\\/uploads\\\/2024\\\/09\\\/Proline-Shin-Guard-White.jpg\",\"width\":1250,\"height\":1250},{\"@type\":\"BreadcrumbList\",\"@id\":\"https:\\\/\\\/yithsu.com\\\/pt-br\\\/produto\\\/wsg1-guarda-lombo-branco\\\/#breadcrumb\",\"itemListElement\":[{\"@type\":\"ListItem\",\"position\":1,\"name\":\"In\u00edcio\",\"item\":\"https:\\\/\\\/yithsu.com\\\/pt-br\\\/\"},{\"@type\":\"ListItem\",\"position\":2,\"name\":\"Loja\",\"item\":\"https:\\\/\\\/yithsu.com\\\/pt-br\\\/loja\\\/\"},{\"@type\":\"ListItem\",\"position\":3,\"name\":\"Caneleira Proline &#8211; Branca\"}]},{\"@type\":\"WebSite\",\"@id\":\"https:\\\/\\\/yithsu.com\\\/pt-br\\\/#website\",\"url\":\"https:\\\/\\\/yithsu.com\\\/pt-br\\\/\",\"name\":\"Yithsu Premium Fight Gear\",\"description\":\"Premium Fight Gear\",\"publisher\":{\"@id\":\"https:\\\/\\\/yithsu.com\\\/pt-br\\\/#organization\"},\"potentialAction\":[{\"@type\":\"SearchAction\",\"target\":{\"@type\":\"EntryPoint\",\"urlTemplate\":\"https:\\\/\\\/yithsu.com\\\/pt-br\\\/?s={search_term_string}\"},\"query-input\":{\"@type\":\"PropertyValueSpecification\",\"valueRequired\":true,\"valueName\":\"search_term_string\"}}],\"inLanguage\":\"pt-BR\"},{\"@type\":\"Organization\",\"@id\":\"https:\\\/\\\/yithsu.com\\\/pt-br\\\/#organization\",\"name\":\"Yithsu Equipamento de Luta Premium\",\"url\":\"https:\\\/\\\/yithsu.com\\\/pt-br\\\/\",\"logo\":{\"@type\":\"ImageObject\",\"inLanguage\":\"pt-BR\",\"@id\":\"https:\\\/\\\/yithsu.com\\\/pt-br\\\/#\\\/schema\\\/logo\\\/image\\\/\",\"url\":\"https:\\\/\\\/yithsu.com\\\/wp-content\\\/uploads\\\/2024\\\/04\\\/Yithsu_Logo-staand_Black.svg\",\"contentUrl\":\"https:\\\/\\\/yithsu.com\\\/wp-content\\\/uploads\\\/2024\\\/04\\\/Yithsu_Logo-staand_Black.svg\",\"width\":\"1024\",\"height\":\"1024\",\"caption\":\"Yithsu Equipamento de Luta Premium\"},\"image\":{\"@id\":\"https:\\\/\\\/yithsu.com\\\/pt-br\\\/#\\\/schema\\\/logo\\\/image\\\/\"},\"sameAs\":[\"https:\\\/\\\/www.facebook.com\\\/yithsusports\",\"https:\\\/\\\/www.instagram.com\\\/yithsusports\"]}]}<\/script>\n<!-- \/ Yoast SEO plugin. -->","yoast_head_json":{"title":"Caneleira Proline - Branca - yithsu.com","robots":{"index":"index","follow":"follow","max-snippet":"max-snippet:-1","max-image-preview":"max-image-preview:large","max-video-preview":"max-video-preview:-1"},"canonical":"https:\/\/yithsu.com\/pt-br\/produto\/wsg1-guarda-lombo-branco\/","og_locale":"pt_BR","og_type":"article","og_title":"Caneleira Proline - Branca - yithsu.com","og_description":"As caneleiras Windy WSG-1, recentemente actualizadas. Microfibra leve da mais alta qualidade &#8211; Acolchoamento confort\u00e1vel na camada interna e mais duro na camada externa, comprimidos juntos para alta absor\u00e7\u00e3o de impactos. Velcro de alta qualidade para uso repetitivo &#8211; Costura dupla em todas as superf\u00edcies para garantir uma vida \u00fatil mais longa &#8211; F\u00e1cil de [&hellip;]","og_url":"https:\/\/yithsu.com\/pt-br\/produto\/wsg1-guarda-lombo-branco\/","og_site_name":"yithsu.com","article_publisher":"https:\/\/www.facebook.com\/yithsusports","article_modified_time":"2025-05-13T22:31:29+00:00","og_image":[{"width":1250,"height":1250,"url":"https:\/\/yithsu.com\/wp-content\/uploads\/2024\/09\/Proline-Shin-Guard-White.jpg","type":"image\/jpeg"}],"twitter_card":"summary_large_image","twitter_misc":{"Est. tempo de leitura":"1 minuto"},"schema":{"@context":"https:\/\/schema.org","@graph":[{"@type":"WebPage","@id":"https:\/\/yithsu.com\/pt-br\/produto\/wsg1-guarda-lombo-branco\/","url":"https:\/\/yithsu.com\/pt-br\/produto\/wsg1-guarda-lombo-branco\/","name":"Caneleira Proline - Branca - yithsu.com","isPartOf":{"@id":"https:\/\/yithsu.com\/pt-br\/#website"},"primaryImageOfPage":{"@id":"https:\/\/yithsu.com\/pt-br\/produto\/wsg1-guarda-lombo-branco\/#primaryimage"},"image":{"@id":"https:\/\/yithsu.com\/pt-br\/produto\/wsg1-guarda-lombo-branco\/#primaryimage"},"thumbnailUrl":"https:\/\/yithsu.com\/wp-content\/uploads\/2024\/09\/Proline-Shin-Guard-White.jpg","datePublished":"2023-10-06T21:07:03+00:00","dateModified":"2025-05-13T22:31:29+00:00","breadcrumb":{"@id":"https:\/\/yithsu.com\/pt-br\/produto\/wsg1-guarda-lombo-branco\/#breadcrumb"},"inLanguage":"pt-BR","potentialAction":[{"@type":"ReadAction","target":["https:\/\/yithsu.com\/pt-br\/produto\/wsg1-guarda-lombo-branco\/"]}]},{"@type":"ImageObject","inLanguage":"pt-BR","@id":"https:\/\/yithsu.com\/pt-br\/produto\/wsg1-guarda-lombo-branco\/#primaryimage","url":"https:\/\/yithsu.com\/wp-content\/uploads\/2024\/09\/Proline-Shin-Guard-White.jpg","contentUrl":"https:\/\/yithsu.com\/wp-content\/uploads\/2024\/09\/Proline-Shin-Guard-White.jpg","width":1250,"height":1250},{"@type":"BreadcrumbList","@id":"https:\/\/yithsu.com\/pt-br\/produto\/wsg1-guarda-lombo-branco\/#breadcrumb","itemListElement":[{"@type":"ListItem","position":1,"name":"In\u00edcio","item":"https:\/\/yithsu.com\/pt-br\/"},{"@type":"ListItem","position":2,"name":"Loja","item":"https:\/\/yithsu.com\/pt-br\/loja\/"},{"@type":"ListItem","position":3,"name":"Caneleira Proline &#8211; Branca"}]},{"@type":"WebSite","@id":"https:\/\/yithsu.com\/pt-br\/#website","url":"https:\/\/yithsu.com\/pt-br\/","name":"Yithsu Premium Fight Gear","description":"Premium Fight Gear","publisher":{"@id":"https:\/\/yithsu.com\/pt-br\/#organization"},"potentialAction":[{"@type":"SearchAction","target":{"@type":"EntryPoint","urlTemplate":"https:\/\/yithsu.com\/pt-br\/?s={search_term_string}"},"query-input":{"@type":"PropertyValueSpecification","valueRequired":true,"valueName":"search_term_string"}}],"inLanguage":"pt-BR"},{"@type":"Organization","@id":"https:\/\/yithsu.com\/pt-br\/#organization","name":"Yithsu Equipamento de Luta Premium","url":"https:\/\/yithsu.com\/pt-br\/","logo":{"@type":"ImageObject","inLanguage":"pt-BR","@id":"https:\/\/yithsu.com\/pt-br\/#\/schema\/logo\/image\/","url":"https:\/\/yithsu.com\/wp-content\/uploads\/2024\/04\/Yithsu_Logo-staand_Black.svg","contentUrl":"https:\/\/yithsu.com\/wp-content\/uploads\/2024\/04\/Yithsu_Logo-staand_Black.svg","width":"1024","height":"1024","caption":"Yithsu Equipamento de Luta Premium"},"image":{"@id":"https:\/\/yithsu.com\/pt-br\/#\/schema\/logo\/image\/"},"sameAs":["https:\/\/www.facebook.com\/yithsusports","https:\/\/www.instagram.com\/yithsusports"]}]}},"_links":{"self":[{"href":"https:\/\/yithsu.com\/pt-br\/wp-json\/wp\/v2\/product\/4651","targetHints":{"allow":["GET"]}}],"collection":[{"href":"https:\/\/yithsu.com\/pt-br\/wp-json\/wp\/v2\/product"}],"about":[{"href":"https:\/\/yithsu.com\/pt-br\/wp-json\/wp\/v2\/types\/product"}],"wp:featuredmedia":[{"embeddable":true,"href":"https:\/\/yithsu.com\/pt-br\/wp-json\/wp\/v2\/media\/7727"}],"wp:attachment":[{"href":"https:\/\/yithsu.com\/pt-br\/wp-json\/wp\/v2\/media?parent=4651"}],"wp:term":[{"taxonomy":"product_brand","embeddable":true,"href":"https:\/\/yithsu.com\/pt-br\/wp-json\/wp\/v2\/product_brand?post=4651"},{"taxonomy":"product_cat","embeddable":true,"href":"https:\/\/yithsu.com\/pt-br\/wp-json\/wp\/v2\/product_cat?post=4651"},{"taxonomy":"product_tag","embeddable":true,"href":"https:\/\/yithsu.com\/pt-br\/wp-json\/wp\/v2\/product_tag?post=4651"}],"curies":[{"name":"wp","href":"https:\/\/api.w.org\/{rel}","templated":true}]}}