{"id":8298,"date":"2024-09-04T17:59:22","date_gmt":"2024-09-04T20:59:22","guid":{"rendered":"https:\/\/yithsu.com\/product\/protetor-de-cabeca-juggernaut-preto-branco\/"},"modified":"2025-05-13T19:32:14","modified_gmt":"2025-05-13T22:32:14","slug":"protetor-de-cabeca-juggernaut-preto-branco","status":"publish","type":"product","link":"https:\/\/yithsu.com\/pt-br\/produto\/protetor-de-cabeca-juggernaut-preto-branco\/","title":{"rendered":"Protetor de cabe\u00e7a Juggernaut &#8211; Preto\/branco"},"content":{"rendered":"<p>Apresentamos nosso novo protetor de cabe\u00e7a estilo Juggernaut, projetado para um ajuste confort\u00e1vel e seguro. A parte interna \u00e9 suavemente acolchoada para o m\u00e1ximo conforto, enquanto a parte externa \u00e9 um pouco mais resistente, proporcionando prote\u00e7\u00e3o essencial. <\/p>\n<p>Esse protetor de cabe\u00e7a apresenta uma barra na face para prote\u00e7\u00e3o extra, tornando-o ideal para sess\u00f5es intensas de sparring. Dispon\u00edvel em novas cores, o protetor de cabe\u00e7a Juggernaut Style \u00e9 um item obrigat\u00f3rio para qualquer atleta s\u00e9rio que queira aprimorar sua experi\u00eancia de treinamento. <\/p>\n","protected":false},"excerpt":{"rendered":"<p>Apresentamos nosso novo protetor de cabe\u00e7a estilo Juggernaut, projetado para um ajuste confort\u00e1vel e seguro. A parte interna \u00e9 suavemente acolchoada para o m\u00e1ximo conforto, enquanto a parte externa \u00e9 um pouco mais resistente, proporcionando prote\u00e7\u00e3o essencial. Esse protetor de cabe\u00e7a apresenta uma barra na face para prote\u00e7\u00e3o extra, tornando-o ideal para sess\u00f5es intensas de [&hellip;]<\/p>\n","protected":false},"featured_media":7065,"template":"","meta":{"inline_featured_image":false},"product_brand":[],"product_cat":[264,316,317,836,416,257],"product_tag":[419,417,321,294,332,320,383,420,418,396,385],"class_list":{"0":"post-8298","1":"product","2":"type-product","3":"status-publish","4":"has-post-thumbnail","6":"product_cat-catalogo-windy-fight-gear-pt-br","7":"product_cat-equipamento","8":"product_cat-equipamento-de-protecao","9":"product_cat-protecao-para-lutadores","10":"product_cat-protectores-de-cabeca","11":"product_cat-todos-os-produtos","12":"product_tag-arnes","13":"product_tag-cabeca","14":"product_tag-equipamento","15":"product_tag-luta","16":"product_tag-pop-up-pt-br","17":"product_tag-preto","18":"product_tag-protecao","19":"product_tag-protecao-da-cabeca-pt-br","20":"product_tag-protecao-da-cabeca","21":"product_tag-proteger-pt-br","22":"product_tag-protetor-pt-br","24":"first","25":"instock","26":"taxable","27":"shipping-taxable","28":"purchasable","29":"product-type-variable"},"yoast_head":"<!-- This site is optimized with the Yoast SEO plugin v27.4 - https:\/\/yoast.com\/product\/yoast-seo-wordpress\/ -->\n<title>Protetor de cabe\u00e7a Juggernaut - Preto\/branco - yithsu.com<\/title>\n<meta name=\"robots\" content=\"index, follow, max-snippet:-1, max-image-preview:large, max-video-preview:-1\" \/>\n<link rel=\"canonical\" href=\"https:\/\/yithsu.com\/pt-br\/produto\/protetor-de-cabeca-juggernaut-preto-branco\/\" \/>\n<meta property=\"og:locale\" content=\"pt_BR\" \/>\n<meta property=\"og:type\" content=\"article\" \/>\n<meta property=\"og:title\" content=\"Protetor de cabe\u00e7a Juggernaut - Preto\/branco - yithsu.com\" \/>\n<meta property=\"og:description\" content=\"Apresentamos nosso novo protetor de cabe\u00e7a estilo Juggernaut, projetado para um ajuste confort\u00e1vel e seguro. A parte interna \u00e9 suavemente acolchoada para o m\u00e1ximo conforto, enquanto a parte externa \u00e9 um pouco mais resistente, proporcionando prote\u00e7\u00e3o essencial. Esse protetor de cabe\u00e7a apresenta uma barra na face para prote\u00e7\u00e3o extra, tornando-o ideal para sess\u00f5es intensas de [&hellip;]\" \/>\n<meta property=\"og:url\" content=\"https:\/\/yithsu.com\/pt-br\/produto\/protetor-de-cabeca-juggernaut-preto-branco\/\" \/>\n<meta property=\"og:site_name\" content=\"yithsu.com\" \/>\n<meta property=\"article:publisher\" content=\"https:\/\/www.facebook.com\/yithsusports\" \/>\n<meta property=\"article:modified_time\" content=\"2025-05-13T22:32:14+00:00\" \/>\n<meta property=\"og:image\" content=\"https:\/\/yithsu.com\/wp-content\/uploads\/2024\/09\/30_199d3866-a814-4397-b158-66379ab781b0.png\" \/>\n\t<meta property=\"og:image:width\" content=\"1250\" \/>\n\t<meta property=\"og:image:height\" content=\"1250\" \/>\n\t<meta property=\"og:image:type\" content=\"image\/png\" \/>\n<meta name=\"twitter:card\" content=\"summary_large_image\" \/>\n<script type=\"application\/ld+json\" class=\"yoast-schema-graph\">{\"@context\":\"https:\\\/\\\/schema.org\",\"@graph\":[{\"@type\":\"WebPage\",\"@id\":\"https:\\\/\\\/yithsu.com\\\/pt-br\\\/produto\\\/protetor-de-cabeca-juggernaut-preto-branco\\\/\",\"url\":\"https:\\\/\\\/yithsu.com\\\/pt-br\\\/produto\\\/protetor-de-cabeca-juggernaut-preto-branco\\\/\",\"name\":\"Protetor de cabe\u00e7a Juggernaut - Preto\\\/branco - yithsu.com\",\"isPartOf\":{\"@id\":\"https:\\\/\\\/yithsu.com\\\/pt-br\\\/#website\"},\"primaryImageOfPage\":{\"@id\":\"https:\\\/\\\/yithsu.com\\\/pt-br\\\/produto\\\/protetor-de-cabeca-juggernaut-preto-branco\\\/#primaryimage\"},\"image\":{\"@id\":\"https:\\\/\\\/yithsu.com\\\/pt-br\\\/produto\\\/protetor-de-cabeca-juggernaut-preto-branco\\\/#primaryimage\"},\"thumbnailUrl\":\"https:\\\/\\\/yithsu.com\\\/wp-content\\\/uploads\\\/2024\\\/09\\\/30_199d3866-a814-4397-b158-66379ab781b0.png\",\"datePublished\":\"2024-09-04T20:59:22+00:00\",\"dateModified\":\"2025-05-13T22:32:14+00:00\",\"breadcrumb\":{\"@id\":\"https:\\\/\\\/yithsu.com\\\/pt-br\\\/produto\\\/protetor-de-cabeca-juggernaut-preto-branco\\\/#breadcrumb\"},\"inLanguage\":\"pt-BR\",\"potentialAction\":[{\"@type\":\"ReadAction\",\"target\":[\"https:\\\/\\\/yithsu.com\\\/pt-br\\\/produto\\\/protetor-de-cabeca-juggernaut-preto-branco\\\/\"]}]},{\"@type\":\"ImageObject\",\"inLanguage\":\"pt-BR\",\"@id\":\"https:\\\/\\\/yithsu.com\\\/pt-br\\\/produto\\\/protetor-de-cabeca-juggernaut-preto-branco\\\/#primaryimage\",\"url\":\"https:\\\/\\\/yithsu.com\\\/wp-content\\\/uploads\\\/2024\\\/09\\\/30_199d3866-a814-4397-b158-66379ab781b0.png\",\"contentUrl\":\"https:\\\/\\\/yithsu.com\\\/wp-content\\\/uploads\\\/2024\\\/09\\\/30_199d3866-a814-4397-b158-66379ab781b0.png\",\"width\":1250,\"height\":1250},{\"@type\":\"BreadcrumbList\",\"@id\":\"https:\\\/\\\/yithsu.com\\\/pt-br\\\/produto\\\/protetor-de-cabeca-juggernaut-preto-branco\\\/#breadcrumb\",\"itemListElement\":[{\"@type\":\"ListItem\",\"position\":1,\"name\":\"In\u00edcio\",\"item\":\"https:\\\/\\\/yithsu.com\\\/pt-br\\\/\"},{\"@type\":\"ListItem\",\"position\":2,\"name\":\"Loja\",\"item\":\"https:\\\/\\\/yithsu.com\\\/pt-br\\\/loja\\\/\"},{\"@type\":\"ListItem\",\"position\":3,\"name\":\"Protetor de cabe\u00e7a Juggernaut &#8211; Preto\\\/branco\"}]},{\"@type\":\"WebSite\",\"@id\":\"https:\\\/\\\/yithsu.com\\\/pt-br\\\/#website\",\"url\":\"https:\\\/\\\/yithsu.com\\\/pt-br\\\/\",\"name\":\"Yithsu Premium Fight Gear\",\"description\":\"Premium Fight Gear\",\"publisher\":{\"@id\":\"https:\\\/\\\/yithsu.com\\\/pt-br\\\/#organization\"},\"potentialAction\":[{\"@type\":\"SearchAction\",\"target\":{\"@type\":\"EntryPoint\",\"urlTemplate\":\"https:\\\/\\\/yithsu.com\\\/pt-br\\\/?s={search_term_string}\"},\"query-input\":{\"@type\":\"PropertyValueSpecification\",\"valueRequired\":true,\"valueName\":\"search_term_string\"}}],\"inLanguage\":\"pt-BR\"},{\"@type\":\"Organization\",\"@id\":\"https:\\\/\\\/yithsu.com\\\/pt-br\\\/#organization\",\"name\":\"Yithsu Equipamento de Luta Premium\",\"url\":\"https:\\\/\\\/yithsu.com\\\/pt-br\\\/\",\"logo\":{\"@type\":\"ImageObject\",\"inLanguage\":\"pt-BR\",\"@id\":\"https:\\\/\\\/yithsu.com\\\/pt-br\\\/#\\\/schema\\\/logo\\\/image\\\/\",\"url\":\"https:\\\/\\\/yithsu.com\\\/wp-content\\\/uploads\\\/2024\\\/04\\\/Yithsu_Logo-staand_Black.svg\",\"contentUrl\":\"https:\\\/\\\/yithsu.com\\\/wp-content\\\/uploads\\\/2024\\\/04\\\/Yithsu_Logo-staand_Black.svg\",\"width\":\"1024\",\"height\":\"1024\",\"caption\":\"Yithsu Equipamento de Luta Premium\"},\"image\":{\"@id\":\"https:\\\/\\\/yithsu.com\\\/pt-br\\\/#\\\/schema\\\/logo\\\/image\\\/\"},\"sameAs\":[\"https:\\\/\\\/www.facebook.com\\\/yithsusports\",\"https:\\\/\\\/www.instagram.com\\\/yithsusports\"]}]}<\/script>\n<!-- \/ Yoast SEO plugin. -->","yoast_head_json":{"title":"Protetor de cabe\u00e7a Juggernaut - Preto\/branco - yithsu.com","robots":{"index":"index","follow":"follow","max-snippet":"max-snippet:-1","max-image-preview":"max-image-preview:large","max-video-preview":"max-video-preview:-1"},"canonical":"https:\/\/yithsu.com\/pt-br\/produto\/protetor-de-cabeca-juggernaut-preto-branco\/","og_locale":"pt_BR","og_type":"article","og_title":"Protetor de cabe\u00e7a Juggernaut - Preto\/branco - yithsu.com","og_description":"Apresentamos nosso novo protetor de cabe\u00e7a estilo Juggernaut, projetado para um ajuste confort\u00e1vel e seguro. A parte interna \u00e9 suavemente acolchoada para o m\u00e1ximo conforto, enquanto a parte externa \u00e9 um pouco mais resistente, proporcionando prote\u00e7\u00e3o essencial. Esse protetor de cabe\u00e7a apresenta uma barra na face para prote\u00e7\u00e3o extra, tornando-o ideal para sess\u00f5es intensas de [&hellip;]","og_url":"https:\/\/yithsu.com\/pt-br\/produto\/protetor-de-cabeca-juggernaut-preto-branco\/","og_site_name":"yithsu.com","article_publisher":"https:\/\/www.facebook.com\/yithsusports","article_modified_time":"2025-05-13T22:32:14+00:00","og_image":[{"width":1250,"height":1250,"url":"https:\/\/yithsu.com\/wp-content\/uploads\/2024\/09\/30_199d3866-a814-4397-b158-66379ab781b0.png","type":"image\/png"}],"twitter_card":"summary_large_image","schema":{"@context":"https:\/\/schema.org","@graph":[{"@type":"WebPage","@id":"https:\/\/yithsu.com\/pt-br\/produto\/protetor-de-cabeca-juggernaut-preto-branco\/","url":"https:\/\/yithsu.com\/pt-br\/produto\/protetor-de-cabeca-juggernaut-preto-branco\/","name":"Protetor de cabe\u00e7a Juggernaut - Preto\/branco - yithsu.com","isPartOf":{"@id":"https:\/\/yithsu.com\/pt-br\/#website"},"primaryImageOfPage":{"@id":"https:\/\/yithsu.com\/pt-br\/produto\/protetor-de-cabeca-juggernaut-preto-branco\/#primaryimage"},"image":{"@id":"https:\/\/yithsu.com\/pt-br\/produto\/protetor-de-cabeca-juggernaut-preto-branco\/#primaryimage"},"thumbnailUrl":"https:\/\/yithsu.com\/wp-content\/uploads\/2024\/09\/30_199d3866-a814-4397-b158-66379ab781b0.png","datePublished":"2024-09-04T20:59:22+00:00","dateModified":"2025-05-13T22:32:14+00:00","breadcrumb":{"@id":"https:\/\/yithsu.com\/pt-br\/produto\/protetor-de-cabeca-juggernaut-preto-branco\/#breadcrumb"},"inLanguage":"pt-BR","potentialAction":[{"@type":"ReadAction","target":["https:\/\/yithsu.com\/pt-br\/produto\/protetor-de-cabeca-juggernaut-preto-branco\/"]}]},{"@type":"ImageObject","inLanguage":"pt-BR","@id":"https:\/\/yithsu.com\/pt-br\/produto\/protetor-de-cabeca-juggernaut-preto-branco\/#primaryimage","url":"https:\/\/yithsu.com\/wp-content\/uploads\/2024\/09\/30_199d3866-a814-4397-b158-66379ab781b0.png","contentUrl":"https:\/\/yithsu.com\/wp-content\/uploads\/2024\/09\/30_199d3866-a814-4397-b158-66379ab781b0.png","width":1250,"height":1250},{"@type":"BreadcrumbList","@id":"https:\/\/yithsu.com\/pt-br\/produto\/protetor-de-cabeca-juggernaut-preto-branco\/#breadcrumb","itemListElement":[{"@type":"ListItem","position":1,"name":"In\u00edcio","item":"https:\/\/yithsu.com\/pt-br\/"},{"@type":"ListItem","position":2,"name":"Loja","item":"https:\/\/yithsu.com\/pt-br\/loja\/"},{"@type":"ListItem","position":3,"name":"Protetor de cabe\u00e7a Juggernaut &#8211; Preto\/branco"}]},{"@type":"WebSite","@id":"https:\/\/yithsu.com\/pt-br\/#website","url":"https:\/\/yithsu.com\/pt-br\/","name":"Yithsu Premium Fight Gear","description":"Premium Fight Gear","publisher":{"@id":"https:\/\/yithsu.com\/pt-br\/#organization"},"potentialAction":[{"@type":"SearchAction","target":{"@type":"EntryPoint","urlTemplate":"https:\/\/yithsu.com\/pt-br\/?s={search_term_string}"},"query-input":{"@type":"PropertyValueSpecification","valueRequired":true,"valueName":"search_term_string"}}],"inLanguage":"pt-BR"},{"@type":"Organization","@id":"https:\/\/yithsu.com\/pt-br\/#organization","name":"Yithsu Equipamento de Luta Premium","url":"https:\/\/yithsu.com\/pt-br\/","logo":{"@type":"ImageObject","inLanguage":"pt-BR","@id":"https:\/\/yithsu.com\/pt-br\/#\/schema\/logo\/image\/","url":"https:\/\/yithsu.com\/wp-content\/uploads\/2024\/04\/Yithsu_Logo-staand_Black.svg","contentUrl":"https:\/\/yithsu.com\/wp-content\/uploads\/2024\/04\/Yithsu_Logo-staand_Black.svg","width":"1024","height":"1024","caption":"Yithsu Equipamento de Luta Premium"},"image":{"@id":"https:\/\/yithsu.com\/pt-br\/#\/schema\/logo\/image\/"},"sameAs":["https:\/\/www.facebook.com\/yithsusports","https:\/\/www.instagram.com\/yithsusports"]}]}},"_links":{"self":[{"href":"https:\/\/yithsu.com\/pt-br\/wp-json\/wp\/v2\/product\/8298","targetHints":{"allow":["GET"]}}],"collection":[{"href":"https:\/\/yithsu.com\/pt-br\/wp-json\/wp\/v2\/product"}],"about":[{"href":"https:\/\/yithsu.com\/pt-br\/wp-json\/wp\/v2\/types\/product"}],"wp:featuredmedia":[{"embeddable":true,"href":"https:\/\/yithsu.com\/pt-br\/wp-json\/wp\/v2\/media\/7065"}],"wp:attachment":[{"href":"https:\/\/yithsu.com\/pt-br\/wp-json\/wp\/v2\/media?parent=8298"}],"wp:term":[{"taxonomy":"product_brand","embeddable":true,"href":"https:\/\/yithsu.com\/pt-br\/wp-json\/wp\/v2\/product_brand?post=8298"},{"taxonomy":"product_cat","embeddable":true,"href":"https:\/\/yithsu.com\/pt-br\/wp-json\/wp\/v2\/product_cat?post=8298"},{"taxonomy":"product_tag","embeddable":true,"href":"https:\/\/yithsu.com\/pt-br\/wp-json\/wp\/v2\/product_tag?post=8298"}],"curies":[{"name":"wp","href":"https:\/\/api.w.org\/{rel}","templated":true}]}}