{"id":8458,"date":"2024-09-04T18:02:27","date_gmt":"2024-09-04T21:02:27","guid":{"rendered":"https:\/\/yithsu.com\/product\/conjunto-de-treino-de-muay-thai-kickboxing-da-proline-preto\/"},"modified":"2025-05-13T19:30:21","modified_gmt":"2025-05-13T22:30:21","slug":"conjunto-de-treino-de-muay-thai-kickboxing-da-proline-preto","status":"publish","type":"product","link":"https:\/\/yithsu.com\/pt-br\/produto\/conjunto-de-treino-de-muay-thai-kickboxing-da-proline-preto\/","title":{"rendered":"Conjunto de treino de muay thai\/kickboxing da Proline &#8211; Preto"},"content":{"rendered":"<p><meta charset=\"utf-8\"><\/p>\n<p data-mce-fragment=\"1\"><span style=\"text-decoration: underline;\">Luvas de boxe Proline<\/span><\/p>\n<p data-mce-fragment=\"1\">Adequado para: treinamento, treinamento com almofada, sparring e saco de pancadas.  <\/p>\n<p data-mce-fragment=\"1\">Couro premium &#8211; Enchimento de l\u00e1tex que absorve choques para prote\u00e7\u00e3o e conforto adicionais com uma sensa\u00e7\u00e3o de firmeza &#8211; Prote\u00e7\u00e3o e suporte adicionais para a palma da m\u00e3o, o polegar e o pulso, minimizando les\u00f5es &#8211; Forro de n\u00e1ilon especial que permite minimizar a absor\u00e7\u00e3o de suor &#8211; Fecho de velcro forte &#8211; Punho de espuma de camada tripla para um ajuste seguro &#8211; F\u00e1cil de limpar e secar.<\/p>\n<p><span style=\"text-decoration: underline;\">Caneleiras WSG-1.<\/span><\/p>\n<p>Microfibra leve da mais alta qualidade &#8211; Acolchoamento confort\u00e1vel na camada interna e mais duro na camada externa, comprimidos juntos para alta absor\u00e7\u00e3o de impactos. Velcro de alta qualidade para uso repetitivo &#8211; Costura dupla em todas as superf\u00edcies para garantir uma vida \u00fatil mais longa &#8211; F\u00e1cil de limpar e secar. <\/p>\n<p>Adequado para: Treino e Sparring a todos os n\u00edveis.<\/p>\n","protected":false},"excerpt":{"rendered":"<p>Luvas de boxe Proline Adequado para: treinamento, treinamento com almofada, sparring e saco de pancadas. Couro premium &#8211; Enchimento de l\u00e1tex que absorve choques para prote\u00e7\u00e3o e conforto adicionais com uma sensa\u00e7\u00e3o de firmeza &#8211; Prote\u00e7\u00e3o e suporte adicionais para a palma da m\u00e3o, o polegar e o pulso, minimizando les\u00f5es &#8211; Forro de n\u00e1ilon [&hellip;]<\/p>\n","protected":false},"featured_media":7679,"template":"","meta":{"inline_featured_image":false},"product_brand":[],"product_cat":[264,537,836,257],"product_tag":[408,482,544,570,541,542,265,320,335,373,799],"class_list":{"0":"post-8458","1":"product","2":"type-product","3":"status-publish","4":"has-post-thumbnail","6":"product_cat-catalogo-windy-fight-gear-pt-br","7":"product_cat-conjuntos-de-produtos","8":"product_cat-protecao-para-lutadores","9":"product_cat-todos-os-produtos","10":"product_tag-branco","11":"product_tag-caneleiras","12":"product_tag-conjuntos-de-produtos","13":"product_tag-definir","14":"product_tag-feixe","15":"product_tag-feixes","16":"product_tag-luvas-de-boxe","17":"product_tag-preto","18":"product_tag-prolina","19":"product_tag-verde-pt-br","20":"product_tag-wsg1-pt-br","22":"first","23":"instock","24":"sale","25":"taxable","26":"shipping-taxable","27":"purchasable","28":"product-type-variable"},"yoast_head":"<!-- This site is optimized with the Yoast SEO plugin v27.4 - https:\/\/yoast.com\/product\/yoast-seo-wordpress\/ -->\n<title>Conjunto de treino de muay thai\/kickboxing da Proline - Preto - yithsu.com<\/title>\n<meta name=\"robots\" content=\"index, follow, max-snippet:-1, max-image-preview:large, max-video-preview:-1\" \/>\n<link rel=\"canonical\" href=\"https:\/\/yithsu.com\/pt-br\/produto\/conjunto-de-treino-de-muay-thai-kickboxing-da-proline-preto\/\" \/>\n<meta property=\"og:locale\" content=\"pt_BR\" \/>\n<meta property=\"og:type\" content=\"article\" \/>\n<meta property=\"og:title\" content=\"Conjunto de treino de muay thai\/kickboxing da Proline - Preto - yithsu.com\" \/>\n<meta property=\"og:description\" content=\"Luvas de boxe Proline Adequado para: treinamento, treinamento com almofada, sparring e saco de pancadas. Couro premium &#8211; Enchimento de l\u00e1tex que absorve choques para prote\u00e7\u00e3o e conforto adicionais com uma sensa\u00e7\u00e3o de firmeza &#8211; Prote\u00e7\u00e3o e suporte adicionais para a palma da m\u00e3o, o polegar e o pulso, minimizando les\u00f5es &#8211; Forro de n\u00e1ilon [&hellip;]\" \/>\n<meta property=\"og:url\" content=\"https:\/\/yithsu.com\/pt-br\/produto\/conjunto-de-treino-de-muay-thai-kickboxing-da-proline-preto\/\" \/>\n<meta property=\"og:site_name\" content=\"yithsu.com\" \/>\n<meta property=\"article:publisher\" content=\"https:\/\/www.facebook.com\/yithsusports\" \/>\n<meta property=\"article:modified_time\" content=\"2025-05-13T22:30:21+00:00\" \/>\n<meta property=\"og:image\" content=\"https:\/\/yithsu.com\/wp-content\/uploads\/2024\/09\/Proline-Muay-Thai-Kickboxing-Sparring-Set_b818fee3-59fe-421f-a60c-f16fd091588b.jpg\" \/>\n\t<meta property=\"og:image:width\" content=\"1250\" \/>\n\t<meta property=\"og:image:height\" content=\"1250\" \/>\n\t<meta property=\"og:image:type\" content=\"image\/jpeg\" \/>\n<meta name=\"twitter:card\" content=\"summary_large_image\" \/>\n<meta name=\"twitter:label1\" content=\"Est. tempo de leitura\" \/>\n\t<meta name=\"twitter:data1\" content=\"1 minuto\" \/>\n<script type=\"application\/ld+json\" class=\"yoast-schema-graph\">{\"@context\":\"https:\\\/\\\/schema.org\",\"@graph\":[{\"@type\":\"WebPage\",\"@id\":\"https:\\\/\\\/yithsu.com\\\/pt-br\\\/produto\\\/conjunto-de-treino-de-muay-thai-kickboxing-da-proline-preto\\\/\",\"url\":\"https:\\\/\\\/yithsu.com\\\/pt-br\\\/produto\\\/conjunto-de-treino-de-muay-thai-kickboxing-da-proline-preto\\\/\",\"name\":\"Conjunto de treino de muay thai\\\/kickboxing da Proline - Preto - yithsu.com\",\"isPartOf\":{\"@id\":\"https:\\\/\\\/yithsu.com\\\/pt-br\\\/#website\"},\"primaryImageOfPage\":{\"@id\":\"https:\\\/\\\/yithsu.com\\\/pt-br\\\/produto\\\/conjunto-de-treino-de-muay-thai-kickboxing-da-proline-preto\\\/#primaryimage\"},\"image\":{\"@id\":\"https:\\\/\\\/yithsu.com\\\/pt-br\\\/produto\\\/conjunto-de-treino-de-muay-thai-kickboxing-da-proline-preto\\\/#primaryimage\"},\"thumbnailUrl\":\"https:\\\/\\\/yithsu.com\\\/wp-content\\\/uploads\\\/2024\\\/09\\\/Proline-Muay-Thai-Kickboxing-Sparring-Set_b818fee3-59fe-421f-a60c-f16fd091588b.jpg\",\"datePublished\":\"2024-09-04T21:02:27+00:00\",\"dateModified\":\"2025-05-13T22:30:21+00:00\",\"breadcrumb\":{\"@id\":\"https:\\\/\\\/yithsu.com\\\/pt-br\\\/produto\\\/conjunto-de-treino-de-muay-thai-kickboxing-da-proline-preto\\\/#breadcrumb\"},\"inLanguage\":\"pt-BR\",\"potentialAction\":[{\"@type\":\"ReadAction\",\"target\":[\"https:\\\/\\\/yithsu.com\\\/pt-br\\\/produto\\\/conjunto-de-treino-de-muay-thai-kickboxing-da-proline-preto\\\/\"]}]},{\"@type\":\"ImageObject\",\"inLanguage\":\"pt-BR\",\"@id\":\"https:\\\/\\\/yithsu.com\\\/pt-br\\\/produto\\\/conjunto-de-treino-de-muay-thai-kickboxing-da-proline-preto\\\/#primaryimage\",\"url\":\"https:\\\/\\\/yithsu.com\\\/wp-content\\\/uploads\\\/2024\\\/09\\\/Proline-Muay-Thai-Kickboxing-Sparring-Set_b818fee3-59fe-421f-a60c-f16fd091588b.jpg\",\"contentUrl\":\"https:\\\/\\\/yithsu.com\\\/wp-content\\\/uploads\\\/2024\\\/09\\\/Proline-Muay-Thai-Kickboxing-Sparring-Set_b818fee3-59fe-421f-a60c-f16fd091588b.jpg\",\"width\":1250,\"height\":1250},{\"@type\":\"BreadcrumbList\",\"@id\":\"https:\\\/\\\/yithsu.com\\\/pt-br\\\/produto\\\/conjunto-de-treino-de-muay-thai-kickboxing-da-proline-preto\\\/#breadcrumb\",\"itemListElement\":[{\"@type\":\"ListItem\",\"position\":1,\"name\":\"In\u00edcio\",\"item\":\"https:\\\/\\\/yithsu.com\\\/pt-br\\\/\"},{\"@type\":\"ListItem\",\"position\":2,\"name\":\"Loja\",\"item\":\"https:\\\/\\\/yithsu.com\\\/pt-br\\\/loja\\\/\"},{\"@type\":\"ListItem\",\"position\":3,\"name\":\"Conjunto de treino de muay thai\\\/kickboxing da Proline &#8211; Preto\"}]},{\"@type\":\"WebSite\",\"@id\":\"https:\\\/\\\/yithsu.com\\\/pt-br\\\/#website\",\"url\":\"https:\\\/\\\/yithsu.com\\\/pt-br\\\/\",\"name\":\"Yithsu Premium Fight Gear\",\"description\":\"Premium Fight Gear\",\"publisher\":{\"@id\":\"https:\\\/\\\/yithsu.com\\\/pt-br\\\/#organization\"},\"potentialAction\":[{\"@type\":\"SearchAction\",\"target\":{\"@type\":\"EntryPoint\",\"urlTemplate\":\"https:\\\/\\\/yithsu.com\\\/pt-br\\\/?s={search_term_string}\"},\"query-input\":{\"@type\":\"PropertyValueSpecification\",\"valueRequired\":true,\"valueName\":\"search_term_string\"}}],\"inLanguage\":\"pt-BR\"},{\"@type\":\"Organization\",\"@id\":\"https:\\\/\\\/yithsu.com\\\/pt-br\\\/#organization\",\"name\":\"Yithsu Equipamento de Luta Premium\",\"url\":\"https:\\\/\\\/yithsu.com\\\/pt-br\\\/\",\"logo\":{\"@type\":\"ImageObject\",\"inLanguage\":\"pt-BR\",\"@id\":\"https:\\\/\\\/yithsu.com\\\/pt-br\\\/#\\\/schema\\\/logo\\\/image\\\/\",\"url\":\"https:\\\/\\\/yithsu.com\\\/wp-content\\\/uploads\\\/2024\\\/04\\\/Yithsu_Logo-staand_Black.svg\",\"contentUrl\":\"https:\\\/\\\/yithsu.com\\\/wp-content\\\/uploads\\\/2024\\\/04\\\/Yithsu_Logo-staand_Black.svg\",\"width\":\"1024\",\"height\":\"1024\",\"caption\":\"Yithsu Equipamento de Luta Premium\"},\"image\":{\"@id\":\"https:\\\/\\\/yithsu.com\\\/pt-br\\\/#\\\/schema\\\/logo\\\/image\\\/\"},\"sameAs\":[\"https:\\\/\\\/www.facebook.com\\\/yithsusports\",\"https:\\\/\\\/www.instagram.com\\\/yithsusports\"]}]}<\/script>\n<!-- \/ Yoast SEO plugin. -->","yoast_head_json":{"title":"Conjunto de treino de muay thai\/kickboxing da Proline - Preto - yithsu.com","robots":{"index":"index","follow":"follow","max-snippet":"max-snippet:-1","max-image-preview":"max-image-preview:large","max-video-preview":"max-video-preview:-1"},"canonical":"https:\/\/yithsu.com\/pt-br\/produto\/conjunto-de-treino-de-muay-thai-kickboxing-da-proline-preto\/","og_locale":"pt_BR","og_type":"article","og_title":"Conjunto de treino de muay thai\/kickboxing da Proline - Preto - yithsu.com","og_description":"Luvas de boxe Proline Adequado para: treinamento, treinamento com almofada, sparring e saco de pancadas. Couro premium &#8211; Enchimento de l\u00e1tex que absorve choques para prote\u00e7\u00e3o e conforto adicionais com uma sensa\u00e7\u00e3o de firmeza &#8211; Prote\u00e7\u00e3o e suporte adicionais para a palma da m\u00e3o, o polegar e o pulso, minimizando les\u00f5es &#8211; Forro de n\u00e1ilon [&hellip;]","og_url":"https:\/\/yithsu.com\/pt-br\/produto\/conjunto-de-treino-de-muay-thai-kickboxing-da-proline-preto\/","og_site_name":"yithsu.com","article_publisher":"https:\/\/www.facebook.com\/yithsusports","article_modified_time":"2025-05-13T22:30:21+00:00","og_image":[{"width":1250,"height":1250,"url":"https:\/\/yithsu.com\/wp-content\/uploads\/2024\/09\/Proline-Muay-Thai-Kickboxing-Sparring-Set_b818fee3-59fe-421f-a60c-f16fd091588b.jpg","type":"image\/jpeg"}],"twitter_card":"summary_large_image","twitter_misc":{"Est. tempo de leitura":"1 minuto"},"schema":{"@context":"https:\/\/schema.org","@graph":[{"@type":"WebPage","@id":"https:\/\/yithsu.com\/pt-br\/produto\/conjunto-de-treino-de-muay-thai-kickboxing-da-proline-preto\/","url":"https:\/\/yithsu.com\/pt-br\/produto\/conjunto-de-treino-de-muay-thai-kickboxing-da-proline-preto\/","name":"Conjunto de treino de muay thai\/kickboxing da Proline - Preto - yithsu.com","isPartOf":{"@id":"https:\/\/yithsu.com\/pt-br\/#website"},"primaryImageOfPage":{"@id":"https:\/\/yithsu.com\/pt-br\/produto\/conjunto-de-treino-de-muay-thai-kickboxing-da-proline-preto\/#primaryimage"},"image":{"@id":"https:\/\/yithsu.com\/pt-br\/produto\/conjunto-de-treino-de-muay-thai-kickboxing-da-proline-preto\/#primaryimage"},"thumbnailUrl":"https:\/\/yithsu.com\/wp-content\/uploads\/2024\/09\/Proline-Muay-Thai-Kickboxing-Sparring-Set_b818fee3-59fe-421f-a60c-f16fd091588b.jpg","datePublished":"2024-09-04T21:02:27+00:00","dateModified":"2025-05-13T22:30:21+00:00","breadcrumb":{"@id":"https:\/\/yithsu.com\/pt-br\/produto\/conjunto-de-treino-de-muay-thai-kickboxing-da-proline-preto\/#breadcrumb"},"inLanguage":"pt-BR","potentialAction":[{"@type":"ReadAction","target":["https:\/\/yithsu.com\/pt-br\/produto\/conjunto-de-treino-de-muay-thai-kickboxing-da-proline-preto\/"]}]},{"@type":"ImageObject","inLanguage":"pt-BR","@id":"https:\/\/yithsu.com\/pt-br\/produto\/conjunto-de-treino-de-muay-thai-kickboxing-da-proline-preto\/#primaryimage","url":"https:\/\/yithsu.com\/wp-content\/uploads\/2024\/09\/Proline-Muay-Thai-Kickboxing-Sparring-Set_b818fee3-59fe-421f-a60c-f16fd091588b.jpg","contentUrl":"https:\/\/yithsu.com\/wp-content\/uploads\/2024\/09\/Proline-Muay-Thai-Kickboxing-Sparring-Set_b818fee3-59fe-421f-a60c-f16fd091588b.jpg","width":1250,"height":1250},{"@type":"BreadcrumbList","@id":"https:\/\/yithsu.com\/pt-br\/produto\/conjunto-de-treino-de-muay-thai-kickboxing-da-proline-preto\/#breadcrumb","itemListElement":[{"@type":"ListItem","position":1,"name":"In\u00edcio","item":"https:\/\/yithsu.com\/pt-br\/"},{"@type":"ListItem","position":2,"name":"Loja","item":"https:\/\/yithsu.com\/pt-br\/loja\/"},{"@type":"ListItem","position":3,"name":"Conjunto de treino de muay thai\/kickboxing da Proline &#8211; Preto"}]},{"@type":"WebSite","@id":"https:\/\/yithsu.com\/pt-br\/#website","url":"https:\/\/yithsu.com\/pt-br\/","name":"Yithsu Premium Fight Gear","description":"Premium Fight Gear","publisher":{"@id":"https:\/\/yithsu.com\/pt-br\/#organization"},"potentialAction":[{"@type":"SearchAction","target":{"@type":"EntryPoint","urlTemplate":"https:\/\/yithsu.com\/pt-br\/?s={search_term_string}"},"query-input":{"@type":"PropertyValueSpecification","valueRequired":true,"valueName":"search_term_string"}}],"inLanguage":"pt-BR"},{"@type":"Organization","@id":"https:\/\/yithsu.com\/pt-br\/#organization","name":"Yithsu Equipamento de Luta Premium","url":"https:\/\/yithsu.com\/pt-br\/","logo":{"@type":"ImageObject","inLanguage":"pt-BR","@id":"https:\/\/yithsu.com\/pt-br\/#\/schema\/logo\/image\/","url":"https:\/\/yithsu.com\/wp-content\/uploads\/2024\/04\/Yithsu_Logo-staand_Black.svg","contentUrl":"https:\/\/yithsu.com\/wp-content\/uploads\/2024\/04\/Yithsu_Logo-staand_Black.svg","width":"1024","height":"1024","caption":"Yithsu Equipamento de Luta Premium"},"image":{"@id":"https:\/\/yithsu.com\/pt-br\/#\/schema\/logo\/image\/"},"sameAs":["https:\/\/www.facebook.com\/yithsusports","https:\/\/www.instagram.com\/yithsusports"]}]}},"_links":{"self":[{"href":"https:\/\/yithsu.com\/pt-br\/wp-json\/wp\/v2\/product\/8458","targetHints":{"allow":["GET"]}}],"collection":[{"href":"https:\/\/yithsu.com\/pt-br\/wp-json\/wp\/v2\/product"}],"about":[{"href":"https:\/\/yithsu.com\/pt-br\/wp-json\/wp\/v2\/types\/product"}],"wp:featuredmedia":[{"embeddable":true,"href":"https:\/\/yithsu.com\/pt-br\/wp-json\/wp\/v2\/media\/7679"}],"wp:attachment":[{"href":"https:\/\/yithsu.com\/pt-br\/wp-json\/wp\/v2\/media?parent=8458"}],"wp:term":[{"taxonomy":"product_brand","embeddable":true,"href":"https:\/\/yithsu.com\/pt-br\/wp-json\/wp\/v2\/product_brand?post=8458"},{"taxonomy":"product_cat","embeddable":true,"href":"https:\/\/yithsu.com\/pt-br\/wp-json\/wp\/v2\/product_cat?post=8458"},{"taxonomy":"product_tag","embeddable":true,"href":"https:\/\/yithsu.com\/pt-br\/wp-json\/wp\/v2\/product_tag?post=8458"}],"curies":[{"name":"wp","href":"https:\/\/api.w.org\/{rel}","templated":true}]}}