{"id":9772,"date":"2025-04-04T10:11:40","date_gmt":"2025-04-04T13:11:40","guid":{"rendered":"https:\/\/yithsu.com\/product\/windy-x-soma-luva-de-boxe-de-couro-proline-bege\/"},"modified":"2025-04-04T10:11:40","modified_gmt":"2025-04-04T13:11:40","slug":"windy-x-soma-luva-de-boxe-de-couro-proline-bege","status":"publish","type":"product","link":"https:\/\/yithsu.com\/pt-br\/produto\/windy-x-soma-luva-de-boxe-de-couro-proline-bege\/","title":{"rendered":"Windy x Soma &#8211; Luva de boxe de couro Proline &#8211; Bege"},"content":{"rendered":"<div class=\"product-single__description-full rte\">\n<p>As luvas de boxe Windy x Soma Proline.<\/p>\n<p>Adequado para: treinamento, treinamento com almofada, sparring e saco de pancadas.  <\/p>\n<p>Couro premium &#8211; Enchimento de l\u00e1tex que absorve choques para prote\u00e7\u00e3o e conforto adicionais com uma sensa\u00e7\u00e3o de firmeza &#8211; Prote\u00e7\u00e3o e suporte adicionais para a palma da m\u00e3o, o polegar e o pulso, minimizando les\u00f5es &#8211; Forro de n\u00e1ilon especial que permite minimizar a absor\u00e7\u00e3o de suor &#8211; Fecho de velcro forte &#8211; Punho de espuma de camada tripla para um ajuste seguro &#8211; F\u00e1cil de limpar e secar.<\/p>\n<p><span>Dispon\u00edvel em diferentes cores e tamanhos.<\/span><\/p>\n<p>Testado e aprovado na Tail\u00e2ndia e na Europa e atende a todos os requisitos de seguran\u00e7a europeus. Fabricado \u00e0 m\u00e3o em Bangkok &#8211; Tail\u00e2ndia <\/p>\n<\/div>\n<div class=\"collapsibles-wrapper collapsibles-wrapper--border-bottom\"><\/div>\n","protected":false},"excerpt":{"rendered":"<p>As luvas de boxe Windy x Soma Proline. Adequado para: treinamento, treinamento com almofada, sparring e saco de pancadas. Couro premium &#8211; Enchimento de l\u00e1tex que absorve choques para prote\u00e7\u00e3o e conforto adicionais com uma sensa\u00e7\u00e3o de firmeza &#8211; Prote\u00e7\u00e3o e suporte adicionais para a palma da m\u00e3o, o polegar e o pulso, minimizando les\u00f5es [&hellip;]<\/p>\n","protected":false},"featured_media":9722,"template":"","meta":{"inline_featured_image":false},"product_brand":[],"product_cat":[264,883,672,261,257],"product_tag":[279,281,282,284,427,325,330,327,289,290,291,294,267,268,265,292,332,333,335,884],"class_list":{"0":"post-9772","1":"product","2":"type-product","3":"status-publish","4":"has-post-thumbnail","6":"product_cat-catalogo-windy-fight-gear-pt-br","7":"product_cat-colaboracao","8":"product_cat-luvas-de-boxe","9":"product_cat-luvas-de-muay-thai-luvas-de-boxe-pt-br","10":"product_cat-todos-os-produtos","11":"product_tag-10-oncas","12":"product_tag-12-oncas","13":"product_tag-14-oncas","14":"product_tag-16-oncas","15":"product_tag-bgp-pt-br","16":"product_tag-boxe","17":"product_tag-couro","18":"product_tag-handschoenen-pt-br","19":"product_tag-k-1-pt-br","20":"product_tag-k1-pt-br","21":"product_tag-kickboxing-pt-br","22":"product_tag-luta","23":"product_tag-luva","24":"product_tag-luvas","25":"product_tag-luvas-de-boxe","26":"product_tag-muay-thai-pt-br","27":"product_tag-pop-up-pt-br","28":"product_tag-profissional","29":"product_tag-prolina","30":"product_tag-soma-pt-br","32":"first","33":"instock","34":"taxable","35":"shipping-taxable","36":"purchasable","37":"product-type-variable"},"yoast_head":"<!-- This site is optimized with the Yoast SEO plugin v27.4 - https:\/\/yoast.com\/product\/yoast-seo-wordpress\/ -->\n<title>Windy x Soma - Luva de boxe de couro Proline - Bege - yithsu.com<\/title>\n<meta name=\"robots\" content=\"index, follow, max-snippet:-1, max-image-preview:large, max-video-preview:-1\" \/>\n<link rel=\"canonical\" href=\"https:\/\/yithsu.com\/pt-br\/produto\/windy-x-soma-luva-de-boxe-de-couro-proline-bege\/\" \/>\n<meta property=\"og:locale\" content=\"pt_BR\" \/>\n<meta property=\"og:type\" content=\"article\" \/>\n<meta property=\"og:title\" content=\"Windy x Soma - Luva de boxe de couro Proline - Bege - yithsu.com\" \/>\n<meta property=\"og:description\" content=\"As luvas de boxe Windy x Soma Proline. Adequado para: treinamento, treinamento com almofada, sparring e saco de pancadas. Couro premium &#8211; Enchimento de l\u00e1tex que absorve choques para prote\u00e7\u00e3o e conforto adicionais com uma sensa\u00e7\u00e3o de firmeza &#8211; Prote\u00e7\u00e3o e suporte adicionais para a palma da m\u00e3o, o polegar e o pulso, minimizando les\u00f5es [&hellip;]\" \/>\n<meta property=\"og:url\" content=\"https:\/\/yithsu.com\/pt-br\/produto\/windy-x-soma-luva-de-boxe-de-couro-proline-bege\/\" \/>\n<meta property=\"og:site_name\" content=\"yithsu.com\" \/>\n<meta property=\"article:publisher\" content=\"https:\/\/www.facebook.com\/yithsusports\" \/>\n<meta name=\"twitter:card\" content=\"summary_large_image\" \/>\n<meta name=\"twitter:label1\" content=\"Est. tempo de leitura\" \/>\n\t<meta name=\"twitter:data1\" content=\"1 minuto\" \/>\n<script type=\"application\/ld+json\" class=\"yoast-schema-graph\">{\"@context\":\"https:\\\/\\\/schema.org\",\"@graph\":[{\"@type\":\"WebPage\",\"@id\":\"https:\\\/\\\/yithsu.com\\\/pt-br\\\/produto\\\/windy-x-soma-luva-de-boxe-de-couro-proline-bege\\\/\",\"url\":\"https:\\\/\\\/yithsu.com\\\/pt-br\\\/produto\\\/windy-x-soma-luva-de-boxe-de-couro-proline-bege\\\/\",\"name\":\"Windy x Soma - Luva de boxe de couro Proline - Bege - yithsu.com\",\"isPartOf\":{\"@id\":\"https:\\\/\\\/yithsu.com\\\/pt-br\\\/#website\"},\"primaryImageOfPage\":{\"@id\":\"https:\\\/\\\/yithsu.com\\\/pt-br\\\/produto\\\/windy-x-soma-luva-de-boxe-de-couro-proline-bege\\\/#primaryimage\"},\"image\":{\"@id\":\"https:\\\/\\\/yithsu.com\\\/pt-br\\\/produto\\\/windy-x-soma-luva-de-boxe-de-couro-proline-bege\\\/#primaryimage\"},\"thumbnailUrl\":\"https:\\\/\\\/yithsu.com\\\/wp-content\\\/uploads\\\/2025\\\/04\\\/WindyxSoma-BGP-Beige_2.png\",\"datePublished\":\"2025-04-04T13:11:40+00:00\",\"breadcrumb\":{\"@id\":\"https:\\\/\\\/yithsu.com\\\/pt-br\\\/produto\\\/windy-x-soma-luva-de-boxe-de-couro-proline-bege\\\/#breadcrumb\"},\"inLanguage\":\"pt-BR\",\"potentialAction\":[{\"@type\":\"ReadAction\",\"target\":[\"https:\\\/\\\/yithsu.com\\\/pt-br\\\/produto\\\/windy-x-soma-luva-de-boxe-de-couro-proline-bege\\\/\"]}]},{\"@type\":\"ImageObject\",\"inLanguage\":\"pt-BR\",\"@id\":\"https:\\\/\\\/yithsu.com\\\/pt-br\\\/produto\\\/windy-x-soma-luva-de-boxe-de-couro-proline-bege\\\/#primaryimage\",\"url\":\"https:\\\/\\\/yithsu.com\\\/wp-content\\\/uploads\\\/2025\\\/04\\\/WindyxSoma-BGP-Beige_2.png\",\"contentUrl\":\"https:\\\/\\\/yithsu.com\\\/wp-content\\\/uploads\\\/2025\\\/04\\\/WindyxSoma-BGP-Beige_2.png\",\"width\":1250,\"height\":1250},{\"@type\":\"BreadcrumbList\",\"@id\":\"https:\\\/\\\/yithsu.com\\\/pt-br\\\/produto\\\/windy-x-soma-luva-de-boxe-de-couro-proline-bege\\\/#breadcrumb\",\"itemListElement\":[{\"@type\":\"ListItem\",\"position\":1,\"name\":\"In\u00edcio\",\"item\":\"https:\\\/\\\/yithsu.com\\\/pt-br\\\/\"},{\"@type\":\"ListItem\",\"position\":2,\"name\":\"Loja\",\"item\":\"https:\\\/\\\/yithsu.com\\\/pt-br\\\/loja\\\/\"},{\"@type\":\"ListItem\",\"position\":3,\"name\":\"Windy x Soma &#8211; Luva de boxe de couro Proline &#8211; Bege\"}]},{\"@type\":\"WebSite\",\"@id\":\"https:\\\/\\\/yithsu.com\\\/pt-br\\\/#website\",\"url\":\"https:\\\/\\\/yithsu.com\\\/pt-br\\\/\",\"name\":\"Yithsu Premium Fight Gear\",\"description\":\"Premium Fight Gear\",\"publisher\":{\"@id\":\"https:\\\/\\\/yithsu.com\\\/pt-br\\\/#organization\"},\"potentialAction\":[{\"@type\":\"SearchAction\",\"target\":{\"@type\":\"EntryPoint\",\"urlTemplate\":\"https:\\\/\\\/yithsu.com\\\/pt-br\\\/?s={search_term_string}\"},\"query-input\":{\"@type\":\"PropertyValueSpecification\",\"valueRequired\":true,\"valueName\":\"search_term_string\"}}],\"inLanguage\":\"pt-BR\"},{\"@type\":\"Organization\",\"@id\":\"https:\\\/\\\/yithsu.com\\\/pt-br\\\/#organization\",\"name\":\"Yithsu Equipamento de Luta Premium\",\"url\":\"https:\\\/\\\/yithsu.com\\\/pt-br\\\/\",\"logo\":{\"@type\":\"ImageObject\",\"inLanguage\":\"pt-BR\",\"@id\":\"https:\\\/\\\/yithsu.com\\\/pt-br\\\/#\\\/schema\\\/logo\\\/image\\\/\",\"url\":\"https:\\\/\\\/yithsu.com\\\/wp-content\\\/uploads\\\/2024\\\/04\\\/Yithsu_Logo-staand_Black.svg\",\"contentUrl\":\"https:\\\/\\\/yithsu.com\\\/wp-content\\\/uploads\\\/2024\\\/04\\\/Yithsu_Logo-staand_Black.svg\",\"width\":\"1024\",\"height\":\"1024\",\"caption\":\"Yithsu Equipamento de Luta Premium\"},\"image\":{\"@id\":\"https:\\\/\\\/yithsu.com\\\/pt-br\\\/#\\\/schema\\\/logo\\\/image\\\/\"},\"sameAs\":[\"https:\\\/\\\/www.facebook.com\\\/yithsusports\",\"https:\\\/\\\/www.instagram.com\\\/yithsusports\"]}]}<\/script>\n<!-- \/ Yoast SEO plugin. -->","yoast_head_json":{"title":"Windy x Soma - Luva de boxe de couro Proline - Bege - yithsu.com","robots":{"index":"index","follow":"follow","max-snippet":"max-snippet:-1","max-image-preview":"max-image-preview:large","max-video-preview":"max-video-preview:-1"},"canonical":"https:\/\/yithsu.com\/pt-br\/produto\/windy-x-soma-luva-de-boxe-de-couro-proline-bege\/","og_locale":"pt_BR","og_type":"article","og_title":"Windy x Soma - Luva de boxe de couro Proline - Bege - yithsu.com","og_description":"As luvas de boxe Windy x Soma Proline. Adequado para: treinamento, treinamento com almofada, sparring e saco de pancadas. Couro premium &#8211; Enchimento de l\u00e1tex que absorve choques para prote\u00e7\u00e3o e conforto adicionais com uma sensa\u00e7\u00e3o de firmeza &#8211; Prote\u00e7\u00e3o e suporte adicionais para a palma da m\u00e3o, o polegar e o pulso, minimizando les\u00f5es [&hellip;]","og_url":"https:\/\/yithsu.com\/pt-br\/produto\/windy-x-soma-luva-de-boxe-de-couro-proline-bege\/","og_site_name":"yithsu.com","article_publisher":"https:\/\/www.facebook.com\/yithsusports","twitter_card":"summary_large_image","twitter_misc":{"Est. tempo de leitura":"1 minuto"},"schema":{"@context":"https:\/\/schema.org","@graph":[{"@type":"WebPage","@id":"https:\/\/yithsu.com\/pt-br\/produto\/windy-x-soma-luva-de-boxe-de-couro-proline-bege\/","url":"https:\/\/yithsu.com\/pt-br\/produto\/windy-x-soma-luva-de-boxe-de-couro-proline-bege\/","name":"Windy x Soma - Luva de boxe de couro Proline - Bege - yithsu.com","isPartOf":{"@id":"https:\/\/yithsu.com\/pt-br\/#website"},"primaryImageOfPage":{"@id":"https:\/\/yithsu.com\/pt-br\/produto\/windy-x-soma-luva-de-boxe-de-couro-proline-bege\/#primaryimage"},"image":{"@id":"https:\/\/yithsu.com\/pt-br\/produto\/windy-x-soma-luva-de-boxe-de-couro-proline-bege\/#primaryimage"},"thumbnailUrl":"https:\/\/yithsu.com\/wp-content\/uploads\/2025\/04\/WindyxSoma-BGP-Beige_2.png","datePublished":"2025-04-04T13:11:40+00:00","breadcrumb":{"@id":"https:\/\/yithsu.com\/pt-br\/produto\/windy-x-soma-luva-de-boxe-de-couro-proline-bege\/#breadcrumb"},"inLanguage":"pt-BR","potentialAction":[{"@type":"ReadAction","target":["https:\/\/yithsu.com\/pt-br\/produto\/windy-x-soma-luva-de-boxe-de-couro-proline-bege\/"]}]},{"@type":"ImageObject","inLanguage":"pt-BR","@id":"https:\/\/yithsu.com\/pt-br\/produto\/windy-x-soma-luva-de-boxe-de-couro-proline-bege\/#primaryimage","url":"https:\/\/yithsu.com\/wp-content\/uploads\/2025\/04\/WindyxSoma-BGP-Beige_2.png","contentUrl":"https:\/\/yithsu.com\/wp-content\/uploads\/2025\/04\/WindyxSoma-BGP-Beige_2.png","width":1250,"height":1250},{"@type":"BreadcrumbList","@id":"https:\/\/yithsu.com\/pt-br\/produto\/windy-x-soma-luva-de-boxe-de-couro-proline-bege\/#breadcrumb","itemListElement":[{"@type":"ListItem","position":1,"name":"In\u00edcio","item":"https:\/\/yithsu.com\/pt-br\/"},{"@type":"ListItem","position":2,"name":"Loja","item":"https:\/\/yithsu.com\/pt-br\/loja\/"},{"@type":"ListItem","position":3,"name":"Windy x Soma &#8211; Luva de boxe de couro Proline &#8211; Bege"}]},{"@type":"WebSite","@id":"https:\/\/yithsu.com\/pt-br\/#website","url":"https:\/\/yithsu.com\/pt-br\/","name":"Yithsu Premium Fight Gear","description":"Premium Fight Gear","publisher":{"@id":"https:\/\/yithsu.com\/pt-br\/#organization"},"potentialAction":[{"@type":"SearchAction","target":{"@type":"EntryPoint","urlTemplate":"https:\/\/yithsu.com\/pt-br\/?s={search_term_string}"},"query-input":{"@type":"PropertyValueSpecification","valueRequired":true,"valueName":"search_term_string"}}],"inLanguage":"pt-BR"},{"@type":"Organization","@id":"https:\/\/yithsu.com\/pt-br\/#organization","name":"Yithsu Equipamento de Luta Premium","url":"https:\/\/yithsu.com\/pt-br\/","logo":{"@type":"ImageObject","inLanguage":"pt-BR","@id":"https:\/\/yithsu.com\/pt-br\/#\/schema\/logo\/image\/","url":"https:\/\/yithsu.com\/wp-content\/uploads\/2024\/04\/Yithsu_Logo-staand_Black.svg","contentUrl":"https:\/\/yithsu.com\/wp-content\/uploads\/2024\/04\/Yithsu_Logo-staand_Black.svg","width":"1024","height":"1024","caption":"Yithsu Equipamento de Luta Premium"},"image":{"@id":"https:\/\/yithsu.com\/pt-br\/#\/schema\/logo\/image\/"},"sameAs":["https:\/\/www.facebook.com\/yithsusports","https:\/\/www.instagram.com\/yithsusports"]}]}},"_links":{"self":[{"href":"https:\/\/yithsu.com\/pt-br\/wp-json\/wp\/v2\/product\/9772","targetHints":{"allow":["GET"]}}],"collection":[{"href":"https:\/\/yithsu.com\/pt-br\/wp-json\/wp\/v2\/product"}],"about":[{"href":"https:\/\/yithsu.com\/pt-br\/wp-json\/wp\/v2\/types\/product"}],"wp:featuredmedia":[{"embeddable":true,"href":"https:\/\/yithsu.com\/pt-br\/wp-json\/wp\/v2\/media\/9722"}],"wp:attachment":[{"href":"https:\/\/yithsu.com\/pt-br\/wp-json\/wp\/v2\/media?parent=9772"}],"wp:term":[{"taxonomy":"product_brand","embeddable":true,"href":"https:\/\/yithsu.com\/pt-br\/wp-json\/wp\/v2\/product_brand?post=9772"},{"taxonomy":"product_cat","embeddable":true,"href":"https:\/\/yithsu.com\/pt-br\/wp-json\/wp\/v2\/product_cat?post=9772"},{"taxonomy":"product_tag","embeddable":true,"href":"https:\/\/yithsu.com\/pt-br\/wp-json\/wp\/v2\/product_tag?post=9772"}],"curies":[{"name":"wp","href":"https:\/\/api.w.org\/{rel}","templated":true}]}}