{"id":9807,"date":"2025-04-04T10:11:29","date_gmt":"2025-04-04T13:11:29","guid":{"rendered":"https:\/\/yithsu.com\/product\/windy-x-joya-caneleira-proline-preto-preto\/"},"modified":"2025-04-04T10:11:29","modified_gmt":"2025-04-04T13:11:29","slug":"windy-x-joya-caneleira-proline-preto-preto","status":"publish","type":"product","link":"https:\/\/yithsu.com\/pt-br\/produto\/windy-x-joya-caneleira-proline-preto-preto\/","title":{"rendered":"Windy x Joya &#8211; Caneleira Proline &#8211; Preto\/Preto"},"content":{"rendered":"<p>*Edi\u00e7\u00e3o limitada<\/p>\n<p>Caneleira The Windy x Joya Proline<\/p>\n<p>Microfibra leve da mais alta qualidade &#8211; Acolchoamento confort\u00e1vel na camada interna e mais duro na camada externa, comprimidos juntos para alta absor\u00e7\u00e3o de impactos. Velcro de alta qualidade para uso repetitivo &#8211; Costura dupla em todas as superf\u00edcies para garantir uma vida \u00fatil mais longa &#8211; F\u00e1cil de limpar e secar. <\/p>\n<p>Adequado para: treinamento e luta em todos os n\u00edveis.  <span>Dispon\u00edvel em diferentes cores e tamanhos.<\/span><\/p>\n<p><span>S &#8211; Comprimento (da parte superior ao tornozelo): 33 cm \/ (do tornozelo aos dedos do p\u00e9): 18 cm<\/span><\/p>\n<p><span>M &#8211; Comprimento (do topo at\u00e9 o tornozelo): 35 cm \/ (do tornozelo aos dedos do p\u00e9): 19 cm<\/span><\/p>\n<p><span>L &#8211; Comprimento (do topo at\u00e9 o tornozelo): 38 cm \/ (do tornozelo aos dedos do p\u00e9): 19 cm<\/span><\/p>\n<p><span>XL &#8211; Comprimento (da parte superior ao tornozelo): 39 cm \/ (do tornozelo aos dedos do p\u00e9): 20 cm<\/span><\/p>\n","protected":false},"excerpt":{"rendered":"<p>*Edi\u00e7\u00e3o limitada Caneleira The Windy x Joya Proline Microfibra leve da mais alta qualidade &#8211; Acolchoamento confort\u00e1vel na camada interna e mais duro na camada externa, comprimidos juntos para alta absor\u00e7\u00e3o de impactos. Velcro de alta qualidade para uso repetitivo &#8211; Costura dupla em todas as superf\u00edcies para garantir uma vida \u00fatil mais longa &#8211; [&hellip;]<\/p>\n","protected":false},"featured_media":9632,"template":"","meta":{"inline_featured_image":false},"product_brand":[],"product_cat":[264,883,317,836,257],"product_tag":[880,479,480,483,482,333,335,383,481,396,799],"class_list":{"0":"post-9807","1":"product","2":"type-product","3":"status-publish","4":"has-post-thumbnail","6":"product_cat-catalogo-windy-fight-gear-pt-br","7":"product_cat-colaboracao","8":"product_cat-equipamento-de-protecao","9":"product_cat-protecao-para-lutadores","10":"product_cat-todos-os-produtos","11":"product_tag-alegria","12":"product_tag-canela","13":"product_tag-caneleira","14":"product_tag-caneleiras-pt-br","15":"product_tag-caneleiras","16":"product_tag-profissional","17":"product_tag-prolina","18":"product_tag-protecao","19":"product_tag-protectores-de-canelas","20":"product_tag-proteger-pt-br","21":"product_tag-wsg1-pt-br","23":"first","24":"outofstock","25":"taxable","26":"shipping-taxable","27":"purchasable","28":"product-type-variable"},"yoast_head":"<!-- This site is optimized with the Yoast SEO plugin v27.4 - https:\/\/yoast.com\/product\/yoast-seo-wordpress\/ -->\n<title>Windy x Joya - Caneleira Proline - Preto\/Preto - yithsu.com<\/title>\n<meta name=\"robots\" content=\"index, follow, max-snippet:-1, max-image-preview:large, max-video-preview:-1\" \/>\n<link rel=\"canonical\" href=\"https:\/\/yithsu.com\/pt-br\/produto\/windy-x-joya-caneleira-proline-preto-preto\/\" \/>\n<meta property=\"og:locale\" content=\"pt_BR\" \/>\n<meta property=\"og:type\" content=\"article\" \/>\n<meta property=\"og:title\" content=\"Windy x Joya - Caneleira Proline - Preto\/Preto - yithsu.com\" \/>\n<meta property=\"og:description\" content=\"*Edi\u00e7\u00e3o limitada Caneleira The Windy x Joya Proline Microfibra leve da mais alta qualidade &#8211; Acolchoamento confort\u00e1vel na camada interna e mais duro na camada externa, comprimidos juntos para alta absor\u00e7\u00e3o de impactos. Velcro de alta qualidade para uso repetitivo &#8211; Costura dupla em todas as superf\u00edcies para garantir uma vida \u00fatil mais longa &#8211; [&hellip;]\" \/>\n<meta property=\"og:url\" content=\"https:\/\/yithsu.com\/pt-br\/produto\/windy-x-joya-caneleira-proline-preto-preto\/\" \/>\n<meta property=\"og:site_name\" content=\"yithsu.com\" \/>\n<meta property=\"article:publisher\" content=\"https:\/\/www.facebook.com\/yithsusports\" \/>\n<meta name=\"twitter:card\" content=\"summary_large_image\" \/>\n<meta name=\"twitter:label1\" content=\"Est. tempo de leitura\" \/>\n\t<meta name=\"twitter:data1\" content=\"1 minuto\" \/>\n<script type=\"application\/ld+json\" class=\"yoast-schema-graph\">{\"@context\":\"https:\\\/\\\/schema.org\",\"@graph\":[{\"@type\":\"WebPage\",\"@id\":\"https:\\\/\\\/yithsu.com\\\/pt-br\\\/produto\\\/windy-x-joya-caneleira-proline-preto-preto\\\/\",\"url\":\"https:\\\/\\\/yithsu.com\\\/pt-br\\\/produto\\\/windy-x-joya-caneleira-proline-preto-preto\\\/\",\"name\":\"Windy x Joya - Caneleira Proline - Preto\\\/Preto - yithsu.com\",\"isPartOf\":{\"@id\":\"https:\\\/\\\/yithsu.com\\\/pt-br\\\/#website\"},\"primaryImageOfPage\":{\"@id\":\"https:\\\/\\\/yithsu.com\\\/pt-br\\\/produto\\\/windy-x-joya-caneleira-proline-preto-preto\\\/#primaryimage\"},\"image\":{\"@id\":\"https:\\\/\\\/yithsu.com\\\/pt-br\\\/produto\\\/windy-x-joya-caneleira-proline-preto-preto\\\/#primaryimage\"},\"thumbnailUrl\":\"https:\\\/\\\/yithsu.com\\\/wp-content\\\/uploads\\\/2025\\\/04\\\/WSG_JY_BLACK_BLACK.png\",\"datePublished\":\"2025-04-04T13:11:29+00:00\",\"breadcrumb\":{\"@id\":\"https:\\\/\\\/yithsu.com\\\/pt-br\\\/produto\\\/windy-x-joya-caneleira-proline-preto-preto\\\/#breadcrumb\"},\"inLanguage\":\"pt-BR\",\"potentialAction\":[{\"@type\":\"ReadAction\",\"target\":[\"https:\\\/\\\/yithsu.com\\\/pt-br\\\/produto\\\/windy-x-joya-caneleira-proline-preto-preto\\\/\"]}]},{\"@type\":\"ImageObject\",\"inLanguage\":\"pt-BR\",\"@id\":\"https:\\\/\\\/yithsu.com\\\/pt-br\\\/produto\\\/windy-x-joya-caneleira-proline-preto-preto\\\/#primaryimage\",\"url\":\"https:\\\/\\\/yithsu.com\\\/wp-content\\\/uploads\\\/2025\\\/04\\\/WSG_JY_BLACK_BLACK.png\",\"contentUrl\":\"https:\\\/\\\/yithsu.com\\\/wp-content\\\/uploads\\\/2025\\\/04\\\/WSG_JY_BLACK_BLACK.png\",\"width\":1250,\"height\":1250},{\"@type\":\"BreadcrumbList\",\"@id\":\"https:\\\/\\\/yithsu.com\\\/pt-br\\\/produto\\\/windy-x-joya-caneleira-proline-preto-preto\\\/#breadcrumb\",\"itemListElement\":[{\"@type\":\"ListItem\",\"position\":1,\"name\":\"In\u00edcio\",\"item\":\"https:\\\/\\\/yithsu.com\\\/pt-br\\\/\"},{\"@type\":\"ListItem\",\"position\":2,\"name\":\"Loja\",\"item\":\"https:\\\/\\\/yithsu.com\\\/pt-br\\\/loja\\\/\"},{\"@type\":\"ListItem\",\"position\":3,\"name\":\"Windy x Joya &#8211; Caneleira Proline &#8211; Preto\\\/Preto\"}]},{\"@type\":\"WebSite\",\"@id\":\"https:\\\/\\\/yithsu.com\\\/pt-br\\\/#website\",\"url\":\"https:\\\/\\\/yithsu.com\\\/pt-br\\\/\",\"name\":\"Yithsu Premium Fight Gear\",\"description\":\"Premium Fight Gear\",\"publisher\":{\"@id\":\"https:\\\/\\\/yithsu.com\\\/pt-br\\\/#organization\"},\"potentialAction\":[{\"@type\":\"SearchAction\",\"target\":{\"@type\":\"EntryPoint\",\"urlTemplate\":\"https:\\\/\\\/yithsu.com\\\/pt-br\\\/?s={search_term_string}\"},\"query-input\":{\"@type\":\"PropertyValueSpecification\",\"valueRequired\":true,\"valueName\":\"search_term_string\"}}],\"inLanguage\":\"pt-BR\"},{\"@type\":\"Organization\",\"@id\":\"https:\\\/\\\/yithsu.com\\\/pt-br\\\/#organization\",\"name\":\"Yithsu Equipamento de Luta Premium\",\"url\":\"https:\\\/\\\/yithsu.com\\\/pt-br\\\/\",\"logo\":{\"@type\":\"ImageObject\",\"inLanguage\":\"pt-BR\",\"@id\":\"https:\\\/\\\/yithsu.com\\\/pt-br\\\/#\\\/schema\\\/logo\\\/image\\\/\",\"url\":\"https:\\\/\\\/yithsu.com\\\/wp-content\\\/uploads\\\/2024\\\/04\\\/Yithsu_Logo-staand_Black.svg\",\"contentUrl\":\"https:\\\/\\\/yithsu.com\\\/wp-content\\\/uploads\\\/2024\\\/04\\\/Yithsu_Logo-staand_Black.svg\",\"width\":\"1024\",\"height\":\"1024\",\"caption\":\"Yithsu Equipamento de Luta Premium\"},\"image\":{\"@id\":\"https:\\\/\\\/yithsu.com\\\/pt-br\\\/#\\\/schema\\\/logo\\\/image\\\/\"},\"sameAs\":[\"https:\\\/\\\/www.facebook.com\\\/yithsusports\",\"https:\\\/\\\/www.instagram.com\\\/yithsusports\"]}]}<\/script>\n<!-- \/ Yoast SEO plugin. -->","yoast_head_json":{"title":"Windy x Joya - Caneleira Proline - Preto\/Preto - yithsu.com","robots":{"index":"index","follow":"follow","max-snippet":"max-snippet:-1","max-image-preview":"max-image-preview:large","max-video-preview":"max-video-preview:-1"},"canonical":"https:\/\/yithsu.com\/pt-br\/produto\/windy-x-joya-caneleira-proline-preto-preto\/","og_locale":"pt_BR","og_type":"article","og_title":"Windy x Joya - Caneleira Proline - Preto\/Preto - yithsu.com","og_description":"*Edi\u00e7\u00e3o limitada Caneleira The Windy x Joya Proline Microfibra leve da mais alta qualidade &#8211; Acolchoamento confort\u00e1vel na camada interna e mais duro na camada externa, comprimidos juntos para alta absor\u00e7\u00e3o de impactos. Velcro de alta qualidade para uso repetitivo &#8211; Costura dupla em todas as superf\u00edcies para garantir uma vida \u00fatil mais longa &#8211; [&hellip;]","og_url":"https:\/\/yithsu.com\/pt-br\/produto\/windy-x-joya-caneleira-proline-preto-preto\/","og_site_name":"yithsu.com","article_publisher":"https:\/\/www.facebook.com\/yithsusports","twitter_card":"summary_large_image","twitter_misc":{"Est. tempo de leitura":"1 minuto"},"schema":{"@context":"https:\/\/schema.org","@graph":[{"@type":"WebPage","@id":"https:\/\/yithsu.com\/pt-br\/produto\/windy-x-joya-caneleira-proline-preto-preto\/","url":"https:\/\/yithsu.com\/pt-br\/produto\/windy-x-joya-caneleira-proline-preto-preto\/","name":"Windy x Joya - Caneleira Proline - Preto\/Preto - yithsu.com","isPartOf":{"@id":"https:\/\/yithsu.com\/pt-br\/#website"},"primaryImageOfPage":{"@id":"https:\/\/yithsu.com\/pt-br\/produto\/windy-x-joya-caneleira-proline-preto-preto\/#primaryimage"},"image":{"@id":"https:\/\/yithsu.com\/pt-br\/produto\/windy-x-joya-caneleira-proline-preto-preto\/#primaryimage"},"thumbnailUrl":"https:\/\/yithsu.com\/wp-content\/uploads\/2025\/04\/WSG_JY_BLACK_BLACK.png","datePublished":"2025-04-04T13:11:29+00:00","breadcrumb":{"@id":"https:\/\/yithsu.com\/pt-br\/produto\/windy-x-joya-caneleira-proline-preto-preto\/#breadcrumb"},"inLanguage":"pt-BR","potentialAction":[{"@type":"ReadAction","target":["https:\/\/yithsu.com\/pt-br\/produto\/windy-x-joya-caneleira-proline-preto-preto\/"]}]},{"@type":"ImageObject","inLanguage":"pt-BR","@id":"https:\/\/yithsu.com\/pt-br\/produto\/windy-x-joya-caneleira-proline-preto-preto\/#primaryimage","url":"https:\/\/yithsu.com\/wp-content\/uploads\/2025\/04\/WSG_JY_BLACK_BLACK.png","contentUrl":"https:\/\/yithsu.com\/wp-content\/uploads\/2025\/04\/WSG_JY_BLACK_BLACK.png","width":1250,"height":1250},{"@type":"BreadcrumbList","@id":"https:\/\/yithsu.com\/pt-br\/produto\/windy-x-joya-caneleira-proline-preto-preto\/#breadcrumb","itemListElement":[{"@type":"ListItem","position":1,"name":"In\u00edcio","item":"https:\/\/yithsu.com\/pt-br\/"},{"@type":"ListItem","position":2,"name":"Loja","item":"https:\/\/yithsu.com\/pt-br\/loja\/"},{"@type":"ListItem","position":3,"name":"Windy x Joya &#8211; Caneleira Proline &#8211; Preto\/Preto"}]},{"@type":"WebSite","@id":"https:\/\/yithsu.com\/pt-br\/#website","url":"https:\/\/yithsu.com\/pt-br\/","name":"Yithsu Premium Fight Gear","description":"Premium Fight Gear","publisher":{"@id":"https:\/\/yithsu.com\/pt-br\/#organization"},"potentialAction":[{"@type":"SearchAction","target":{"@type":"EntryPoint","urlTemplate":"https:\/\/yithsu.com\/pt-br\/?s={search_term_string}"},"query-input":{"@type":"PropertyValueSpecification","valueRequired":true,"valueName":"search_term_string"}}],"inLanguage":"pt-BR"},{"@type":"Organization","@id":"https:\/\/yithsu.com\/pt-br\/#organization","name":"Yithsu Equipamento de Luta Premium","url":"https:\/\/yithsu.com\/pt-br\/","logo":{"@type":"ImageObject","inLanguage":"pt-BR","@id":"https:\/\/yithsu.com\/pt-br\/#\/schema\/logo\/image\/","url":"https:\/\/yithsu.com\/wp-content\/uploads\/2024\/04\/Yithsu_Logo-staand_Black.svg","contentUrl":"https:\/\/yithsu.com\/wp-content\/uploads\/2024\/04\/Yithsu_Logo-staand_Black.svg","width":"1024","height":"1024","caption":"Yithsu Equipamento de Luta Premium"},"image":{"@id":"https:\/\/yithsu.com\/pt-br\/#\/schema\/logo\/image\/"},"sameAs":["https:\/\/www.facebook.com\/yithsusports","https:\/\/www.instagram.com\/yithsusports"]}]}},"_links":{"self":[{"href":"https:\/\/yithsu.com\/pt-br\/wp-json\/wp\/v2\/product\/9807","targetHints":{"allow":["GET"]}}],"collection":[{"href":"https:\/\/yithsu.com\/pt-br\/wp-json\/wp\/v2\/product"}],"about":[{"href":"https:\/\/yithsu.com\/pt-br\/wp-json\/wp\/v2\/types\/product"}],"wp:featuredmedia":[{"embeddable":true,"href":"https:\/\/yithsu.com\/pt-br\/wp-json\/wp\/v2\/media\/9632"}],"wp:attachment":[{"href":"https:\/\/yithsu.com\/pt-br\/wp-json\/wp\/v2\/media?parent=9807"}],"wp:term":[{"taxonomy":"product_brand","embeddable":true,"href":"https:\/\/yithsu.com\/pt-br\/wp-json\/wp\/v2\/product_brand?post=9807"},{"taxonomy":"product_cat","embeddable":true,"href":"https:\/\/yithsu.com\/pt-br\/wp-json\/wp\/v2\/product_cat?post=9807"},{"taxonomy":"product_tag","embeddable":true,"href":"https:\/\/yithsu.com\/pt-br\/wp-json\/wp\/v2\/product_tag?post=9807"}],"curies":[{"name":"wp","href":"https:\/\/api.w.org\/{rel}","templated":true}]}}